{"id":9839,"date":"2024-10-24T14:34:44","date_gmt":"2024-10-24T11:34:44","guid":{"rendered":"https:\/\/valika.eu\/?post_type=product&#038;p=9839"},"modified":"2026-04-28T18:58:00","modified_gmt":"2026-04-28T15:58:00","slug":"palu-top-coat-crystal-no-wipe-11g","status":"publish","type":"product","link":"https:\/\/valika.eu\/fi\/toode\/palu-top-coat-crystal-no-wipe-11g\/","title":{"rendered":"TOP COAT CRYSTAL NO WIPE\/ 11G PALU"},"content":{"rendered":"<p>Palu Top Crystal on erityisesti suositeltava tummille lakoille, koska se tuo v\u00e4reihin syvyytt\u00e4. Tuote antaa tyylille intensiivisen kiillon ja auttaa samalla lyhent\u00e4m\u00e4\u00e4n sen valmistusaikaa, sill\u00e4 se ei vaadi inhibiittikerroksen poistamista. Koostumus takaa kest\u00e4vyyden, naarmuuntumattomuuden ja kellastumisen suojan, sek\u00e4 houkuttelevan &#8220;m\u00e4r\u00e4t kynnet&#8221; -efektin.<\/p>\n<p>intensiivinen kiilto<br \/>\nohut koostumus<br \/>\nv\u00e4ri: l\u00e4pin\u00e4kyv\u00e4<br \/>\nkest\u00e4vyys jopa 3 viikkoa<br \/>\nturvallinen k\u00e4sille ja kynsille<br \/>\ntuote on tarkoitettu ammattilaisk\u00e4ytt\u00f6\u00f6n<br \/>\ntilavuus: 11 g<\/p>","protected":false},"excerpt":{"rendered":"<p>ei vaadi tahmean kerroksen poistamista<br \/>\nintensiivinen kiilto<br \/>\nohut koostumus<br \/>\nv\u00e4ri: l\u00e4pin\u00e4kyv\u00e4<br \/>\nkest\u00e4vyys jopa 3 viikkoa<br \/>\nturvallinen k\u00e4sille ja kynsille<br \/>\ntuote on tarkoitettu ammattilaisk\u00e4ytt\u00f6\u00f6n<br \/>\ntilavuus: 11 g<\/p>\n","protected":false},"featured_media":9840,"template":"","meta":[],"product_brand":[],"product_cat":[650,651],"product_tag":[],"class_list":{"0":"post-9839","1":"product","2":"type-product","3":"status-publish","4":"has-post-thumbnail","6":"product_cat-palu-pealisgeelid","7":"product_cat-pealisgeelid","9":"first","10":"instock","11":"taxable","12":"shipping-taxable","13":"purchasable","14":"product-type-simple"},"yoast_head":"<!-- This site is optimized with the Yoast SEO plugin v24.4 - https:\/\/yoast.com\/wordpress\/plugins\/seo\/ -->\n<title>TOP COAT CRYSTAL NO WIPE\/ 11G PALU | Valika<\/title>\n<meta name=\"robots\" content=\"index, follow, max-snippet:-1, max-image-preview:large, max-video-preview:-1\" \/>\n<link rel=\"canonical\" href=\"https:\/\/valika.eu\/fi\/toode\/palu-top-coat-crystal-no-wipe-11g\/\" \/>\n<meta property=\"og:locale\" content=\"fi_FI\" \/>\n<meta property=\"og:type\" content=\"article\" \/>\n<meta property=\"og:title\" content=\"TOP COAT CRYSTAL NO WIPE\/ 11G PALU | Valika\" \/>\n<meta property=\"og:description\" content=\"ei vaadi tahmean kerroksen poistamista intensiivinen kiilto ohut koostumus v\u00e4ri: l\u00e4pin\u00e4kyv\u00e4 kest\u00e4vyys jopa 3 viikkoa turvallinen k\u00e4sille ja kynsille tuote on tarkoitettu ammattilaisk\u00e4ytt\u00f6\u00f6n tilavuus: 11 g\" \/>\n<meta property=\"og:url\" content=\"https:\/\/valika.eu\/fi\/toode\/palu-top-coat-crystal-no-wipe-11g\/\" \/>\n<meta property=\"og:site_name\" content=\"Valika\" \/>\n<meta property=\"article:publisher\" content=\"https:\/\/www.facebook.com\/tipsi.net\" \/>\n<meta property=\"article:modified_time\" content=\"2026-04-28T15:58:00+00:00\" \/>\n<meta property=\"og:image\" content=\"https:\/\/valika.eu\/wp-content\/uploads\/2024\/10\/Palu_CRYSTAL_TOP_COAT.jpg\" \/>\n\t<meta property=\"og:image:width\" content=\"1500\" \/>\n\t<meta property=\"og:image:height\" content=\"1500\" \/>\n\t<meta property=\"og:image:type\" content=\"image\/jpeg\" \/>\n<meta name=\"twitter:card\" content=\"summary_large_image\" \/>\n<script type=\"application\/ld+json\" class=\"yoast-schema-graph\">{\"@context\":\"https:\/\/schema.org\",\"@graph\":[{\"@type\":\"WebPage\",\"@id\":\"https:\/\/valika.eu\/fi\/toode\/palu-top-coat-crystal-no-wipe-11g\/\",\"url\":\"https:\/\/valika.eu\/fi\/toode\/palu-top-coat-crystal-no-wipe-11g\/\",\"name\":\"TOP COAT CRYSTAL NO WIPE\/ 11G PALU | Valika\",\"isPartOf\":{\"@id\":\"https:\/\/valika.eu\/fi\/#website\"},\"primaryImageOfPage\":{\"@id\":\"https:\/\/valika.eu\/fi\/toode\/palu-top-coat-crystal-no-wipe-11g\/#primaryimage\"},\"image\":{\"@id\":\"https:\/\/valika.eu\/toode\/palu-top-coat-crystal-no-wipe-11g\/#primaryimage\"},\"thumbnailUrl\":\"https:\/\/valika.eu\/wp-content\/uploads\/2024\/10\/Palu_CRYSTAL_TOP_COAT.jpg\",\"datePublished\":\"2024-10-24T11:34:44+00:00\",\"dateModified\":\"2026-04-28T15:58:00+00:00\",\"breadcrumb\":{\"@id\":\"https:\/\/valika.eu\/fi\/toode\/palu-top-coat-crystal-no-wipe-11g\/#breadcrumb\"},\"inLanguage\":\"fi\",\"potentialAction\":[{\"@type\":\"ReadAction\",\"target\":[[\"https:\/\/valika.eu\/fi\/toode\/palu-top-coat-crystal-no-wipe-11g\/\"]]}]},{\"@type\":\"ImageObject\",\"inLanguage\":\"fi\",\"@id\":\"https:\/\/valika.eu\/fi\/toode\/palu-top-coat-crystal-no-wipe-11g\/#primaryimage\",\"url\":\"https:\/\/valika.eu\/wp-content\/uploads\/2024\/10\/Palu_CRYSTAL_TOP_COAT.jpg\",\"contentUrl\":\"https:\/\/valika.eu\/wp-content\/uploads\/2024\/10\/Palu_CRYSTAL_TOP_COAT.jpg\",\"width\":1500,\"height\":1500},{\"@type\":\"BreadcrumbList\",\"@id\":\"https:\/\/valika.eu\/fi\/toode\/palu-top-coat-crystal-no-wipe-11g\/#breadcrumb\",\"itemListElement\":[{\"@type\":\"ListItem\",\"position\":1,\"name\":\"Koti\",\"item\":\"https:\/\/valika.eu\/fi\/\"},{\"@type\":\"ListItem\",\"position\":2,\"name\":\"Shop\",\"item\":\"https:\/\/valika.eu\/fi\/\"},{\"@type\":\"ListItem\",\"position\":3,\"name\":\"TOP COAT CRYSTAL NO WIPE\/ 11G PALU \u0422\u041e\u041f \u0413\u041b\u042f\u041d\u0415\u0426\"}]},{\"@type\":\"WebSite\",\"@id\":\"https:\/\/valika.eu\/fi\/#website\",\"url\":\"https:\/\/valika.eu\/fi\/\",\"name\":\"Valika.eu\",\"description\":\"Salonkituotteet ja kauneudenhoitotuotteet - Valika tarjoaa laajan valikoiman tuotteita ja tarvikkeita kynsiteknikoille, kauneushoitoloille, kampaamoille ja kampaamoille.\",\"publisher\":{\"@id\":\"https:\/\/valika.eu\/fi\/#organization\"},\"alternateName\":\"Valika\",\"potentialAction\":[{\"@type\":\"SearchAction\",\"target\":{\"@type\":\"EntryPoint\",\"urlTemplate\":\"https:\/\/valika.eu\/fi\/?s={search_term_string}\"},\"query-input\":{\"@type\":\"PropertyValueSpecification\",\"valueRequired\":true,\"valueName\":\"search_term_string\"}}],\"inLanguage\":\"fi\"},{\"@type\":\"Organization\",\"@id\":\"https:\/\/valika.eu\/fi\/#organization\",\"name\":\"Salongitoode O\u00dc\",\"alternateName\":\"Valika\",\"url\":\"https:\/\/valika.eu\/fi\/\",\"logo\":{\"@type\":\"ImageObject\",\"inLanguage\":\"fi\",\"@id\":\"https:\/\/valika.eu\/fi\/#\/schema\/logo\/image\/\",\"url\":\"https:\/\/valika.eu\/wp-content\/uploads\/2023\/11\/logo2-valika-footer.png\",\"contentUrl\":\"https:\/\/valika.eu\/wp-content\/uploads\/2023\/11\/logo2-valika-footer.png\",\"width\":200,\"height\":129,\"caption\":\"Salongitoode O\u00dc\"},\"image\":{\"@id\":\"https:\/\/valika.eu\/fi\/#\/schema\/logo\/image\/\"},\"sameAs\":[\"https:\/\/www.facebook.com\/tipsi.net\"]}]}<\/script>\n<!-- \/ Yoast SEO plugin. -->","yoast_head_json":{"title":"TOP COAT CRYSTAL NO WIPE\/ 11G PALU | Valika","robots":{"index":"index","follow":"follow","max-snippet":"max-snippet:-1","max-image-preview":"max-image-preview:large","max-video-preview":"max-video-preview:-1"},"canonical":"https:\/\/valika.eu\/fi\/toode\/palu-top-coat-crystal-no-wipe-11g\/","og_locale":"fi_FI","og_type":"article","og_title":"TOP COAT CRYSTAL NO WIPE\/ 11G PALU | Valika","og_description":"ei vaadi tahmean kerroksen poistamista intensiivinen kiilto ohut koostumus v\u00e4ri: l\u00e4pin\u00e4kyv\u00e4 kest\u00e4vyys jopa 3 viikkoa turvallinen k\u00e4sille ja kynsille tuote on tarkoitettu ammattilaisk\u00e4ytt\u00f6\u00f6n tilavuus: 11 g","og_url":"https:\/\/valika.eu\/fi\/toode\/palu-top-coat-crystal-no-wipe-11g\/","og_site_name":"Valika","article_publisher":"https:\/\/www.facebook.com\/tipsi.net","article_modified_time":"2026-04-28T15:58:00+00:00","og_image":[{"width":1500,"height":1500,"url":"https:\/\/valika.eu\/wp-content\/uploads\/2024\/10\/Palu_CRYSTAL_TOP_COAT.jpg","type":"image\/jpeg"}],"twitter_card":"summary_large_image","schema":{"@context":"https:\/\/schema.org","@graph":[{"@type":"WebPage","@id":"https:\/\/valika.eu\/fi\/toode\/palu-top-coat-crystal-no-wipe-11g\/","url":"https:\/\/valika.eu\/fi\/toode\/palu-top-coat-crystal-no-wipe-11g\/","name":"TOP COAT CRYSTAL NO WIPE\/ 11G PALU | Valika","isPartOf":{"@id":"https:\/\/valika.eu\/fi\/#website"},"primaryImageOfPage":{"@id":"https:\/\/valika.eu\/fi\/toode\/palu-top-coat-crystal-no-wipe-11g\/#primaryimage"},"image":{"@id":"https:\/\/valika.eu\/toode\/palu-top-coat-crystal-no-wipe-11g\/#primaryimage"},"thumbnailUrl":"https:\/\/valika.eu\/wp-content\/uploads\/2024\/10\/Palu_CRYSTAL_TOP_COAT.jpg","datePublished":"2024-10-24T11:34:44+00:00","dateModified":"2026-04-28T15:58:00+00:00","breadcrumb":{"@id":"https:\/\/valika.eu\/fi\/toode\/palu-top-coat-crystal-no-wipe-11g\/#breadcrumb"},"inLanguage":"fi","potentialAction":[{"@type":"ReadAction","target":[["https:\/\/valika.eu\/fi\/toode\/palu-top-coat-crystal-no-wipe-11g\/"]]}]},{"@type":"ImageObject","inLanguage":"fi","@id":"https:\/\/valika.eu\/fi\/toode\/palu-top-coat-crystal-no-wipe-11g\/#primaryimage","url":"https:\/\/valika.eu\/wp-content\/uploads\/2024\/10\/Palu_CRYSTAL_TOP_COAT.jpg","contentUrl":"https:\/\/valika.eu\/wp-content\/uploads\/2024\/10\/Palu_CRYSTAL_TOP_COAT.jpg","width":1500,"height":1500},{"@type":"BreadcrumbList","@id":"https:\/\/valika.eu\/fi\/toode\/palu-top-coat-crystal-no-wipe-11g\/#breadcrumb","itemListElement":[{"@type":"ListItem","position":1,"name":"Koti","item":"https:\/\/valika.eu\/fi\/"},{"@type":"ListItem","position":2,"name":"Shop","item":"https:\/\/valika.eu\/fi\/"},{"@type":"ListItem","position":3,"name":"TOP COAT CRYSTAL NO WIPE\/ 11G PALU \u0422\u041e\u041f \u0413\u041b\u042f\u041d\u0415\u0426"}]},{"@type":"WebSite","@id":"https:\/\/valika.eu\/fi\/#website","url":"https:\/\/valika.eu\/fi\/","name":"Valika.eu","description":"Salonkituotteet ja kauneudenhoitotuotteet - Valika tarjoaa laajan valikoiman tuotteita ja tarvikkeita kynsiteknikoille, kauneushoitoloille, kampaamoille ja kampaamoille.","publisher":{"@id":"https:\/\/valika.eu\/fi\/#organization"},"alternateName":"Valika","potentialAction":[{"@type":"SearchAction","target":{"@type":"EntryPoint","urlTemplate":"https:\/\/valika.eu\/fi\/?s={search_term_string}"},"query-input":{"@type":"PropertyValueSpecification","valueRequired":true,"valueName":"search_term_string"}}],"inLanguage":"fi"},{"@type":"Organization","@id":"https:\/\/valika.eu\/fi\/#organization","name":"Salongitoode O\u00dc","alternateName":"Valika","url":"https:\/\/valika.eu\/fi\/","logo":{"@type":"ImageObject","inLanguage":"fi","@id":"https:\/\/valika.eu\/fi\/#\/schema\/logo\/image\/","url":"https:\/\/valika.eu\/wp-content\/uploads\/2023\/11\/logo2-valika-footer.png","contentUrl":"https:\/\/valika.eu\/wp-content\/uploads\/2023\/11\/logo2-valika-footer.png","width":200,"height":129,"caption":"Salongitoode O\u00dc"},"image":{"@id":"https:\/\/valika.eu\/fi\/#\/schema\/logo\/image\/"},"sameAs":["https:\/\/www.facebook.com\/tipsi.net"]}]}},"jetpack_sharing_enabled":true,"_links":{"self":[{"href":"https:\/\/valika.eu\/fi\/wp-json\/wp\/v2\/product\/9839","targetHints":{"allow":["GET"]}}],"collection":[{"href":"https:\/\/valika.eu\/fi\/wp-json\/wp\/v2\/product"}],"about":[{"href":"https:\/\/valika.eu\/fi\/wp-json\/wp\/v2\/types\/product"}],"wp:featuredmedia":[{"embeddable":true,"href":"https:\/\/valika.eu\/fi\/wp-json\/wp\/v2\/media\/9840"}],"wp:attachment":[{"href":"https:\/\/valika.eu\/fi\/wp-json\/wp\/v2\/media?parent=9839"}],"wp:term":[{"taxonomy":"product_brand","embeddable":true,"href":"https:\/\/valika.eu\/fi\/wp-json\/wp\/v2\/product_brand?post=9839"},{"taxonomy":"product_cat","embeddable":true,"href":"https:\/\/valika.eu\/fi\/wp-json\/wp\/v2\/product_cat?post=9839"},{"taxonomy":"product_tag","embeddable":true,"href":"https:\/\/valika.eu\/fi\/wp-json\/wp\/v2\/product_tag?post=9839"}],"curies":[{"name":"wp","href":"https:\/\/api.w.org\/{rel}","templated":true}]}}