{"id":9874,"date":"2024-10-25T10:39:37","date_gmt":"2024-10-25T07:39:37","guid":{"rendered":"https:\/\/valika.eu\/?post_type=product&#038;p=9874"},"modified":"2025-07-02T05:03:25","modified_gmt":"2025-07-02T02:03:25","slug":"sunuv-sun-4s-uv-led","status":"publish","type":"product","link":"https:\/\/valika.eu\/fi\/toode\/sunuv-sun-4s-uv-led\/","title":{"rendered":"SUNUV \u2013 SUN 4S UV\/LED-kynsiuuni"},"content":{"rendered":"<p>SUN 4S plus Alkuper\u00e4inen tuote. \u2013 moderni lamppu manikyyriin ja pedikyyriin. Se kuivaa kaiken tyyppiset geelilakka- ja pidennysgeelit, mukaan lukien biogeelit ja geelipohjaiset materiaalit.<\/p>\n<p>Teho 48 wattia 36 diodilla, mik\u00e4 varmistaa materiaalin luotettavan ja t\u00e4ydellisen polymeroinnin kaikilta puolilta. Robotin UV\/LED-diodit ovat ihmisiholle turvallisia.<\/p>\n<p>Alkuper\u00e4isess\u00e4 SUN 4S -lampussa on Smart 2.0 -j\u00e4rjestelm\u00e4, joka suojaa sit\u00e4 ylikuumenemiselta, mik\u00e4 pident\u00e4\u00e4 merkitt\u00e4v\u00e4sti sen k\u00e4ytt\u00f6ik\u00e4\u00e4.<\/p>\n<p>\u00c4lykk\u00e4\u00e4ss\u00e4 ajastimessa on aikamuistitoiminto ja k\u00e4tev\u00e4t tilat: 10, 30, 60 ja 99 sekuntia. K\u00e4ytt\u00f6mukavuuden parantamiseksi se on varustettu liiketunnistimella, joka k\u00e4ynnistyy automaattisesti heti, kun laitat k\u00e4tesi lamppuun. Se voi toimia my\u00f6s pienennetyss\u00e4 tehotilassa 24 watin teholla. 99 sekunnin tila Irrotettava pohja, sitkeill\u00e4 magneeteilla, jotka kiinnitt\u00e4v\u00e4t sen turvallisesti, mutta tarvittaessa pohja voidaan helposti irrottaa yhdell\u00e4 liikkeell\u00e4.<\/p>\n<p>SUN 4S -valaisimessa on hieno muotoilu, jonka ansiosta se n\u00e4ytt\u00e4\u00e4 hyv\u00e4lt\u00e4 salongissa mestarin p\u00f6yd\u00e4ll\u00e4. Kotelo ja LEDit on valmistettu korkealaatuisista materiaaleista, mik\u00e4 takaa luotettavan ja kest\u00e4v\u00e4n toiminnan.<\/p>\n<p>SUN 4S -lampun t\u00e4rkeimm\u00e4t ominaisuudet:<\/p>\n<p>Suuri teho 48W;<br \/>\nylikuumenemissuoja;<br \/>\nKosketa anturi;<br \/>\nKirkas ja selke\u00e4 n\u00e4ytt\u00f6;<br \/>\nPohja poistetaan;<br \/>\nTurvallinen ja kest\u00e4v\u00e4;<br \/>\nAlkuper\u00e4inen SUNUV.<\/p>","protected":false},"excerpt":{"rendered":"<p>UV-s\u00e4teilyn, jonka aallonpituus on 365 nm, ja LED-s\u00e4teilyn, jonka aallonpituus on 405 nm, ansiosta SUN 4S varmistaa erilaisten geelien ja geelilakkojen t\u00e4ydellisen polymeroinnin.n.<\/p>\n","protected":false},"featured_media":9879,"template":"","meta":[],"product_brand":[],"product_cat":[21],"product_tag":[],"class_list":{"0":"post-9874","1":"product","2":"type-product","3":"status-publish","4":"has-post-thumbnail","6":"product_cat-led-uv-lambid","8":"first","9":"outofstock","10":"taxable","11":"shipping-taxable","12":"purchasable","13":"product-type-simple"},"yoast_head":"<!-- This site is optimized with the Yoast SEO plugin v24.4 - https:\/\/yoast.com\/wordpress\/plugins\/seo\/ -->\n<title>SUNUV \u2013 SUN 4S UV\/LED-kynsiuuni | Valika<\/title>\n<meta name=\"robots\" content=\"index, follow, max-snippet:-1, max-image-preview:large, max-video-preview:-1\" \/>\n<link rel=\"canonical\" href=\"https:\/\/valika.eu\/fi\/toode\/sunuv-sun-4s-uv-led\/\" \/>\n<meta property=\"og:locale\" content=\"fi_FI\" \/>\n<meta property=\"og:type\" content=\"article\" \/>\n<meta property=\"og:title\" content=\"SUNUV \u2013 SUN 4S UV\/LED-kynsiuuni | Valika\" \/>\n<meta property=\"og:description\" content=\"UV-s\u00e4teilyn, jonka aallonpituus on 365 nm, ja LED-s\u00e4teilyn, jonka aallonpituus on 405 nm, ansiosta SUN 4S varmistaa erilaisten geelien ja geelilakkojen t\u00e4ydellisen polymeroinnin.n.\" \/>\n<meta property=\"og:url\" content=\"https:\/\/valika.eu\/fi\/toode\/sunuv-sun-4s-uv-led\/\" \/>\n<meta property=\"og:site_name\" content=\"Valika\" \/>\n<meta property=\"article:publisher\" content=\"https:\/\/www.facebook.com\/tipsi.net\" \/>\n<meta property=\"article:modified_time\" content=\"2025-07-02T02:03:25+00:00\" \/>\n<meta property=\"og:image\" content=\"https:\/\/valika.eu\/wp-content\/uploads\/2024\/10\/SUN4S_KUUNELAMP.webp\" \/>\n\t<meta property=\"og:image:width\" content=\"700\" \/>\n\t<meta property=\"og:image:height\" content=\"700\" \/>\n\t<meta property=\"og:image:type\" content=\"image\/webp\" \/>\n<meta name=\"twitter:card\" content=\"summary_large_image\" \/>\n<script type=\"application\/ld+json\" class=\"yoast-schema-graph\">{\"@context\":\"https:\/\/schema.org\",\"@graph\":[{\"@type\":\"WebPage\",\"@id\":\"https:\/\/valika.eu\/fi\/toode\/sunuv-sun-4s-uv-led\/\",\"url\":\"https:\/\/valika.eu\/fi\/toode\/sunuv-sun-4s-uv-led\/\",\"name\":\"SUNUV \u2013 SUN 4S UV\/LED-kynsiuuni | Valika\",\"isPartOf\":{\"@id\":\"https:\/\/valika.eu\/fi\/#website\"},\"primaryImageOfPage\":{\"@id\":\"https:\/\/valika.eu\/fi\/toode\/sunuv-sun-4s-uv-led\/#primaryimage\"},\"image\":{\"@id\":\"https:\/\/valika.eu\/toode\/sunuv-sun-4s-uv-led\/#primaryimage\"},\"thumbnailUrl\":\"https:\/\/valika.eu\/wp-content\/uploads\/2024\/10\/SUN4S_KUUNELAMP.webp\",\"datePublished\":\"2024-10-25T07:39:37+00:00\",\"dateModified\":\"2025-07-02T02:03:25+00:00\",\"breadcrumb\":{\"@id\":\"https:\/\/valika.eu\/fi\/toode\/sunuv-sun-4s-uv-led\/#breadcrumb\"},\"inLanguage\":\"fi\",\"potentialAction\":[{\"@type\":\"ReadAction\",\"target\":[[\"https:\/\/valika.eu\/fi\/toode\/sunuv-sun-4s-uv-led\/\"]]}]},{\"@type\":\"ImageObject\",\"inLanguage\":\"fi\",\"@id\":\"https:\/\/valika.eu\/fi\/toode\/sunuv-sun-4s-uv-led\/#primaryimage\",\"url\":\"https:\/\/valika.eu\/wp-content\/uploads\/2024\/10\/SUN4S_KUUNELAMP.webp\",\"contentUrl\":\"https:\/\/valika.eu\/wp-content\/uploads\/2024\/10\/SUN4S_KUUNELAMP.webp\",\"width\":700,\"height\":700},{\"@type\":\"BreadcrumbList\",\"@id\":\"https:\/\/valika.eu\/fi\/toode\/sunuv-sun-4s-uv-led\/#breadcrumb\",\"itemListElement\":[{\"@type\":\"ListItem\",\"position\":1,\"name\":\"Koti\",\"item\":\"https:\/\/valika.eu\/fi\/\"},{\"@type\":\"ListItem\",\"position\":2,\"name\":\"Shop\",\"item\":\"https:\/\/valika.eu\/fi\/\"},{\"@type\":\"ListItem\",\"position\":3,\"name\":\"SUNUV \u2013 SUN 4S UV\/LED Lamp\"}]},{\"@type\":\"WebSite\",\"@id\":\"https:\/\/valika.eu\/fi\/#website\",\"url\":\"https:\/\/valika.eu\/fi\/\",\"name\":\"Valika.eu\",\"description\":\"Salonkituotteet ja kauneudenhoitotuotteet - Valika tarjoaa laajan valikoiman tuotteita ja tarvikkeita kynsiteknikoille, kauneushoitoloille, kampaamoille ja kampaamoille.\",\"publisher\":{\"@id\":\"https:\/\/valika.eu\/fi\/#organization\"},\"alternateName\":\"Valika\",\"potentialAction\":[{\"@type\":\"SearchAction\",\"target\":{\"@type\":\"EntryPoint\",\"urlTemplate\":\"https:\/\/valika.eu\/fi\/?s={search_term_string}\"},\"query-input\":{\"@type\":\"PropertyValueSpecification\",\"valueRequired\":true,\"valueName\":\"search_term_string\"}}],\"inLanguage\":\"fi\"},{\"@type\":\"Organization\",\"@id\":\"https:\/\/valika.eu\/fi\/#organization\",\"name\":\"Salongitoode O\u00dc\",\"alternateName\":\"Valika\",\"url\":\"https:\/\/valika.eu\/fi\/\",\"logo\":{\"@type\":\"ImageObject\",\"inLanguage\":\"fi\",\"@id\":\"https:\/\/valika.eu\/fi\/#\/schema\/logo\/image\/\",\"url\":\"https:\/\/valika.eu\/wp-content\/uploads\/2023\/11\/logo2-valika-footer.png\",\"contentUrl\":\"https:\/\/valika.eu\/wp-content\/uploads\/2023\/11\/logo2-valika-footer.png\",\"width\":200,\"height\":129,\"caption\":\"Salongitoode O\u00dc\"},\"image\":{\"@id\":\"https:\/\/valika.eu\/fi\/#\/schema\/logo\/image\/\"},\"sameAs\":[\"https:\/\/www.facebook.com\/tipsi.net\"]}]}<\/script>\n<!-- \/ Yoast SEO plugin. -->","yoast_head_json":{"title":"SUNUV \u2013 SUN 4S UV\/LED-kynsiuuni | Valika","robots":{"index":"index","follow":"follow","max-snippet":"max-snippet:-1","max-image-preview":"max-image-preview:large","max-video-preview":"max-video-preview:-1"},"canonical":"https:\/\/valika.eu\/fi\/toode\/sunuv-sun-4s-uv-led\/","og_locale":"fi_FI","og_type":"article","og_title":"SUNUV \u2013 SUN 4S UV\/LED-kynsiuuni | Valika","og_description":"UV-s\u00e4teilyn, jonka aallonpituus on 365 nm, ja LED-s\u00e4teilyn, jonka aallonpituus on 405 nm, ansiosta SUN 4S varmistaa erilaisten geelien ja geelilakkojen t\u00e4ydellisen polymeroinnin.n.","og_url":"https:\/\/valika.eu\/fi\/toode\/sunuv-sun-4s-uv-led\/","og_site_name":"Valika","article_publisher":"https:\/\/www.facebook.com\/tipsi.net","article_modified_time":"2025-07-02T02:03:25+00:00","og_image":[{"width":700,"height":700,"url":"https:\/\/valika.eu\/wp-content\/uploads\/2024\/10\/SUN4S_KUUNELAMP.webp","type":"image\/webp"}],"twitter_card":"summary_large_image","schema":{"@context":"https:\/\/schema.org","@graph":[{"@type":"WebPage","@id":"https:\/\/valika.eu\/fi\/toode\/sunuv-sun-4s-uv-led\/","url":"https:\/\/valika.eu\/fi\/toode\/sunuv-sun-4s-uv-led\/","name":"SUNUV \u2013 SUN 4S UV\/LED-kynsiuuni | Valika","isPartOf":{"@id":"https:\/\/valika.eu\/fi\/#website"},"primaryImageOfPage":{"@id":"https:\/\/valika.eu\/fi\/toode\/sunuv-sun-4s-uv-led\/#primaryimage"},"image":{"@id":"https:\/\/valika.eu\/toode\/sunuv-sun-4s-uv-led\/#primaryimage"},"thumbnailUrl":"https:\/\/valika.eu\/wp-content\/uploads\/2024\/10\/SUN4S_KUUNELAMP.webp","datePublished":"2024-10-25T07:39:37+00:00","dateModified":"2025-07-02T02:03:25+00:00","breadcrumb":{"@id":"https:\/\/valika.eu\/fi\/toode\/sunuv-sun-4s-uv-led\/#breadcrumb"},"inLanguage":"fi","potentialAction":[{"@type":"ReadAction","target":[["https:\/\/valika.eu\/fi\/toode\/sunuv-sun-4s-uv-led\/"]]}]},{"@type":"ImageObject","inLanguage":"fi","@id":"https:\/\/valika.eu\/fi\/toode\/sunuv-sun-4s-uv-led\/#primaryimage","url":"https:\/\/valika.eu\/wp-content\/uploads\/2024\/10\/SUN4S_KUUNELAMP.webp","contentUrl":"https:\/\/valika.eu\/wp-content\/uploads\/2024\/10\/SUN4S_KUUNELAMP.webp","width":700,"height":700},{"@type":"BreadcrumbList","@id":"https:\/\/valika.eu\/fi\/toode\/sunuv-sun-4s-uv-led\/#breadcrumb","itemListElement":[{"@type":"ListItem","position":1,"name":"Koti","item":"https:\/\/valika.eu\/fi\/"},{"@type":"ListItem","position":2,"name":"Shop","item":"https:\/\/valika.eu\/fi\/"},{"@type":"ListItem","position":3,"name":"SUNUV \u2013 SUN 4S UV\/LED Lamp"}]},{"@type":"WebSite","@id":"https:\/\/valika.eu\/fi\/#website","url":"https:\/\/valika.eu\/fi\/","name":"Valika.eu","description":"Salonkituotteet ja kauneudenhoitotuotteet - Valika tarjoaa laajan valikoiman tuotteita ja tarvikkeita kynsiteknikoille, kauneushoitoloille, kampaamoille ja kampaamoille.","publisher":{"@id":"https:\/\/valika.eu\/fi\/#organization"},"alternateName":"Valika","potentialAction":[{"@type":"SearchAction","target":{"@type":"EntryPoint","urlTemplate":"https:\/\/valika.eu\/fi\/?s={search_term_string}"},"query-input":{"@type":"PropertyValueSpecification","valueRequired":true,"valueName":"search_term_string"}}],"inLanguage":"fi"},{"@type":"Organization","@id":"https:\/\/valika.eu\/fi\/#organization","name":"Salongitoode O\u00dc","alternateName":"Valika","url":"https:\/\/valika.eu\/fi\/","logo":{"@type":"ImageObject","inLanguage":"fi","@id":"https:\/\/valika.eu\/fi\/#\/schema\/logo\/image\/","url":"https:\/\/valika.eu\/wp-content\/uploads\/2023\/11\/logo2-valika-footer.png","contentUrl":"https:\/\/valika.eu\/wp-content\/uploads\/2023\/11\/logo2-valika-footer.png","width":200,"height":129,"caption":"Salongitoode O\u00dc"},"image":{"@id":"https:\/\/valika.eu\/fi\/#\/schema\/logo\/image\/"},"sameAs":["https:\/\/www.facebook.com\/tipsi.net"]}]}},"jetpack_sharing_enabled":true,"_links":{"self":[{"href":"https:\/\/valika.eu\/fi\/wp-json\/wp\/v2\/product\/9874","targetHints":{"allow":["GET"]}}],"collection":[{"href":"https:\/\/valika.eu\/fi\/wp-json\/wp\/v2\/product"}],"about":[{"href":"https:\/\/valika.eu\/fi\/wp-json\/wp\/v2\/types\/product"}],"wp:featuredmedia":[{"embeddable":true,"href":"https:\/\/valika.eu\/fi\/wp-json\/wp\/v2\/media\/9879"}],"wp:attachment":[{"href":"https:\/\/valika.eu\/fi\/wp-json\/wp\/v2\/media?parent=9874"}],"wp:term":[{"taxonomy":"product_brand","embeddable":true,"href":"https:\/\/valika.eu\/fi\/wp-json\/wp\/v2\/product_brand?post=9874"},{"taxonomy":"product_cat","embeddable":true,"href":"https:\/\/valika.eu\/fi\/wp-json\/wp\/v2\/product_cat?post=9874"},{"taxonomy":"product_tag","embeddable":true,"href":"https:\/\/valika.eu\/fi\/wp-json\/wp\/v2\/product_tag?post=9874"}],"curies":[{"name":"wp","href":"https:\/\/api.w.org\/{rel}","templated":true}]}}