{"id":9919,"date":"2024-10-25T14:25:10","date_gmt":"2024-10-25T11:25:10","guid":{"rendered":"https:\/\/valika.eu\/?post_type=product&#038;p=9919"},"modified":"2026-01-06T20:35:49","modified_gmt":"2026-01-06T18:35:49","slug":"lauapealne-tolmukoguja-metall-lai-65w","status":"publish","type":"product","link":"https:\/\/valika.eu\/fi\/toode\/lauapealne-tolmukoguja-metall-lai-65w\/","title":{"rendered":"Kynsi imuri metalli leve\u00e4 65w"},"content":{"rendered":"<p>P\u00f6lynker\u00e4\u00e4j\u00e4 on suunniteltu ker\u00e4\u00e4m\u00e4\u00e4n p\u00f6ly\u00e4, joka syntyy omien ja tekokynsien ja ihon k\u00e4sittelyss\u00e4.<\/p>\n<p>Runko on valmistettu metallista. Se on my\u00f6s tuki asiakkaan k\u00e4sille. Yl\u00e4pinta on pest\u00e4v\u00e4 vedell\u00e4 tai geelipuhdistusaineella. P\u00f6lynker\u00e4\u00e4j\u00e4n mukana tulee mikrofleece-p\u00f6lypussit &#8211; 1 kpl. Erityiset suuremmat p\u00f6lypussit sopivat t\u00e4h\u00e4n malliin. P\u00f6lynimuri on varustettu tehokkaalla 65w. ja hiljainen moottori.<\/p>\n<p>Max Safe -s\u00e4leikk\u00f6 suojaa tuulettimen lapoja lastuilta ja muilta vierailta esineilt\u00e4. P\u00f6lynimuri on ilman nopeudens\u00e4\u00e4dint\u00e4.<br \/>\nVaikka p\u00f6lypussi puhdistettaisiin p\u00e4ivitt\u00e4in, sen kapasiteetti ja l\u00e4p\u00e4isevyys heikkenev\u00e4t ajan my\u00f6t\u00e4.<br \/>\nJos huomaat tehon heikkenemisen tai jos p\u00f6ly\u00e4 alkaa puhaltaa ulos, sinun on vaihdettava p\u00f6lypussi.<br \/>\nOsta jatkossa p\u00f6lypussit erikseen meilt\u00e4 tai muualta.<br \/>\nMitat: syvyys 33,5 cm ja leveys 28,5 cm ja korkeus 16 cm<\/p>","protected":false},"excerpt":{"rendered":"<p>Kynsi imuri on ilman nopeudens\u00e4\u00e4dint\u00e4.<\/p>\n","protected":false},"featured_media":9920,"template":"","meta":[],"product_brand":[],"product_cat":[652],"product_tag":[],"class_list":{"0":"post-9919","1":"product","2":"type-product","3":"status-publish","4":"has-post-thumbnail","6":"product_cat-tolmukoguja","8":"first","9":"instock","10":"taxable","11":"shipping-taxable","12":"purchasable","13":"product-type-simple"},"yoast_head":"<!-- This site is optimized with the Yoast SEO plugin v24.4 - https:\/\/yoast.com\/wordpress\/plugins\/seo\/ -->\n<title>Kynsi imuri metalli leve\u00e4 65w | Valika<\/title>\n<meta name=\"robots\" content=\"index, follow, max-snippet:-1, max-image-preview:large, max-video-preview:-1\" \/>\n<link rel=\"canonical\" href=\"https:\/\/valika.eu\/fi\/toode\/lauapealne-tolmukoguja-metall-lai-65w\/\" \/>\n<meta property=\"og:locale\" content=\"fi_FI\" \/>\n<meta property=\"og:type\" content=\"article\" \/>\n<meta property=\"og:title\" content=\"Kynsi imuri metalli leve\u00e4 65w | Valika\" \/>\n<meta property=\"og:description\" content=\"Kynsi imuri on ilman nopeudens\u00e4\u00e4dint\u00e4.\" \/>\n<meta property=\"og:url\" content=\"https:\/\/valika.eu\/fi\/toode\/lauapealne-tolmukoguja-metall-lai-65w\/\" \/>\n<meta property=\"og:site_name\" content=\"Valika\" \/>\n<meta property=\"article:publisher\" content=\"https:\/\/www.facebook.com\/tipsi.net\" \/>\n<meta property=\"article:modified_time\" content=\"2026-01-06T18:35:49+00:00\" \/>\n<meta property=\"og:image\" content=\"https:\/\/valika.eu\/wp-content\/uploads\/2023\/11\/yoast-pilt.jpg\" \/>\n\t<meta property=\"og:image:width\" content=\"1220\" \/>\n\t<meta property=\"og:image:height\" content=\"675\" \/>\n\t<meta property=\"og:image:type\" content=\"image\/jpeg\" \/>\n<meta name=\"twitter:card\" content=\"summary_large_image\" \/>\n<script type=\"application\/ld+json\" class=\"yoast-schema-graph\">{\"@context\":\"https:\/\/schema.org\",\"@graph\":[{\"@type\":\"WebPage\",\"@id\":\"https:\/\/valika.eu\/fi\/toode\/lauapealne-tolmukoguja-metall-lai-65w\/\",\"url\":\"https:\/\/valika.eu\/fi\/toode\/lauapealne-tolmukoguja-metall-lai-65w\/\",\"name\":\"Kynsi imuri metalli leve\u00e4 65w | Valika\",\"isPartOf\":{\"@id\":\"https:\/\/valika.eu\/fi\/#website\"},\"primaryImageOfPage\":{\"@id\":\"https:\/\/valika.eu\/fi\/toode\/lauapealne-tolmukoguja-metall-lai-65w\/#primaryimage\"},\"image\":{\"@id\":\"https:\/\/valika.eu\/toode\/lauapealne-tolmukoguja-metall-lai-65w\/#primaryimage\"},\"thumbnailUrl\":\"https:\/\/valika.eu\/wp-content\/uploads\/2024\/10\/kynsi_imuri1.avif\",\"datePublished\":\"2024-10-25T11:25:10+00:00\",\"dateModified\":\"2026-01-06T18:35:49+00:00\",\"breadcrumb\":{\"@id\":\"https:\/\/valika.eu\/fi\/toode\/lauapealne-tolmukoguja-metall-lai-65w\/#breadcrumb\"},\"inLanguage\":\"fi\",\"potentialAction\":[{\"@type\":\"ReadAction\",\"target\":[[\"https:\/\/valika.eu\/fi\/toode\/lauapealne-tolmukoguja-metall-lai-65w\/\"]]}]},{\"@type\":\"ImageObject\",\"inLanguage\":\"fi\",\"@id\":\"https:\/\/valika.eu\/fi\/toode\/lauapealne-tolmukoguja-metall-lai-65w\/#primaryimage\",\"url\":\"https:\/\/valika.eu\/wp-content\/uploads\/2024\/10\/kynsi_imuri1.avif\",\"contentUrl\":\"https:\/\/valika.eu\/wp-content\/uploads\/2024\/10\/kynsi_imuri1.avif\",\"width\":720,\"height\":720},{\"@type\":\"BreadcrumbList\",\"@id\":\"https:\/\/valika.eu\/fi\/toode\/lauapealne-tolmukoguja-metall-lai-65w\/#breadcrumb\",\"itemListElement\":[{\"@type\":\"ListItem\",\"position\":1,\"name\":\"Koti\",\"item\":\"https:\/\/valika.eu\/fi\/\"},{\"@type\":\"ListItem\",\"position\":2,\"name\":\"Shop\",\"item\":\"https:\/\/valika.eu\/fi\/\"},{\"@type\":\"ListItem\",\"position\":3,\"name\":\"Lauapealne tolmukoguja metall lai 65w\"}]},{\"@type\":\"WebSite\",\"@id\":\"https:\/\/valika.eu\/fi\/#website\",\"url\":\"https:\/\/valika.eu\/fi\/\",\"name\":\"Valika.eu\",\"description\":\"Salonkituotteet ja kauneudenhoitotuotteet - Valika tarjoaa laajan valikoiman tuotteita ja tarvikkeita kynsiteknikoille, kauneushoitoloille, kampaamoille ja kampaamoille.\",\"publisher\":{\"@id\":\"https:\/\/valika.eu\/fi\/#organization\"},\"alternateName\":\"Valika\",\"potentialAction\":[{\"@type\":\"SearchAction\",\"target\":{\"@type\":\"EntryPoint\",\"urlTemplate\":\"https:\/\/valika.eu\/fi\/?s={search_term_string}\"},\"query-input\":{\"@type\":\"PropertyValueSpecification\",\"valueRequired\":true,\"valueName\":\"search_term_string\"}}],\"inLanguage\":\"fi\"},{\"@type\":\"Organization\",\"@id\":\"https:\/\/valika.eu\/fi\/#organization\",\"name\":\"Salongitoode O\u00dc\",\"alternateName\":\"Valika\",\"url\":\"https:\/\/valika.eu\/fi\/\",\"logo\":{\"@type\":\"ImageObject\",\"inLanguage\":\"fi\",\"@id\":\"https:\/\/valika.eu\/fi\/#\/schema\/logo\/image\/\",\"url\":\"https:\/\/valika.eu\/wp-content\/uploads\/2023\/11\/logo2-valika-footer.png\",\"contentUrl\":\"https:\/\/valika.eu\/wp-content\/uploads\/2023\/11\/logo2-valika-footer.png\",\"width\":200,\"height\":129,\"caption\":\"Salongitoode O\u00dc\"},\"image\":{\"@id\":\"https:\/\/valika.eu\/fi\/#\/schema\/logo\/image\/\"},\"sameAs\":[\"https:\/\/www.facebook.com\/tipsi.net\"]}]}<\/script>\n<!-- \/ Yoast SEO plugin. -->","yoast_head_json":{"title":"Kynsi imuri metalli leve\u00e4 65w | Valika","robots":{"index":"index","follow":"follow","max-snippet":"max-snippet:-1","max-image-preview":"max-image-preview:large","max-video-preview":"max-video-preview:-1"},"canonical":"https:\/\/valika.eu\/fi\/toode\/lauapealne-tolmukoguja-metall-lai-65w\/","og_locale":"fi_FI","og_type":"article","og_title":"Kynsi imuri metalli leve\u00e4 65w | Valika","og_description":"Kynsi imuri on ilman nopeudens\u00e4\u00e4dint\u00e4.","og_url":"https:\/\/valika.eu\/fi\/toode\/lauapealne-tolmukoguja-metall-lai-65w\/","og_site_name":"Valika","article_publisher":"https:\/\/www.facebook.com\/tipsi.net","article_modified_time":"2026-01-06T18:35:49+00:00","og_image":[{"width":1220,"height":675,"url":"https:\/\/valika.eu\/wp-content\/uploads\/2023\/11\/yoast-pilt.jpg","type":"image\/jpeg"}],"twitter_card":"summary_large_image","schema":{"@context":"https:\/\/schema.org","@graph":[{"@type":"WebPage","@id":"https:\/\/valika.eu\/fi\/toode\/lauapealne-tolmukoguja-metall-lai-65w\/","url":"https:\/\/valika.eu\/fi\/toode\/lauapealne-tolmukoguja-metall-lai-65w\/","name":"Kynsi imuri metalli leve\u00e4 65w | Valika","isPartOf":{"@id":"https:\/\/valika.eu\/fi\/#website"},"primaryImageOfPage":{"@id":"https:\/\/valika.eu\/fi\/toode\/lauapealne-tolmukoguja-metall-lai-65w\/#primaryimage"},"image":{"@id":"https:\/\/valika.eu\/toode\/lauapealne-tolmukoguja-metall-lai-65w\/#primaryimage"},"thumbnailUrl":"https:\/\/valika.eu\/wp-content\/uploads\/2024\/10\/kynsi_imuri1.avif","datePublished":"2024-10-25T11:25:10+00:00","dateModified":"2026-01-06T18:35:49+00:00","breadcrumb":{"@id":"https:\/\/valika.eu\/fi\/toode\/lauapealne-tolmukoguja-metall-lai-65w\/#breadcrumb"},"inLanguage":"fi","potentialAction":[{"@type":"ReadAction","target":[["https:\/\/valika.eu\/fi\/toode\/lauapealne-tolmukoguja-metall-lai-65w\/"]]}]},{"@type":"ImageObject","inLanguage":"fi","@id":"https:\/\/valika.eu\/fi\/toode\/lauapealne-tolmukoguja-metall-lai-65w\/#primaryimage","url":"https:\/\/valika.eu\/wp-content\/uploads\/2024\/10\/kynsi_imuri1.avif","contentUrl":"https:\/\/valika.eu\/wp-content\/uploads\/2024\/10\/kynsi_imuri1.avif","width":720,"height":720},{"@type":"BreadcrumbList","@id":"https:\/\/valika.eu\/fi\/toode\/lauapealne-tolmukoguja-metall-lai-65w\/#breadcrumb","itemListElement":[{"@type":"ListItem","position":1,"name":"Koti","item":"https:\/\/valika.eu\/fi\/"},{"@type":"ListItem","position":2,"name":"Shop","item":"https:\/\/valika.eu\/fi\/"},{"@type":"ListItem","position":3,"name":"Lauapealne tolmukoguja metall lai 65w"}]},{"@type":"WebSite","@id":"https:\/\/valika.eu\/fi\/#website","url":"https:\/\/valika.eu\/fi\/","name":"Valika.eu","description":"Salonkituotteet ja kauneudenhoitotuotteet - Valika tarjoaa laajan valikoiman tuotteita ja tarvikkeita kynsiteknikoille, kauneushoitoloille, kampaamoille ja kampaamoille.","publisher":{"@id":"https:\/\/valika.eu\/fi\/#organization"},"alternateName":"Valika","potentialAction":[{"@type":"SearchAction","target":{"@type":"EntryPoint","urlTemplate":"https:\/\/valika.eu\/fi\/?s={search_term_string}"},"query-input":{"@type":"PropertyValueSpecification","valueRequired":true,"valueName":"search_term_string"}}],"inLanguage":"fi"},{"@type":"Organization","@id":"https:\/\/valika.eu\/fi\/#organization","name":"Salongitoode O\u00dc","alternateName":"Valika","url":"https:\/\/valika.eu\/fi\/","logo":{"@type":"ImageObject","inLanguage":"fi","@id":"https:\/\/valika.eu\/fi\/#\/schema\/logo\/image\/","url":"https:\/\/valika.eu\/wp-content\/uploads\/2023\/11\/logo2-valika-footer.png","contentUrl":"https:\/\/valika.eu\/wp-content\/uploads\/2023\/11\/logo2-valika-footer.png","width":200,"height":129,"caption":"Salongitoode O\u00dc"},"image":{"@id":"https:\/\/valika.eu\/fi\/#\/schema\/logo\/image\/"},"sameAs":["https:\/\/www.facebook.com\/tipsi.net"]}]}},"jetpack_sharing_enabled":true,"_links":{"self":[{"href":"https:\/\/valika.eu\/fi\/wp-json\/wp\/v2\/product\/9919","targetHints":{"allow":["GET"]}}],"collection":[{"href":"https:\/\/valika.eu\/fi\/wp-json\/wp\/v2\/product"}],"about":[{"href":"https:\/\/valika.eu\/fi\/wp-json\/wp\/v2\/types\/product"}],"wp:featuredmedia":[{"embeddable":true,"href":"https:\/\/valika.eu\/fi\/wp-json\/wp\/v2\/media\/9920"}],"wp:attachment":[{"href":"https:\/\/valika.eu\/fi\/wp-json\/wp\/v2\/media?parent=9919"}],"wp:term":[{"taxonomy":"product_brand","embeddable":true,"href":"https:\/\/valika.eu\/fi\/wp-json\/wp\/v2\/product_brand?post=9919"},{"taxonomy":"product_cat","embeddable":true,"href":"https:\/\/valika.eu\/fi\/wp-json\/wp\/v2\/product_cat?post=9919"},{"taxonomy":"product_tag","embeddable":true,"href":"https:\/\/valika.eu\/fi\/wp-json\/wp\/v2\/product_tag?post=9919"}],"curies":[{"name":"wp","href":"https:\/\/api.w.org\/{rel}","templated":true}]}}