{"id":993,"date":"2024-09-24T13:36:42","date_gmt":"2024-09-24T10:36:42","guid":{"rendered":"https:\/\/valika.eu\/?post_type=product&#038;p=993"},"modified":"2025-10-27T11:08:59","modified_gmt":"2025-10-27T09:08:59","slug":"akruulivedelik-monomer-blue-liquid-150ml","status":"publish","type":"product","link":"https:\/\/valika.eu\/fi\/toode\/akruulivedelik-monomer-blue-liquid-150ml\/","title":{"rendered":"Monomer Blue Acrylic Liquid 150ml"},"content":{"rendered":"<p>Nopeasti kuivuva sininen akryylineste. Erinomaisella kiinnityksell\u00e4. Voimakkaalla tuoksulla.<\/p>\n<p>\u00c4rsytt\u00e4\u00e4 silmi\u00e4 ja ihoa.<\/p>\n<p>Pid\u00e4 poissa lasten ulottuvilta. Jos ainetta joutuu silmiin tai iholle, huuhtele v\u00e4litt\u00f6m\u00e4sti runsaalla vedell\u00e4 ja<\/p>\n<p>ota yhteytt\u00e4 l\u00e4\u00e4k\u00e4riin. K\u00e4yt\u00e4 sopivia suojak\u00e4sineit\u00e4.<\/p>\n<p>Jos kemikaalia on nielty, hakeudu v\u00e4litt\u00f6m\u00e4sti l\u00e4\u00e4k\u00e4rin hoitoon<\/p>","protected":false},"excerpt":{"rendered":"<p class=\"qtranxs-available-languages-message qtranxs-available-languages-message-fi\">T\u00e4m\u00e4 teksti on valitettavasti saatavilla vain kielill\u00e4: <a href=\"https:\/\/valika.eu\/et\/wp-json\/wp\/v2\/product\/993\" class=\"qtranxs-available-language-link qtranxs-available-language-link-et\" title=\"Eesti\">Eesti<\/a>.<\/p>\n<p>Kiiresti kuivav sinine akr\u00fc\u00fclivedelik. Suurep\u00e4rase kinnitumisega. Intensiivse l\u00f5hnaga.<\/p>\n","protected":false},"featured_media":17255,"template":"","meta":[],"product_brand":[],"product_cat":[67],"product_tag":[],"class_list":{"0":"post-993","1":"product","2":"type-product","3":"status-publish","4":"has-post-thumbnail","6":"product_cat-akruulid","8":"first","9":"instock","10":"taxable","11":"shipping-taxable","12":"purchasable","13":"product-type-simple"},"yoast_head":"<!-- This site is optimized with the Yoast SEO plugin v24.4 - https:\/\/yoast.com\/wordpress\/plugins\/seo\/ -->\n<title>Monomer Blue Acrylic Liquid 150ml | Valika<\/title>\n<meta name=\"description\" content=\"Kiiresti kuivav sinine akr\u00fc\u00fclivedelik. Suurep\u00e4rase kinnitumisega. Intensiivse l\u00f5hnaga.\" \/>\n<meta name=\"robots\" content=\"index, follow, max-snippet:-1, max-image-preview:large, max-video-preview:-1\" \/>\n<link rel=\"canonical\" href=\"https:\/\/valika.eu\/fi\/toode\/akruulivedelik-monomer-blue-liquid-150ml\/\" \/>\n<meta property=\"og:locale\" content=\"fi_FI\" \/>\n<meta property=\"og:type\" content=\"article\" \/>\n<meta property=\"og:title\" content=\"Monomer Blue Acrylic Liquid 150ml | Valika\" \/>\n<meta property=\"og:description\" content=\"Kiiresti kuivav sinine akr\u00fc\u00fclivedelik. Suurep\u00e4rase kinnitumisega. Intensiivse l\u00f5hnaga.\" \/>\n<meta property=\"og:url\" content=\"https:\/\/valika.eu\/fi\/toode\/akruulivedelik-monomer-blue-liquid-150ml\/\" \/>\n<meta property=\"og:site_name\" content=\"Valika\" \/>\n<meta property=\"article:publisher\" content=\"https:\/\/www.facebook.com\/tipsi.net\" \/>\n<meta property=\"article:modified_time\" content=\"2025-10-27T09:08:59+00:00\" \/>\n<meta property=\"og:image\" content=\"https:\/\/valika.eu\/wp-content\/uploads\/2024\/09\/acrylic.jpg\" \/>\n\t<meta property=\"og:image:width\" content=\"1178\" \/>\n\t<meta property=\"og:image:height\" content=\"1467\" \/>\n\t<meta property=\"og:image:type\" content=\"image\/jpeg\" \/>\n<meta name=\"twitter:card\" content=\"summary_large_image\" \/>\n<script type=\"application\/ld+json\" class=\"yoast-schema-graph\">{\"@context\":\"https:\/\/schema.org\",\"@graph\":[{\"@type\":\"WebPage\",\"@id\":\"https:\/\/valika.eu\/fi\/toode\/akruulivedelik-monomer-blue-liquid-150ml\/\",\"url\":\"https:\/\/valika.eu\/fi\/toode\/akruulivedelik-monomer-blue-liquid-150ml\/\",\"name\":\"Monomer Blue Acrylic Liquid 150ml | Valika\",\"isPartOf\":{\"@id\":\"https:\/\/valika.eu\/fi\/#website\"},\"primaryImageOfPage\":{\"@id\":\"https:\/\/valika.eu\/fi\/toode\/akruulivedelik-monomer-blue-liquid-150ml\/#primaryimage\"},\"image\":{\"@id\":\"https:\/\/valika.eu\/toode\/akruulivedelik-monomer-blue-liquid-150ml\/#primaryimage\"},\"thumbnailUrl\":\"https:\/\/valika.eu\/wp-content\/uploads\/2024\/09\/acrylic.jpg\",\"datePublished\":\"2024-09-24T10:36:42+00:00\",\"dateModified\":\"2025-10-27T09:08:59+00:00\",\"description\":\"Kiiresti kuivav sinine akr\u00fc\u00fclivedelik. Suurep\u00e4rase kinnitumisega. Intensiivse l\u00f5hnaga.\",\"breadcrumb\":{\"@id\":\"https:\/\/valika.eu\/fi\/toode\/akruulivedelik-monomer-blue-liquid-150ml\/#breadcrumb\"},\"inLanguage\":\"fi\",\"potentialAction\":[{\"@type\":\"ReadAction\",\"target\":[[\"https:\/\/valika.eu\/fi\/toode\/akruulivedelik-monomer-blue-liquid-150ml\/\"]]}]},{\"@type\":\"ImageObject\",\"inLanguage\":\"fi\",\"@id\":\"https:\/\/valika.eu\/fi\/toode\/akruulivedelik-monomer-blue-liquid-150ml\/#primaryimage\",\"url\":\"https:\/\/valika.eu\/wp-content\/uploads\/2024\/09\/acrylic.jpg\",\"contentUrl\":\"https:\/\/valika.eu\/wp-content\/uploads\/2024\/09\/acrylic.jpg\",\"width\":1178,\"height\":1467,\"caption\":\"Screenshot\"},{\"@type\":\"BreadcrumbList\",\"@id\":\"https:\/\/valika.eu\/fi\/toode\/akruulivedelik-monomer-blue-liquid-150ml\/#breadcrumb\",\"itemListElement\":[{\"@type\":\"ListItem\",\"position\":1,\"name\":\"Koti\",\"item\":\"https:\/\/valika.eu\/fi\/\"},{\"@type\":\"ListItem\",\"position\":2,\"name\":\"Shop\",\"item\":\"https:\/\/valika.eu\/fi\/\"},{\"@type\":\"ListItem\",\"position\":3,\"name\":\"Akr\u00fc\u00fclivedelik &#8211; Monomer Blue Liquid 150ml.\"}]},{\"@type\":\"WebSite\",\"@id\":\"https:\/\/valika.eu\/fi\/#website\",\"url\":\"https:\/\/valika.eu\/fi\/\",\"name\":\"Valika.eu\",\"description\":\"Salonkituotteet ja kauneudenhoitotuotteet - Valika tarjoaa laajan valikoiman tuotteita ja tarvikkeita kynsiteknikoille, kauneushoitoloille, kampaamoille ja kampaamoille.\",\"publisher\":{\"@id\":\"https:\/\/valika.eu\/fi\/#organization\"},\"alternateName\":\"Valika\",\"potentialAction\":[{\"@type\":\"SearchAction\",\"target\":{\"@type\":\"EntryPoint\",\"urlTemplate\":\"https:\/\/valika.eu\/fi\/?s={search_term_string}\"},\"query-input\":{\"@type\":\"PropertyValueSpecification\",\"valueRequired\":true,\"valueName\":\"search_term_string\"}}],\"inLanguage\":\"fi\"},{\"@type\":\"Organization\",\"@id\":\"https:\/\/valika.eu\/fi\/#organization\",\"name\":\"Salongitoode O\u00dc\",\"alternateName\":\"Valika\",\"url\":\"https:\/\/valika.eu\/fi\/\",\"logo\":{\"@type\":\"ImageObject\",\"inLanguage\":\"fi\",\"@id\":\"https:\/\/valika.eu\/fi\/#\/schema\/logo\/image\/\",\"url\":\"https:\/\/valika.eu\/wp-content\/uploads\/2023\/11\/logo2-valika-footer.png\",\"contentUrl\":\"https:\/\/valika.eu\/wp-content\/uploads\/2023\/11\/logo2-valika-footer.png\",\"width\":200,\"height\":129,\"caption\":\"Salongitoode O\u00dc\"},\"image\":{\"@id\":\"https:\/\/valika.eu\/fi\/#\/schema\/logo\/image\/\"},\"sameAs\":[\"https:\/\/www.facebook.com\/tipsi.net\"]}]}<\/script>\n<!-- \/ Yoast SEO plugin. -->","yoast_head_json":{"title":"Monomer Blue Acrylic Liquid 150ml | Valika","description":"Kiiresti kuivav sinine akr\u00fc\u00fclivedelik. Suurep\u00e4rase kinnitumisega. Intensiivse l\u00f5hnaga.","robots":{"index":"index","follow":"follow","max-snippet":"max-snippet:-1","max-image-preview":"max-image-preview:large","max-video-preview":"max-video-preview:-1"},"canonical":"https:\/\/valika.eu\/fi\/toode\/akruulivedelik-monomer-blue-liquid-150ml\/","og_locale":"fi_FI","og_type":"article","og_title":"Monomer Blue Acrylic Liquid 150ml | Valika","og_description":"Kiiresti kuivav sinine akr\u00fc\u00fclivedelik. Suurep\u00e4rase kinnitumisega. Intensiivse l\u00f5hnaga.","og_url":"https:\/\/valika.eu\/fi\/toode\/akruulivedelik-monomer-blue-liquid-150ml\/","og_site_name":"Valika","article_publisher":"https:\/\/www.facebook.com\/tipsi.net","article_modified_time":"2025-10-27T09:08:59+00:00","og_image":[{"width":1178,"height":1467,"url":"https:\/\/valika.eu\/wp-content\/uploads\/2024\/09\/acrylic.jpg","type":"image\/jpeg"}],"twitter_card":"summary_large_image","schema":{"@context":"https:\/\/schema.org","@graph":[{"@type":"WebPage","@id":"https:\/\/valika.eu\/fi\/toode\/akruulivedelik-monomer-blue-liquid-150ml\/","url":"https:\/\/valika.eu\/fi\/toode\/akruulivedelik-monomer-blue-liquid-150ml\/","name":"Monomer Blue Acrylic Liquid 150ml | Valika","isPartOf":{"@id":"https:\/\/valika.eu\/fi\/#website"},"primaryImageOfPage":{"@id":"https:\/\/valika.eu\/fi\/toode\/akruulivedelik-monomer-blue-liquid-150ml\/#primaryimage"},"image":{"@id":"https:\/\/valika.eu\/toode\/akruulivedelik-monomer-blue-liquid-150ml\/#primaryimage"},"thumbnailUrl":"https:\/\/valika.eu\/wp-content\/uploads\/2024\/09\/acrylic.jpg","datePublished":"2024-09-24T10:36:42+00:00","dateModified":"2025-10-27T09:08:59+00:00","description":"Kiiresti kuivav sinine akr\u00fc\u00fclivedelik. Suurep\u00e4rase kinnitumisega. Intensiivse l\u00f5hnaga.","breadcrumb":{"@id":"https:\/\/valika.eu\/fi\/toode\/akruulivedelik-monomer-blue-liquid-150ml\/#breadcrumb"},"inLanguage":"fi","potentialAction":[{"@type":"ReadAction","target":[["https:\/\/valika.eu\/fi\/toode\/akruulivedelik-monomer-blue-liquid-150ml\/"]]}]},{"@type":"ImageObject","inLanguage":"fi","@id":"https:\/\/valika.eu\/fi\/toode\/akruulivedelik-monomer-blue-liquid-150ml\/#primaryimage","url":"https:\/\/valika.eu\/wp-content\/uploads\/2024\/09\/acrylic.jpg","contentUrl":"https:\/\/valika.eu\/wp-content\/uploads\/2024\/09\/acrylic.jpg","width":1178,"height":1467,"caption":"Screenshot"},{"@type":"BreadcrumbList","@id":"https:\/\/valika.eu\/fi\/toode\/akruulivedelik-monomer-blue-liquid-150ml\/#breadcrumb","itemListElement":[{"@type":"ListItem","position":1,"name":"Koti","item":"https:\/\/valika.eu\/fi\/"},{"@type":"ListItem","position":2,"name":"Shop","item":"https:\/\/valika.eu\/fi\/"},{"@type":"ListItem","position":3,"name":"Akr\u00fc\u00fclivedelik &#8211; Monomer Blue Liquid 150ml."}]},{"@type":"WebSite","@id":"https:\/\/valika.eu\/fi\/#website","url":"https:\/\/valika.eu\/fi\/","name":"Valika.eu","description":"Salonkituotteet ja kauneudenhoitotuotteet - Valika tarjoaa laajan valikoiman tuotteita ja tarvikkeita kynsiteknikoille, kauneushoitoloille, kampaamoille ja kampaamoille.","publisher":{"@id":"https:\/\/valika.eu\/fi\/#organization"},"alternateName":"Valika","potentialAction":[{"@type":"SearchAction","target":{"@type":"EntryPoint","urlTemplate":"https:\/\/valika.eu\/fi\/?s={search_term_string}"},"query-input":{"@type":"PropertyValueSpecification","valueRequired":true,"valueName":"search_term_string"}}],"inLanguage":"fi"},{"@type":"Organization","@id":"https:\/\/valika.eu\/fi\/#organization","name":"Salongitoode O\u00dc","alternateName":"Valika","url":"https:\/\/valika.eu\/fi\/","logo":{"@type":"ImageObject","inLanguage":"fi","@id":"https:\/\/valika.eu\/fi\/#\/schema\/logo\/image\/","url":"https:\/\/valika.eu\/wp-content\/uploads\/2023\/11\/logo2-valika-footer.png","contentUrl":"https:\/\/valika.eu\/wp-content\/uploads\/2023\/11\/logo2-valika-footer.png","width":200,"height":129,"caption":"Salongitoode O\u00dc"},"image":{"@id":"https:\/\/valika.eu\/fi\/#\/schema\/logo\/image\/"},"sameAs":["https:\/\/www.facebook.com\/tipsi.net"]}]}},"jetpack_sharing_enabled":true,"_links":{"self":[{"href":"https:\/\/valika.eu\/fi\/wp-json\/wp\/v2\/product\/993","targetHints":{"allow":["GET"]}}],"collection":[{"href":"https:\/\/valika.eu\/fi\/wp-json\/wp\/v2\/product"}],"about":[{"href":"https:\/\/valika.eu\/fi\/wp-json\/wp\/v2\/types\/product"}],"wp:featuredmedia":[{"embeddable":true,"href":"https:\/\/valika.eu\/fi\/wp-json\/wp\/v2\/media\/17255"}],"wp:attachment":[{"href":"https:\/\/valika.eu\/fi\/wp-json\/wp\/v2\/media?parent=993"}],"wp:term":[{"taxonomy":"product_brand","embeddable":true,"href":"https:\/\/valika.eu\/fi\/wp-json\/wp\/v2\/product_brand?post=993"},{"taxonomy":"product_cat","embeddable":true,"href":"https:\/\/valika.eu\/fi\/wp-json\/wp\/v2\/product_cat?post=993"},{"taxonomy":"product_tag","embeddable":true,"href":"https:\/\/valika.eu\/fi\/wp-json\/wp\/v2\/product_tag?post=993"}],"curies":[{"name":"wp","href":"https:\/\/api.w.org\/{rel}","templated":true}]}}