{"id":10180,"date":"2024-11-11T15:00:05","date_gmt":"2024-11-11T13:00:05","guid":{"rendered":"https:\/\/valika.eu\/?post_type=product&#038;p=10180"},"modified":"2025-07-02T05:03:23","modified_gmt":"2025-07-02T02:03:23","slug":"pink-led-affinity-ice-ehitusgeel-50g","status":"publish","type":"product","link":"https:\/\/valika.eu\/ru\/toode\/pink-led-affinity-ice-ehitusgeel-50g\/","title":{"rendered":"Pink-LED -Affinity Ice \u0441\u0442\u0440\u043e\u0438\u0442\u0435\u043b\u044c\u043d\u044b\u0439 \u0433\u0435\u043b\u044c 50\u0433."},"content":{"rendered":"<p>\u041f\u043e\u0441\u043b\u0435 \u043f\u043e\u043b\u0438\u043c\u0435\u0440\u0438\u0437\u0430\u0446\u0438\u0438 \u0431\u0443\u0434\u0435\u0442 \u043f\u0440\u043e\u0437\u0440\u0430\u0447\u043d\u044b\u043c.<\/p>\n<p>\u0421\u0440\u0435\u0434\u043d\u0435\u0439 \u0432\u044f\u0437\u043a\u043e\u0441\u0442\u0438 \u043e\u0434\u043d\u043e\u0444\u0430\u0437\u043d\u044b\u0439 \u0441\u0442\u0440\u043e\u0438\u0442\u0435\u043b\u044c\u043d\u044b\u0439 \u0433\u0435\u043b\u044c.<br \/>\n\u0412\u044b\u043a\u043b\u0430\u0434\u044b\u0432\u0430\u0435\u0442\u0441\u044f \u043d\u0430 Bonder \u0438\u043b\u0438 Primer.<br \/>\n\u041d\u0435 \u0442\u0440\u0435\u0431\u0443\u0435\u0442 \u0431\u0430\u0437\u044b \u0438\u043b\u0438 \u043f\u043e\u0434\u043b\u043e\u0436\u043a\u0438, \u043c\u043e\u0436\u0435\u0442 \u0441\u0430\u043c \u0438\u0441\u043f\u043e\u043b\u044c\u0437\u043e\u0432\u0430\u0442\u044c\u0441\u044f \u0442\u043e\u043d\u043a\u0438\u043c \u0441\u043b\u043e\u0435\u043c \u0432 \u043a\u0430\u0447\u0435\u0441\u0442\u0432\u0435 \u043f\u043e\u0434\u043b\u043e\u0436\u043a\u0438.<\/p>\n<p>\u041f\u043e\u0434\u0445\u043e\u0434\u0438\u0442 \u0434\u043b\u044f \u043d\u043e\u0432\u044b\u0445 LED \u043b\u0430\u043c\u043f \u0438 \u0434\u043b\u044f \u0441\u0442\u0430\u0440\u044b\u0445 UV \u043b\u0430\u043c\u043f. \u0412\u0440\u0435\u043c\u044f \u043f\u043e\u043b\u0438\u043c\u0435\u0440\u0438\u0437\u0430\u0446\u0438\u0438 \u043e\u0442 120-180 \u0441\u0435\u043a\u0443\u043d\u0434 \u0432 \u043b\u0430\u043c\u043f\u0430\u0445 \u0441\u0442\u0430\u0440\u043e\u0433\u043e \u0442\u0438\u043f\u0430 \u0438 ca.60 \u0441\u0435\u043a\u0443\u043d\u0434 \u0432 \u0433\u0438\u0431\u0440\u0438\u0434\u043d\u044b\u0445 LED \u043b\u0430\u043c\u043f\u0430\u0445 \u043d\u043e\u0432\u043e\u0433\u043e \u043f\u043e\u043a\u043e\u043b\u0435\u043d\u0438\u044f. \u0442\u0430\u043a\u0438\u0445 \u043a\u0430\u043a \u0432 \u0440\u0443\u0431\u0440\u0438\u043a\u0435 <a href=\"https:\/\/valika.eu\/ru\/tootekategooria\/kuuned\/seadmed\/led-uv-lambid\/\" rel=\"noopener\" target=\"_blank\">   ,,>K\u00fc\u00fcnelambid SUNONE<,,    <\/a>LED Lambid.<\/p>\n<p>\u0412 \u043b\u0430\u043c\u043f\u0430\u0445 \u043d\u043e\u0432\u043e\u0433\u043e \u043f\u043e\u043a\u043e\u043b\u0435\u043d\u0438\u044f \u043c\u043e\u0436\u0435\u0442 \u0441\u043e\u0432\u0441\u0435\u043c \u043d\u0435 \u0441\u0438\u043b\u044c\u043d\u043e \u0436\u0435\u0447\u044c, \u0431\u044b\u0441\u0442\u0440\u043e \u043f\u043e\u043b\u0438\u043c\u0435\u0440\u0438\u0437\u0443\u0435\u0442\u0441\u044f.<\/p>\n<p>\u0414\u043b\u044f \u0443\u043c\u0435\u043d\u044c\u0448\u0435\u043d\u0438\u044f \u044d\u0444\u0444\u0435\u043a\u0442\u0430 \u0436\u0436\u0435\u043d\u0438\u044f \u043c\u043e\u0436\u043d\u043e \u0441\u0443\u0448\u0438\u0442\u044c \u0433\u0435\u043b\u044c \u0432 \u043b\u0430\u043c\u043f\u0435 \u0432 \u0434\u0432\u0430 \u043f\u0440\u0438\u0435\u043c\u0430: \u043f\u0435\u0440\u0432\u044b\u0439 \u0440\u0430\u0437 ca. 15 \u0441\u0435\u043a\u0443\u043d\u0434 \u0438\u043b\u0438 \u0434\u043e \u043f\u043e\u044f\u0432\u043b\u0435\u043d\u0438\u044f \u044d\u0444\u0444\u0435\u043a\u0442\u0430 \u0436\u0433\u0443\u0447\u0435\u0433\u043e \u043d\u043e\u0433\u0442\u044f \u0443 \u043a\u043b\u0438\u0435\u043d\u0442\u0430, \u0437\u0430\u0442\u0435\u043c \u0441\u0434\u0435\u043b\u0430\u0442\u044c \u043f\u0435\u0440\u0435\u0440\u044b\u0432 10-15 \u0441\u0435\u043a\u0443\u043d\u0434 \u0438 \u0437\u0430\u0442\u0435\u043c \u0441\u0443\u0448\u0438\u0442\u044c \u0433\u0435\u043b\u044c \u0432 \u043b\u0430\u043c\u043f\u0435 \u0435\u0449\u0435 45 \u0441\u0435\u043a\u0443\u043d\u0434.<\/p>\n<p>\u041c\u043e\u0436\u043d\u043e \u0432\u043e\u0441\u043f\u043e\u043b\u044c\u0437\u043e\u0432\u0430\u0442\u044c\u0441\u044f \u043a\u043d\u043e\u043f\u043a\u043e\u0439 low heat mode , \u0435\u0441\u043b\u0438 \u0442\u0430\u043a\u0430\u044f \u043a\u043d\u043e\u043f\u043a\u0430 \u0435\u0441\u0442\u044c \u0432 \u043b\u0430\u043c\u043f\u0435.<\/p>","protected":false},"excerpt":{"rendered":"<p>\u041d\u0435 \u0442\u0440\u0435\u0431\u0443\u0435\u0442 \u0431\u0430\u0437\u044b \u0438\u043b\u0438 \u043f\u043e\u0434\u043b\u043e\u0436\u043a\u0438, \u043c\u043e\u0436\u0435\u0442 \u0441\u0430\u043c \u0438\u0441\u043f\u043e\u043b\u044c\u0437\u043e\u0432\u0430\u0442\u044c\u0441\u044f \u0442\u043e\u043d\u043a\u0438\u043c \u0441\u043b\u043e\u0435\u043c \u0432 \u043a\u0430\u0447\u0435\u0441\u0442\u0432\u0435 \u043f\u043e\u0434\u043b\u043e\u0436\u043a\u0438.<br \/>\n\u041c\u043e\u0436\u0435\u0442 \u0441\u043e\u0432\u0441\u0435\u043c \u043d\u0435 \u0441\u0438\u043b\u044c\u043d\u043e \u0436\u0435\u0447\u044c, \u0431\u044b\u0441\u0442\u0440\u043e \u043f\u043e\u043b\u0438\u043c\u0435\u0440\u0438\u0437\u0443\u0435\u0442\u0441\u044f.<\/p>\n","protected":false},"featured_media":10185,"template":"","meta":[],"product_brand":[],"product_cat":[74],"product_tag":[],"class_list":{"0":"post-10180","1":"product","2":"type-product","3":"status-publish","4":"has-post-thumbnail","6":"product_cat-affinity","8":"first","9":"instock","10":"taxable","11":"shipping-taxable","12":"purchasable","13":"product-type-variable"},"yoast_head":"<!-- This site is optimized with the Yoast SEO plugin v24.4 - https:\/\/yoast.com\/wordpress\/plugins\/seo\/ -->\n<title>Pink-LED -Affinity Ice \u0441\u0442\u0440\u043e\u0438\u0442\u0435\u043b\u044c\u043d\u044b\u0439 \u0433\u0435\u043b\u044c 50\u0433. | Valika<\/title>\n<meta name=\"description\" content=\"Tugevam pol\u00fcmeerideahel tagab geeli parema haarduvuse k\u00fc\u00fcnepinnaga.\u00dchefaasilise keskmise paksusega Ice geeli on v\u00e4ga mugav k\u00fc\u00fcnele kanda ja seda kasutatakse terve k\u00fc\u00fcne \u00fclesehitamiseks. Vajab alla primerit v\u00f5i bonderit (erinevusest palun lugege praimeri kirjelduses).\" \/>\n<meta name=\"robots\" content=\"index, follow, max-snippet:-1, max-image-preview:large, max-video-preview:-1\" \/>\n<link rel=\"canonical\" href=\"https:\/\/valika.eu\/ru\/toode\/pink-led-affinity-ice-ehitusgeel-50g\/\" \/>\n<meta property=\"og:locale\" content=\"ru_RU\" \/>\n<meta property=\"og:type\" content=\"article\" \/>\n<meta property=\"og:title\" content=\"Pink-LED -Affinity Ice \u0441\u0442\u0440\u043e\u0438\u0442\u0435\u043b\u044c\u043d\u044b\u0439 \u0433\u0435\u043b\u044c 50\u0433. | Valika\" \/>\n<meta property=\"og:description\" content=\"Tugevam pol\u00fcmeerideahel tagab geeli parema haarduvuse k\u00fc\u00fcnepinnaga.\u00dchefaasilise keskmise paksusega Ice geeli on v\u00e4ga mugav k\u00fc\u00fcnele kanda ja seda kasutatakse terve k\u00fc\u00fcne \u00fclesehitamiseks. Vajab alla primerit v\u00f5i bonderit (erinevusest palun lugege praimeri kirjelduses).\" \/>\n<meta property=\"og:url\" content=\"https:\/\/valika.eu\/ru\/toode\/pink-led-affinity-ice-ehitusgeel-50g\/\" \/>\n<meta property=\"og:site_name\" content=\"Valika\" \/>\n<meta property=\"article:publisher\" content=\"https:\/\/www.facebook.com\/tipsi.net\" \/>\n<meta property=\"article:modified_time\" content=\"2025-07-02T02:03:23+00:00\" \/>\n<meta property=\"og:image\" content=\"https:\/\/valika.eu\/wp-content\/uploads\/2024\/11\/affinity_led_pink-8.jpg\" \/>\n\t<meta property=\"og:image:width\" content=\"800\" \/>\n\t<meta property=\"og:image:height\" content=\"800\" \/>\n\t<meta property=\"og:image:type\" content=\"image\/jpeg\" \/>\n<meta name=\"twitter:card\" content=\"summary_large_image\" \/>\n<script type=\"application\/ld+json\" class=\"yoast-schema-graph\">{\"@context\":\"https:\/\/schema.org\",\"@graph\":[{\"@type\":\"WebPage\",\"@id\":\"https:\/\/valika.eu\/ru\/toode\/pink-led-affinity-ice-ehitusgeel-50g\/\",\"url\":\"https:\/\/valika.eu\/ru\/toode\/pink-led-affinity-ice-ehitusgeel-50g\/\",\"name\":\"Pink-LED -Affinity Ice \u0441\u0442\u0440\u043e\u0438\u0442\u0435\u043b\u044c\u043d\u044b\u0439 \u0433\u0435\u043b\u044c 50\u0433. | Valika\",\"isPartOf\":{\"@id\":\"https:\/\/valika.eu\/ru\/#website\"},\"primaryImageOfPage\":{\"@id\":\"https:\/\/valika.eu\/ru\/toode\/pink-led-affinity-ice-ehitusgeel-50g\/#primaryimage\"},\"image\":{\"@id\":\"https:\/\/valika.eu\/toode\/pink-led-affinity-ice-ehitusgeel-50g\/#primaryimage\"},\"thumbnailUrl\":\"https:\/\/valika.eu\/wp-content\/uploads\/2024\/11\/affinity_led_pink-8.jpg\",\"datePublished\":\"2024-11-11T13:00:05+00:00\",\"dateModified\":\"2025-07-02T02:03:23+00:00\",\"description\":\"Tugevam pol\u00fcmeerideahel tagab geeli parema haarduvuse k\u00fc\u00fcnepinnaga.\u00dchefaasilise keskmise paksusega Ice geeli on v\u00e4ga mugav k\u00fc\u00fcnele kanda ja seda kasutatakse terve k\u00fc\u00fcne \u00fclesehitamiseks. Vajab alla primerit v\u00f5i bonderit (erinevusest palun lugege praimeri kirjelduses).\",\"breadcrumb\":{\"@id\":\"https:\/\/valika.eu\/ru\/toode\/pink-led-affinity-ice-ehitusgeel-50g\/#breadcrumb\"},\"inLanguage\":\"ru-RU\",\"potentialAction\":[{\"@type\":\"ReadAction\",\"target\":[[\"https:\/\/valika.eu\/ru\/toode\/pink-led-affinity-ice-ehitusgeel-50g\/\"]]}]},{\"@type\":\"ImageObject\",\"inLanguage\":\"ru-RU\",\"@id\":\"https:\/\/valika.eu\/ru\/toode\/pink-led-affinity-ice-ehitusgeel-50g\/#primaryimage\",\"url\":\"https:\/\/valika.eu\/wp-content\/uploads\/2024\/11\/affinity_led_pink-8.jpg\",\"contentUrl\":\"https:\/\/valika.eu\/wp-content\/uploads\/2024\/11\/affinity_led_pink-8.jpg\",\"width\":800,\"height\":800},{\"@type\":\"BreadcrumbList\",\"@id\":\"https:\/\/valika.eu\/ru\/toode\/pink-led-affinity-ice-ehitusgeel-50g\/#breadcrumb\",\"itemListElement\":[{\"@type\":\"ListItem\",\"position\":1,\"name\":\"Koti\",\"item\":\"https:\/\/valika.eu\/ru\/\"},{\"@type\":\"ListItem\",\"position\":2,\"name\":\"Shop\",\"item\":\"https:\/\/valika.eu\/ru\/\"},{\"@type\":\"ListItem\",\"position\":3,\"name\":\"Pink-LED-Affinity Ice building gel 50g\"}]},{\"@type\":\"WebSite\",\"@id\":\"https:\/\/valika.eu\/ru\/#website\",\"url\":\"https:\/\/valika.eu\/ru\/\",\"name\":\"Valika.eu\",\"description\":\"\u0421\u0430\u043b\u043e\u043d\u043d\u0430\u044f \u043f\u0440\u043e\u0434\u0443\u043a\u0446\u0438\u044f \u0438 \u0442\u043e\u0432\u0430\u0440\u044b \u0434\u043b\u044f \u043a\u0440\u0430\u0441\u043e\u0442\u044b - Valika \u043f\u0440\u0435\u0434\u043b\u0430\u0433\u0430\u0435\u0442 \u0448\u0438\u0440\u043e\u043a\u0438\u0439 \u0430\u0441\u0441\u043e\u0440\u0442\u0438\u043c\u0435\u043d\u0442 \u043f\u0440\u043e\u0434\u0443\u043a\u0446\u0438\u0438 \u0438 \u0430\u043a\u0441\u0435\u0441\u0441\u0443\u0430\u0440\u043e\u0432 \u0434\u043b\u044f \u043d\u043e\u0433\u0442\u0435\u0432\u044b\u0445 \u0442\u0435\u0445\u043d\u0438\u043a\u043e\u0432, \u0441\u0430\u043b\u043e\u043d\u043e\u0432 \u043a\u0440\u0430\u0441\u043e\u0442\u044b, \u043f\u0430\u0440\u0438\u043a\u043c\u0430\u0445\u0435\u0440\u0441\u043a\u0438\u0445\",\"publisher\":{\"@id\":\"https:\/\/valika.eu\/ru\/#organization\"},\"alternateName\":\"Valika\",\"potentialAction\":[{\"@type\":\"SearchAction\",\"target\":{\"@type\":\"EntryPoint\",\"urlTemplate\":\"https:\/\/valika.eu\/ru\/?s={search_term_string}\"},\"query-input\":{\"@type\":\"PropertyValueSpecification\",\"valueRequired\":true,\"valueName\":\"search_term_string\"}}],\"inLanguage\":\"ru-RU\"},{\"@type\":\"Organization\",\"@id\":\"https:\/\/valika.eu\/ru\/#organization\",\"name\":\"Salongitoode O\u00dc\",\"alternateName\":\"Valika\",\"url\":\"https:\/\/valika.eu\/ru\/\",\"logo\":{\"@type\":\"ImageObject\",\"inLanguage\":\"ru-RU\",\"@id\":\"https:\/\/valika.eu\/ru\/#\/schema\/logo\/image\/\",\"url\":\"https:\/\/valika.eu\/wp-content\/uploads\/2023\/11\/logo2-valika-footer.png\",\"contentUrl\":\"https:\/\/valika.eu\/wp-content\/uploads\/2023\/11\/logo2-valika-footer.png\",\"width\":200,\"height\":129,\"caption\":\"Salongitoode O\u00dc\"},\"image\":{\"@id\":\"https:\/\/valika.eu\/ru\/#\/schema\/logo\/image\/\"},\"sameAs\":[\"https:\/\/www.facebook.com\/tipsi.net\"]}]}<\/script>\n<!-- \/ Yoast SEO plugin. -->","yoast_head_json":{"title":"Pink-LED -Affinity Ice \u0441\u0442\u0440\u043e\u0438\u0442\u0435\u043b\u044c\u043d\u044b\u0439 \u0433\u0435\u043b\u044c 50\u0433. | Valika","description":"Tugevam pol\u00fcmeerideahel tagab geeli parema haarduvuse k\u00fc\u00fcnepinnaga.\u00dchefaasilise keskmise paksusega Ice geeli on v\u00e4ga mugav k\u00fc\u00fcnele kanda ja seda kasutatakse terve k\u00fc\u00fcne \u00fclesehitamiseks. Vajab alla primerit v\u00f5i bonderit (erinevusest palun lugege praimeri kirjelduses).","robots":{"index":"index","follow":"follow","max-snippet":"max-snippet:-1","max-image-preview":"max-image-preview:large","max-video-preview":"max-video-preview:-1"},"canonical":"https:\/\/valika.eu\/ru\/toode\/pink-led-affinity-ice-ehitusgeel-50g\/","og_locale":"ru_RU","og_type":"article","og_title":"Pink-LED -Affinity Ice \u0441\u0442\u0440\u043e\u0438\u0442\u0435\u043b\u044c\u043d\u044b\u0439 \u0433\u0435\u043b\u044c 50\u0433. | Valika","og_description":"Tugevam pol\u00fcmeerideahel tagab geeli parema haarduvuse k\u00fc\u00fcnepinnaga.\u00dchefaasilise keskmise paksusega Ice geeli on v\u00e4ga mugav k\u00fc\u00fcnele kanda ja seda kasutatakse terve k\u00fc\u00fcne \u00fclesehitamiseks. Vajab alla primerit v\u00f5i bonderit (erinevusest palun lugege praimeri kirjelduses).","og_url":"https:\/\/valika.eu\/ru\/toode\/pink-led-affinity-ice-ehitusgeel-50g\/","og_site_name":"Valika","article_publisher":"https:\/\/www.facebook.com\/tipsi.net","article_modified_time":"2025-07-02T02:03:23+00:00","og_image":[{"width":800,"height":800,"url":"https:\/\/valika.eu\/wp-content\/uploads\/2024\/11\/affinity_led_pink-8.jpg","type":"image\/jpeg"}],"twitter_card":"summary_large_image","schema":{"@context":"https:\/\/schema.org","@graph":[{"@type":"WebPage","@id":"https:\/\/valika.eu\/ru\/toode\/pink-led-affinity-ice-ehitusgeel-50g\/","url":"https:\/\/valika.eu\/ru\/toode\/pink-led-affinity-ice-ehitusgeel-50g\/","name":"Pink-LED -Affinity Ice \u0441\u0442\u0440\u043e\u0438\u0442\u0435\u043b\u044c\u043d\u044b\u0439 \u0433\u0435\u043b\u044c 50\u0433. | Valika","isPartOf":{"@id":"https:\/\/valika.eu\/ru\/#website"},"primaryImageOfPage":{"@id":"https:\/\/valika.eu\/ru\/toode\/pink-led-affinity-ice-ehitusgeel-50g\/#primaryimage"},"image":{"@id":"https:\/\/valika.eu\/toode\/pink-led-affinity-ice-ehitusgeel-50g\/#primaryimage"},"thumbnailUrl":"https:\/\/valika.eu\/wp-content\/uploads\/2024\/11\/affinity_led_pink-8.jpg","datePublished":"2024-11-11T13:00:05+00:00","dateModified":"2025-07-02T02:03:23+00:00","description":"Tugevam pol\u00fcmeerideahel tagab geeli parema haarduvuse k\u00fc\u00fcnepinnaga.\u00dchefaasilise keskmise paksusega Ice geeli on v\u00e4ga mugav k\u00fc\u00fcnele kanda ja seda kasutatakse terve k\u00fc\u00fcne \u00fclesehitamiseks. Vajab alla primerit v\u00f5i bonderit (erinevusest palun lugege praimeri kirjelduses).","breadcrumb":{"@id":"https:\/\/valika.eu\/ru\/toode\/pink-led-affinity-ice-ehitusgeel-50g\/#breadcrumb"},"inLanguage":"ru-RU","potentialAction":[{"@type":"ReadAction","target":[["https:\/\/valika.eu\/ru\/toode\/pink-led-affinity-ice-ehitusgeel-50g\/"]]}]},{"@type":"ImageObject","inLanguage":"ru-RU","@id":"https:\/\/valika.eu\/ru\/toode\/pink-led-affinity-ice-ehitusgeel-50g\/#primaryimage","url":"https:\/\/valika.eu\/wp-content\/uploads\/2024\/11\/affinity_led_pink-8.jpg","contentUrl":"https:\/\/valika.eu\/wp-content\/uploads\/2024\/11\/affinity_led_pink-8.jpg","width":800,"height":800},{"@type":"BreadcrumbList","@id":"https:\/\/valika.eu\/ru\/toode\/pink-led-affinity-ice-ehitusgeel-50g\/#breadcrumb","itemListElement":[{"@type":"ListItem","position":1,"name":"Koti","item":"https:\/\/valika.eu\/ru\/"},{"@type":"ListItem","position":2,"name":"Shop","item":"https:\/\/valika.eu\/ru\/"},{"@type":"ListItem","position":3,"name":"Pink-LED-Affinity Ice building gel 50g"}]},{"@type":"WebSite","@id":"https:\/\/valika.eu\/ru\/#website","url":"https:\/\/valika.eu\/ru\/","name":"Valika.eu","description":"\u0421\u0430\u043b\u043e\u043d\u043d\u0430\u044f \u043f\u0440\u043e\u0434\u0443\u043a\u0446\u0438\u044f \u0438 \u0442\u043e\u0432\u0430\u0440\u044b \u0434\u043b\u044f \u043a\u0440\u0430\u0441\u043e\u0442\u044b - Valika \u043f\u0440\u0435\u0434\u043b\u0430\u0433\u0430\u0435\u0442 \u0448\u0438\u0440\u043e\u043a\u0438\u0439 \u0430\u0441\u0441\u043e\u0440\u0442\u0438\u043c\u0435\u043d\u0442 \u043f\u0440\u043e\u0434\u0443\u043a\u0446\u0438\u0438 \u0438 \u0430\u043a\u0441\u0435\u0441\u0441\u0443\u0430\u0440\u043e\u0432 \u0434\u043b\u044f \u043d\u043e\u0433\u0442\u0435\u0432\u044b\u0445 \u0442\u0435\u0445\u043d\u0438\u043a\u043e\u0432, \u0441\u0430\u043b\u043e\u043d\u043e\u0432 \u043a\u0440\u0430\u0441\u043e\u0442\u044b, \u043f\u0430\u0440\u0438\u043a\u043c\u0430\u0445\u0435\u0440\u0441\u043a\u0438\u0445","publisher":{"@id":"https:\/\/valika.eu\/ru\/#organization"},"alternateName":"Valika","potentialAction":[{"@type":"SearchAction","target":{"@type":"EntryPoint","urlTemplate":"https:\/\/valika.eu\/ru\/?s={search_term_string}"},"query-input":{"@type":"PropertyValueSpecification","valueRequired":true,"valueName":"search_term_string"}}],"inLanguage":"ru-RU"},{"@type":"Organization","@id":"https:\/\/valika.eu\/ru\/#organization","name":"Salongitoode O\u00dc","alternateName":"Valika","url":"https:\/\/valika.eu\/ru\/","logo":{"@type":"ImageObject","inLanguage":"ru-RU","@id":"https:\/\/valika.eu\/ru\/#\/schema\/logo\/image\/","url":"https:\/\/valika.eu\/wp-content\/uploads\/2023\/11\/logo2-valika-footer.png","contentUrl":"https:\/\/valika.eu\/wp-content\/uploads\/2023\/11\/logo2-valika-footer.png","width":200,"height":129,"caption":"Salongitoode O\u00dc"},"image":{"@id":"https:\/\/valika.eu\/ru\/#\/schema\/logo\/image\/"},"sameAs":["https:\/\/www.facebook.com\/tipsi.net"]}]}},"jetpack_sharing_enabled":true,"_links":{"self":[{"href":"https:\/\/valika.eu\/ru\/wp-json\/wp\/v2\/product\/10180","targetHints":{"allow":["GET"]}}],"collection":[{"href":"https:\/\/valika.eu\/ru\/wp-json\/wp\/v2\/product"}],"about":[{"href":"https:\/\/valika.eu\/ru\/wp-json\/wp\/v2\/types\/product"}],"wp:featuredmedia":[{"embeddable":true,"href":"https:\/\/valika.eu\/ru\/wp-json\/wp\/v2\/media\/10185"}],"wp:attachment":[{"href":"https:\/\/valika.eu\/ru\/wp-json\/wp\/v2\/media?parent=10180"}],"wp:term":[{"taxonomy":"product_brand","embeddable":true,"href":"https:\/\/valika.eu\/ru\/wp-json\/wp\/v2\/product_brand?post=10180"},{"taxonomy":"product_cat","embeddable":true,"href":"https:\/\/valika.eu\/ru\/wp-json\/wp\/v2\/product_cat?post=10180"},{"taxonomy":"product_tag","embeddable":true,"href":"https:\/\/valika.eu\/ru\/wp-json\/wp\/v2\/product_tag?post=10180"}],"curies":[{"name":"wp","href":"https:\/\/api.w.org\/{rel}","templated":true}]}}