{"id":10521,"date":"2024-11-28T15:40:24","date_gmt":"2024-11-28T13:40:24","guid":{"rendered":"https:\/\/valika.eu\/?post_type=product&#038;p=10521"},"modified":"2025-09-24T12:33:40","modified_gmt":"2025-09-24T09:33:40","slug":"kummist-alus-otsik-pedikuuri-lihvmutsile-10mm","status":"publish","type":"product","link":"https:\/\/valika.eu\/ru\/toode\/kummist-alus-otsik-pedikuuri-lihvmutsile-10mm\/","title":{"rendered":"\u0420\u0435\u0437\u0438\u043d\u043e\u0432\u0430\u044f \u043e\u0441\u043d\u043e\u0432\u0430 \u0434\u043b\u044f \u0448\u043b\u0438\u0444\u043e\u0432\u0430\u043b\u044c\u043d\u044b\u0445  \u043a\u043e\u043b\u043f\u0430\u0447\u043a\u043e\u0432 10mm"},"content":{"rendered":"<p><\/p>\n<p>\u0420\u0435\u0437\u0438\u043d\u043e\u0432\u0430\u044f \u043e\u0441\u043d\u043e\u0432\u0430 \u0434\u043b\u044f \u0448\u043b\u0438\u0444\u043e\u0432\u0430\u043b\u044c\u043d\u044b\u0445  \u043a\u043e\u043b\u043f\u0430\u0447\u043a\u043e\u0432 D10mmX15mm<\/p>\n<p>\u2022 \u0443\u0441\u0442\u0430\u043d\u043e\u0432\u0438\u0442\u0435 \u0434\u0435\u0440\u0436\u0430\u0442\u0435\u043b\u044c \u0432  \u043c\u0430\u0448\u0438\u043d\u043a\u0443 \u0438 \u043d\u0430\u0434\u0435\u043d\u044c\u0442\u0435 \u043d\u0430 \u043d\u0435\u0433\u043e \u0430\u0431\u0440\u0430\u0437\u0438\u0432\u043d\u044b\u0439 \u043a\u043e\u043b\u043f\u0430\u0447\u043e\u043a<br \/>\u2022 \u0434\u0435\u0440\u0436\u0430\u0442\u0435\u043b\u044c \u0438\u043c\u0435\u0435\u0442 \u0448\u0442\u0438\u0444\u0442 \u0443\u043d\u0438\u0432\u0435\u0440\u0441\u0430\u043b\u044c\u043d\u043e\u0433\u043e \u0434\u0438\u0430\u043c\u0435\u0442\u0440\u0430 2,32 \u043c\u043c<br \/>\u2022 \u0445\u0432\u043e\u0441\u0442\u043e\u0432\u0438\u043a \u043f\u043e\u0434\u0445\u043e\u0434\u0438\u0442 \u043a\u043e \u0432\u0441\u0435\u043c \u0444\u0440\u0435\u0437\u0435\u0440\u043d\u044b\u043c \u0441\u0442\u0430\u043d\u043a\u0430\u043c, \u0434\u043e\u0441\u0442\u0443\u043f\u043d\u044b\u043c \u043d\u0430 \u0440\u044b\u043d\u043a\u0435<\/p>\n<p><\/p>","protected":false},"excerpt":{"rendered":"<p>\u0420\u0435\u0437\u0438\u043d\u043e\u0432\u0430\u044f \u043e\u0441\u043d\u043e\u0432\u0430 \u0434\u043b\u044f \u0448\u043b\u0438\u0444\u043e\u0432\u0430\u043b\u044c\u043d\u044b\u0445 \u043a\u043e\u043b\u043f\u0430\u0447\u043a\u043e\u0432 D10mmX15mm \u2022 \u0443\u0441\u0442\u0430\u043d\u043e\u0432\u0438\u0442\u0435 \u0434\u0435\u0440\u0436\u0430\u0442\u0435\u043b\u044c \u0432 \u043c\u0430\u0448\u0438\u043d\u043a\u0443 \u0438 \u043d\u0430\u0434\u0435\u043d\u044c\u0442\u0435 \u043d\u0430 \u043d\u0435\u0433\u043e \u0430\u0431\u0440\u0430\u0437\u0438\u0432\u043d\u044b\u0439 \u043a\u043e\u043b\u043f\u0430\u0447\u043e\u043a\u2022 \u0434\u0435\u0440\u0436\u0430\u0442\u0435\u043b\u044c \u0438\u043c\u0435\u0435\u0442 \u0448\u0442\u0438\u0444\u0442<\/p>\n","protected":false},"featured_media":8826,"template":"","meta":[],"product_brand":[],"product_cat":[583,725],"product_tag":[],"class_list":{"0":"post-10521","1":"product","2":"type-product","3":"status-publish","4":"has-post-thumbnail","6":"product_cat-nosniki-i-kapturki","7":"product_cat-pedikuuri-jaoks-2","9":"first","10":"instock","11":"taxable","12":"shipping-taxable","13":"purchasable","14":"product-type-simple"},"yoast_head":"<!-- This site is optimized with the Yoast SEO plugin v24.4 - https:\/\/yoast.com\/wordpress\/plugins\/seo\/ -->\n<title>\u0420\u0435\u0437\u0438\u043d\u043e\u0432\u0430\u044f \u043e\u0441\u043d\u043e\u0432\u0430 \u0434\u043b\u044f \u0448\u043b\u0438\u0444\u043e\u0432\u0430\u043b\u044c\u043d\u044b\u0445 \u043a\u043e\u043b\u043f\u0430\u0447\u043a\u043e\u0432 10mm | Valika<\/title>\n<meta name=\"robots\" content=\"index, follow, max-snippet:-1, max-image-preview:large, max-video-preview:-1\" \/>\n<link rel=\"canonical\" href=\"https:\/\/valika.eu\/ru\/toode\/kummist-alus-otsik-pedikuuri-lihvmutsile-10mm\/\" \/>\n<meta property=\"og:locale\" content=\"ru_RU\" \/>\n<meta property=\"og:type\" content=\"article\" \/>\n<meta property=\"og:title\" content=\"\u0420\u0435\u0437\u0438\u043d\u043e\u0432\u0430\u044f \u043e\u0441\u043d\u043e\u0432\u0430 \u0434\u043b\u044f \u0448\u043b\u0438\u0444\u043e\u0432\u0430\u043b\u044c\u043d\u044b\u0445 \u043a\u043e\u043b\u043f\u0430\u0447\u043a\u043e\u0432 10mm | Valika\" \/>\n<meta property=\"og:description\" content=\"\u0420\u0435\u0437\u0438\u043d\u043e\u0432\u0430\u044f \u043e\u0441\u043d\u043e\u0432\u0430 \u0434\u043b\u044f \u0448\u043b\u0438\u0444\u043e\u0432\u0430\u043b\u044c\u043d\u044b\u0445 \u043a\u043e\u043b\u043f\u0430\u0447\u043a\u043e\u0432 D10mmX15mm \u2022 \u0443\u0441\u0442\u0430\u043d\u043e\u0432\u0438\u0442\u0435 \u0434\u0435\u0440\u0436\u0430\u0442\u0435\u043b\u044c \u0432 \u043c\u0430\u0448\u0438\u043d\u043a\u0443 \u0438 \u043d\u0430\u0434\u0435\u043d\u044c\u0442\u0435 \u043d\u0430 \u043d\u0435\u0433\u043e \u0430\u0431\u0440\u0430\u0437\u0438\u0432\u043d\u044b\u0439 \u043a\u043e\u043b\u043f\u0430\u0447\u043e\u043a\u2022 \u0434\u0435\u0440\u0436\u0430\u0442\u0435\u043b\u044c \u0438\u043c\u0435\u0435\u0442 \u0448\u0442\u0438\u0444\u0442\" \/>\n<meta property=\"og:url\" content=\"https:\/\/valika.eu\/ru\/toode\/kummist-alus-otsik-pedikuuri-lihvmutsile-10mm\/\" \/>\n<meta property=\"og:site_name\" content=\"Valika\" \/>\n<meta property=\"article:publisher\" content=\"https:\/\/www.facebook.com\/tipsi.net\" \/>\n<meta property=\"article:modified_time\" content=\"2025-09-24T09:33:40+00:00\" \/>\n<meta property=\"og:image\" content=\"https:\/\/valika.eu\/wp-content\/uploads\/2024\/10\/557.jpg\" \/>\n\t<meta property=\"og:image:width\" content=\"300\" \/>\n\t<meta property=\"og:image:height\" content=\"200\" \/>\n\t<meta property=\"og:image:type\" content=\"image\/jpeg\" \/>\n<meta name=\"twitter:card\" content=\"summary_large_image\" \/>\n<script type=\"application\/ld+json\" class=\"yoast-schema-graph\">{\"@context\":\"https:\/\/schema.org\",\"@graph\":[{\"@type\":\"WebPage\",\"@id\":\"https:\/\/valika.eu\/ru\/toode\/kummist-alus-otsik-pedikuuri-lihvmutsile-10mm\/\",\"url\":\"https:\/\/valika.eu\/ru\/toode\/kummist-alus-otsik-pedikuuri-lihvmutsile-10mm\/\",\"name\":\"\u0420\u0435\u0437\u0438\u043d\u043e\u0432\u0430\u044f \u043e\u0441\u043d\u043e\u0432\u0430 \u0434\u043b\u044f \u0448\u043b\u0438\u0444\u043e\u0432\u0430\u043b\u044c\u043d\u044b\u0445 \u043a\u043e\u043b\u043f\u0430\u0447\u043a\u043e\u0432 10mm | Valika\",\"isPartOf\":{\"@id\":\"https:\/\/valika.eu\/ru\/#website\"},\"primaryImageOfPage\":{\"@id\":\"https:\/\/valika.eu\/ru\/toode\/kummist-alus-otsik-pedikuuri-lihvmutsile-10mm\/#primaryimage\"},\"image\":{\"@id\":\"https:\/\/valika.eu\/toode\/kummist-alus-otsik-pedikuuri-lihvmutsile-10mm\/#primaryimage\"},\"thumbnailUrl\":\"https:\/\/valika.eu\/wp-content\/uploads\/2024\/10\/557.jpg\",\"datePublished\":\"2024-11-28T13:40:24+00:00\",\"dateModified\":\"2025-09-24T09:33:40+00:00\",\"breadcrumb\":{\"@id\":\"https:\/\/valika.eu\/ru\/toode\/kummist-alus-otsik-pedikuuri-lihvmutsile-10mm\/#breadcrumb\"},\"inLanguage\":\"ru-RU\",\"potentialAction\":[{\"@type\":\"ReadAction\",\"target\":[[\"https:\/\/valika.eu\/ru\/toode\/kummist-alus-otsik-pedikuuri-lihvmutsile-10mm\/\"]]}]},{\"@type\":\"ImageObject\",\"inLanguage\":\"ru-RU\",\"@id\":\"https:\/\/valika.eu\/ru\/toode\/kummist-alus-otsik-pedikuuri-lihvmutsile-10mm\/#primaryimage\",\"url\":\"https:\/\/valika.eu\/wp-content\/uploads\/2024\/10\/557.jpg\",\"contentUrl\":\"https:\/\/valika.eu\/wp-content\/uploads\/2024\/10\/557.jpg\",\"width\":300,\"height\":200},{\"@type\":\"BreadcrumbList\",\"@id\":\"https:\/\/valika.eu\/ru\/toode\/kummist-alus-otsik-pedikuuri-lihvmutsile-10mm\/#breadcrumb\",\"itemListElement\":[{\"@type\":\"ListItem\",\"position\":1,\"name\":\"Koti\",\"item\":\"https:\/\/valika.eu\/ru\/\"},{\"@type\":\"ListItem\",\"position\":2,\"name\":\"Shop\",\"item\":\"https:\/\/valika.eu\/ru\/\"},{\"@type\":\"ListItem\",\"position\":3,\"name\":\"Kummist alus otsik pedik\u00fc\u00fcri lihvm\u00fctsile 10mm\"}]},{\"@type\":\"WebSite\",\"@id\":\"https:\/\/valika.eu\/ru\/#website\",\"url\":\"https:\/\/valika.eu\/ru\/\",\"name\":\"Valika.eu\",\"description\":\"\u0421\u0430\u043b\u043e\u043d\u043d\u0430\u044f \u043f\u0440\u043e\u0434\u0443\u043a\u0446\u0438\u044f \u0438 \u0442\u043e\u0432\u0430\u0440\u044b \u0434\u043b\u044f \u043a\u0440\u0430\u0441\u043e\u0442\u044b - Valika \u043f\u0440\u0435\u0434\u043b\u0430\u0433\u0430\u0435\u0442 \u0448\u0438\u0440\u043e\u043a\u0438\u0439 \u0430\u0441\u0441\u043e\u0440\u0442\u0438\u043c\u0435\u043d\u0442 \u043f\u0440\u043e\u0434\u0443\u043a\u0446\u0438\u0438 \u0438 \u0430\u043a\u0441\u0435\u0441\u0441\u0443\u0430\u0440\u043e\u0432 \u0434\u043b\u044f \u043d\u043e\u0433\u0442\u0435\u0432\u044b\u0445 \u0442\u0435\u0445\u043d\u0438\u043a\u043e\u0432, \u0441\u0430\u043b\u043e\u043d\u043e\u0432 \u043a\u0440\u0430\u0441\u043e\u0442\u044b, \u043f\u0430\u0440\u0438\u043a\u043c\u0430\u0445\u0435\u0440\u0441\u043a\u0438\u0445\",\"publisher\":{\"@id\":\"https:\/\/valika.eu\/ru\/#organization\"},\"alternateName\":\"Valika\",\"potentialAction\":[{\"@type\":\"SearchAction\",\"target\":{\"@type\":\"EntryPoint\",\"urlTemplate\":\"https:\/\/valika.eu\/ru\/?s={search_term_string}\"},\"query-input\":{\"@type\":\"PropertyValueSpecification\",\"valueRequired\":true,\"valueName\":\"search_term_string\"}}],\"inLanguage\":\"ru-RU\"},{\"@type\":\"Organization\",\"@id\":\"https:\/\/valika.eu\/ru\/#organization\",\"name\":\"Salongitoode O\u00dc\",\"alternateName\":\"Valika\",\"url\":\"https:\/\/valika.eu\/ru\/\",\"logo\":{\"@type\":\"ImageObject\",\"inLanguage\":\"ru-RU\",\"@id\":\"https:\/\/valika.eu\/ru\/#\/schema\/logo\/image\/\",\"url\":\"https:\/\/valika.eu\/wp-content\/uploads\/2023\/11\/logo2-valika-footer.png\",\"contentUrl\":\"https:\/\/valika.eu\/wp-content\/uploads\/2023\/11\/logo2-valika-footer.png\",\"width\":200,\"height\":129,\"caption\":\"Salongitoode O\u00dc\"},\"image\":{\"@id\":\"https:\/\/valika.eu\/ru\/#\/schema\/logo\/image\/\"},\"sameAs\":[\"https:\/\/www.facebook.com\/tipsi.net\"]}]}<\/script>\n<!-- \/ Yoast SEO plugin. -->","yoast_head_json":{"title":"\u0420\u0435\u0437\u0438\u043d\u043e\u0432\u0430\u044f \u043e\u0441\u043d\u043e\u0432\u0430 \u0434\u043b\u044f \u0448\u043b\u0438\u0444\u043e\u0432\u0430\u043b\u044c\u043d\u044b\u0445 \u043a\u043e\u043b\u043f\u0430\u0447\u043a\u043e\u0432 10mm | Valika","robots":{"index":"index","follow":"follow","max-snippet":"max-snippet:-1","max-image-preview":"max-image-preview:large","max-video-preview":"max-video-preview:-1"},"canonical":"https:\/\/valika.eu\/ru\/toode\/kummist-alus-otsik-pedikuuri-lihvmutsile-10mm\/","og_locale":"ru_RU","og_type":"article","og_title":"\u0420\u0435\u0437\u0438\u043d\u043e\u0432\u0430\u044f \u043e\u0441\u043d\u043e\u0432\u0430 \u0434\u043b\u044f \u0448\u043b\u0438\u0444\u043e\u0432\u0430\u043b\u044c\u043d\u044b\u0445 \u043a\u043e\u043b\u043f\u0430\u0447\u043a\u043e\u0432 10mm | Valika","og_description":"\u0420\u0435\u0437\u0438\u043d\u043e\u0432\u0430\u044f \u043e\u0441\u043d\u043e\u0432\u0430 \u0434\u043b\u044f \u0448\u043b\u0438\u0444\u043e\u0432\u0430\u043b\u044c\u043d\u044b\u0445 \u043a\u043e\u043b\u043f\u0430\u0447\u043a\u043e\u0432 D10mmX15mm \u2022 \u0443\u0441\u0442\u0430\u043d\u043e\u0432\u0438\u0442\u0435 \u0434\u0435\u0440\u0436\u0430\u0442\u0435\u043b\u044c \u0432 \u043c\u0430\u0448\u0438\u043d\u043a\u0443 \u0438 \u043d\u0430\u0434\u0435\u043d\u044c\u0442\u0435 \u043d\u0430 \u043d\u0435\u0433\u043e \u0430\u0431\u0440\u0430\u0437\u0438\u0432\u043d\u044b\u0439 \u043a\u043e\u043b\u043f\u0430\u0447\u043e\u043a\u2022 \u0434\u0435\u0440\u0436\u0430\u0442\u0435\u043b\u044c \u0438\u043c\u0435\u0435\u0442 \u0448\u0442\u0438\u0444\u0442","og_url":"https:\/\/valika.eu\/ru\/toode\/kummist-alus-otsik-pedikuuri-lihvmutsile-10mm\/","og_site_name":"Valika","article_publisher":"https:\/\/www.facebook.com\/tipsi.net","article_modified_time":"2025-09-24T09:33:40+00:00","og_image":[{"width":300,"height":200,"url":"https:\/\/valika.eu\/wp-content\/uploads\/2024\/10\/557.jpg","type":"image\/jpeg"}],"twitter_card":"summary_large_image","schema":{"@context":"https:\/\/schema.org","@graph":[{"@type":"WebPage","@id":"https:\/\/valika.eu\/ru\/toode\/kummist-alus-otsik-pedikuuri-lihvmutsile-10mm\/","url":"https:\/\/valika.eu\/ru\/toode\/kummist-alus-otsik-pedikuuri-lihvmutsile-10mm\/","name":"\u0420\u0435\u0437\u0438\u043d\u043e\u0432\u0430\u044f \u043e\u0441\u043d\u043e\u0432\u0430 \u0434\u043b\u044f \u0448\u043b\u0438\u0444\u043e\u0432\u0430\u043b\u044c\u043d\u044b\u0445 \u043a\u043e\u043b\u043f\u0430\u0447\u043a\u043e\u0432 10mm | Valika","isPartOf":{"@id":"https:\/\/valika.eu\/ru\/#website"},"primaryImageOfPage":{"@id":"https:\/\/valika.eu\/ru\/toode\/kummist-alus-otsik-pedikuuri-lihvmutsile-10mm\/#primaryimage"},"image":{"@id":"https:\/\/valika.eu\/toode\/kummist-alus-otsik-pedikuuri-lihvmutsile-10mm\/#primaryimage"},"thumbnailUrl":"https:\/\/valika.eu\/wp-content\/uploads\/2024\/10\/557.jpg","datePublished":"2024-11-28T13:40:24+00:00","dateModified":"2025-09-24T09:33:40+00:00","breadcrumb":{"@id":"https:\/\/valika.eu\/ru\/toode\/kummist-alus-otsik-pedikuuri-lihvmutsile-10mm\/#breadcrumb"},"inLanguage":"ru-RU","potentialAction":[{"@type":"ReadAction","target":[["https:\/\/valika.eu\/ru\/toode\/kummist-alus-otsik-pedikuuri-lihvmutsile-10mm\/"]]}]},{"@type":"ImageObject","inLanguage":"ru-RU","@id":"https:\/\/valika.eu\/ru\/toode\/kummist-alus-otsik-pedikuuri-lihvmutsile-10mm\/#primaryimage","url":"https:\/\/valika.eu\/wp-content\/uploads\/2024\/10\/557.jpg","contentUrl":"https:\/\/valika.eu\/wp-content\/uploads\/2024\/10\/557.jpg","width":300,"height":200},{"@type":"BreadcrumbList","@id":"https:\/\/valika.eu\/ru\/toode\/kummist-alus-otsik-pedikuuri-lihvmutsile-10mm\/#breadcrumb","itemListElement":[{"@type":"ListItem","position":1,"name":"Koti","item":"https:\/\/valika.eu\/ru\/"},{"@type":"ListItem","position":2,"name":"Shop","item":"https:\/\/valika.eu\/ru\/"},{"@type":"ListItem","position":3,"name":"Kummist alus otsik pedik\u00fc\u00fcri lihvm\u00fctsile 10mm"}]},{"@type":"WebSite","@id":"https:\/\/valika.eu\/ru\/#website","url":"https:\/\/valika.eu\/ru\/","name":"Valika.eu","description":"\u0421\u0430\u043b\u043e\u043d\u043d\u0430\u044f \u043f\u0440\u043e\u0434\u0443\u043a\u0446\u0438\u044f \u0438 \u0442\u043e\u0432\u0430\u0440\u044b \u0434\u043b\u044f \u043a\u0440\u0430\u0441\u043e\u0442\u044b - Valika \u043f\u0440\u0435\u0434\u043b\u0430\u0433\u0430\u0435\u0442 \u0448\u0438\u0440\u043e\u043a\u0438\u0439 \u0430\u0441\u0441\u043e\u0440\u0442\u0438\u043c\u0435\u043d\u0442 \u043f\u0440\u043e\u0434\u0443\u043a\u0446\u0438\u0438 \u0438 \u0430\u043a\u0441\u0435\u0441\u0441\u0443\u0430\u0440\u043e\u0432 \u0434\u043b\u044f \u043d\u043e\u0433\u0442\u0435\u0432\u044b\u0445 \u0442\u0435\u0445\u043d\u0438\u043a\u043e\u0432, \u0441\u0430\u043b\u043e\u043d\u043e\u0432 \u043a\u0440\u0430\u0441\u043e\u0442\u044b, \u043f\u0430\u0440\u0438\u043a\u043c\u0430\u0445\u0435\u0440\u0441\u043a\u0438\u0445","publisher":{"@id":"https:\/\/valika.eu\/ru\/#organization"},"alternateName":"Valika","potentialAction":[{"@type":"SearchAction","target":{"@type":"EntryPoint","urlTemplate":"https:\/\/valika.eu\/ru\/?s={search_term_string}"},"query-input":{"@type":"PropertyValueSpecification","valueRequired":true,"valueName":"search_term_string"}}],"inLanguage":"ru-RU"},{"@type":"Organization","@id":"https:\/\/valika.eu\/ru\/#organization","name":"Salongitoode O\u00dc","alternateName":"Valika","url":"https:\/\/valika.eu\/ru\/","logo":{"@type":"ImageObject","inLanguage":"ru-RU","@id":"https:\/\/valika.eu\/ru\/#\/schema\/logo\/image\/","url":"https:\/\/valika.eu\/wp-content\/uploads\/2023\/11\/logo2-valika-footer.png","contentUrl":"https:\/\/valika.eu\/wp-content\/uploads\/2023\/11\/logo2-valika-footer.png","width":200,"height":129,"caption":"Salongitoode O\u00dc"},"image":{"@id":"https:\/\/valika.eu\/ru\/#\/schema\/logo\/image\/"},"sameAs":["https:\/\/www.facebook.com\/tipsi.net"]}]}},"jetpack_sharing_enabled":true,"_links":{"self":[{"href":"https:\/\/valika.eu\/ru\/wp-json\/wp\/v2\/product\/10521","targetHints":{"allow":["GET"]}}],"collection":[{"href":"https:\/\/valika.eu\/ru\/wp-json\/wp\/v2\/product"}],"about":[{"href":"https:\/\/valika.eu\/ru\/wp-json\/wp\/v2\/types\/product"}],"wp:featuredmedia":[{"embeddable":true,"href":"https:\/\/valika.eu\/ru\/wp-json\/wp\/v2\/media\/8826"}],"wp:attachment":[{"href":"https:\/\/valika.eu\/ru\/wp-json\/wp\/v2\/media?parent=10521"}],"wp:term":[{"taxonomy":"product_brand","embeddable":true,"href":"https:\/\/valika.eu\/ru\/wp-json\/wp\/v2\/product_brand?post=10521"},{"taxonomy":"product_cat","embeddable":true,"href":"https:\/\/valika.eu\/ru\/wp-json\/wp\/v2\/product_cat?post=10521"},{"taxonomy":"product_tag","embeddable":true,"href":"https:\/\/valika.eu\/ru\/wp-json\/wp\/v2\/product_tag?post=10521"}],"curies":[{"name":"wp","href":"https:\/\/api.w.org\/{rel}","templated":true}]}}