{"id":1187,"date":"2024-09-30T15:51:09","date_gmt":"2024-09-30T12:51:09","guid":{"rendered":"https:\/\/valika.eu\/?post_type=product&#038;p=1187"},"modified":"2025-10-31T14:56:05","modified_gmt":"2025-10-31T12:56:05","slug":"pedikuurimeistri-tool","status":"publish","type":"product","link":"https:\/\/valika.eu\/ru\/toode\/pedikuurimeistri-tool\/","title":{"rendered":"\u0421\u0442\u0443\u043b\u044c\u0447\u0438\u043a \u043c\u0430\u0441\u0442\u0435\u0440\u0430 \u043f\u0435\u0434\u0438\u043a\u044e\u0440\u0430 39-46cm"},"content":{"rendered":"<p>\u0421\u0442\u0443\u043b\u044c\u0447\u0438\u043a \u043d\u0430 \u0433\u0430\u0437\u043e\u0432\u043e\u0439 \u043f\u043e\u043c\u043f\u0435 \u0441\u043e \u0441\u043f\u0438\u043d\u043a\u043e\u0439 \u043e\u0447\u0435\u043d\u044c \u0443\u0434\u043e\u0431\u043d\u044b\u0439 \u0438 \u043a\u043e\u043c\u0444\u043e\u0440\u0442\u043d\u044b\u0439.<\/p>\n<p>\u0411\u043b\u0430\u0433\u043e\u0434\u0430\u0440\u044f \u0441\u0432\u043e\u0435\u043c\u0443 \u0434\u0438\u0437\u0430\u0439\u043d\u0443 \u0435\u0433\u043e \u043c\u043e\u0436\u043d\u043e \u043d\u0430\u0437\u0432\u0430\u0442\u044c \u0438\u0434\u0435\u0430\u043b\u044c\u043d\u044b\u043c \u0432\u0430\u0440\u0438\u0430\u043d\u0442\u043e\u043c \u0441\u0442\u0443\u043b\u044c\u0447\u0438\u043a\u0430 \u0434\u043b\u044f \u043c\u0430\u0441\u0442\u0435\u0440\u0430 \u043f\u0435\u0434\u0438\u043a\u044e\u0440\u0430.<\/p>\n<p>\u0414\u043b\u044f \u0434\u0440\u0443\u0433\u0438\u0445 \u0440\u0430\u0431\u043e\u0442 \u043c\u043e\u0436\u0435\u0442 \u043d\u0435 \u043f\u043e\u0434\u043e\u0439\u0442\u0438, \u0442\u0430\u043a \u043a\u0430\u043a \u043e\u0447\u0435\u043d\u044c \u043d\u0438\u0437\u043a\u0438\u0439.<\/p>\n<p>\u2015 \u0441\u043e \u0441\u043f\u0438\u043d\u043a\u043e\u0439;<\/p>\n<p>\u2015 \u043f\u043d\u0435\u0432\u043c\u0430\u0442\u0438\u0447\u0435\u0441\u043a\u0438\u0439 \u043f\u043e\u0434\u044a\u0451\u043c\u043d\u0438\u043a \u0433\u0430\u0437\u043b\u0438\u0444\u0442;<\/p>\n<p>\u2015 \u0431\u0430\u0437\u0430 \u043f\u044f\u0442\u0438\u043b\u0443\u0447\u0435\u0432\u0430\u044f \u043c\u0435\u0442\u0430\u043b\u043b\u0438\u0447\u0435\u0441\u043a\u0430\u044f;<\/p>\n<p>\u2015 \u043e\u0431\u0438\u0432\u043a\u0430 \u043a\u043e\u0436\u0435\u0437\u0430\u043c\u0435\u043d\u0438\u0442\u0435\u043b\u044c (\u043a\u043e\u0436\u0437\u0430\u043c);<\/p>\n<p>\u0426\u0432\u0435\u0442 \u043e\u0431\u0438\u0432\u043a\u0438 :<\/p>\n<p>&#8211; \u0431\u0435\u043b\u044b\u0439<\/p>\n<p>\u0413\u0430\u0431\u0430\u0440\u0438\u0442\u043d\u044b\u0435 \u0440\u0430\u0437\u043c\u0435\u0440\u044b: 42\u044542\u044539~46h<\/p>\n<p>\u0413\u0430\u0431\u0430\u0440\u0438\u0442\u043d\u044b\u0435 \u0440\u0430\u0437\u043c\u0435\u0440\u044b \u0432 \u0443\u043f\u0430\u043a\u043e\u0432\u043a\u0435: 46 \u0445 46 \u0445 44<\/p>\n<p>\u0412\u0435\u0441 \u0442\u043e\u0432\u0430\u0440\u0430 \u0441 \u0443\u043f\u0430\u043a\u043e\u0432\u043a\u043e\u0439 : 9 \u043a\u0433<\/p>\n<p>\u041e\u0447\u0435\u043d\u044c \u0443\u0434\u043e\u0431\u043d\u044b\u0439 \u0438 \u043f\u043e\u043f\u0443\u043b\u044f\u0440\u043d\u044b\u0439 \u0441\u0442\u0443\u043b\u044c\u0447\u0438\u043a \u0434\u043b\u044f \u043c\u0430\u0441\u0442\u0435\u0440\u043e\u0432 \u043f\u0435\u0434\u0438\u043a\u044e\u0440\u0430!<\/p>","protected":false},"excerpt":{"rendered":"<p class=\"qtranxs-available-languages-message qtranxs-available-languages-message-ru\">\u0418\u0437\u0432\u0438\u043d\u0438\u0442\u0435, \u044d\u0442\u043e\u0442 \u0442\u0435\u043a\u0441\u0442 \u0434\u043e\u0441\u0442\u0443\u043f\u0435\u043d \u0442\u043e\u043b\u044c\u043a\u043e \u043d\u0430 \u201c<a href=\"https:\/\/valika.eu\/et\/wp-json\/wp\/v2\/product\/1187\" class=\"qtranxs-available-language-link qtranxs-available-language-link-et\" title=\"Eesti\">Eesti<\/a>\u201d, \u201c<a href=\"https:\/\/valika.eu\/en\/wp-json\/wp\/v2\/product\/1187\" class=\"qtranxs-available-language-link qtranxs-available-language-link-en\" title=\"English\">English<\/a>\u201d \u0438 \u201c<a href=\"https:\/\/valika.eu\/fi\/wp-json\/wp\/v2\/product\/1187\" class=\"qtranxs-available-language-link qtranxs-available-language-link-fi\" title=\"suomi\">suomi<\/a>\u201d.<\/p>\n<p>\u0414\u043b\u044f \u0434\u0440\u0443\u0433\u0438\u0445 \u0440\u0430\u0431\u043e\u0442 \u043c\u043e\u0436\u0435\u0442 \u043d\u0435 \u043f\u043e\u0434\u043e\u0439\u0442\u0438, \u0442\u0430\u043a \u043a\u0430\u043a \u043e\u0447\u0435\u043d\u044c \u043d\u0438\u0437\u043a\u0438\u0439.<\/p>\n","protected":false},"featured_media":1191,"template":"","meta":[],"product_brand":[],"product_cat":[24,356],"product_tag":[],"class_list":{"0":"post-1187","1":"product","2":"type-product","3":"status-publish","4":"has-post-thumbnail","6":"product_cat-ilusalongimoobel","7":"product_cat-meistritoolid","9":"first","10":"instock","11":"taxable","12":"shipping-taxable","13":"purchasable","14":"product-type-simple"},"yoast_head":"<!-- This site is optimized with the Yoast SEO plugin v24.4 - https:\/\/yoast.com\/wordpress\/plugins\/seo\/ -->\n<title>\u0421\u0442\u0443\u043b\u044c\u0447\u0438\u043a \u043c\u0430\u0441\u0442\u0435\u0440\u0430 \u043f\u0435\u0434\u0438\u043a\u044e\u0440\u0430 39-46cm | Valika<\/title>\n<meta name=\"robots\" content=\"index, follow, max-snippet:-1, max-image-preview:large, max-video-preview:-1\" \/>\n<link rel=\"canonical\" href=\"https:\/\/valika.eu\/ru\/toode\/pedikuurimeistri-tool\/\" \/>\n<meta property=\"og:locale\" content=\"ru_RU\" \/>\n<meta property=\"og:type\" content=\"article\" \/>\n<meta property=\"og:title\" content=\"\u0421\u0442\u0443\u043b\u044c\u0447\u0438\u043a \u043c\u0430\u0441\u0442\u0435\u0440\u0430 \u043f\u0435\u0434\u0438\u043a\u044e\u0440\u0430 39-46cm | Valika\" \/>\n<meta property=\"og:description\" content=\"\u0414\u043b\u044f \u0434\u0440\u0443\u0433\u0438\u0445 \u0440\u0430\u0431\u043e\u0442 \u043c\u043e\u0436\u0435\u0442 \u043d\u0435 \u043f\u043e\u0434\u043e\u0439\u0442\u0438, \u0442\u0430\u043a \u043a\u0430\u043a \u043e\u0447\u0435\u043d\u044c \u043d\u0438\u0437\u043a\u0438\u0439.\" \/>\n<meta property=\"og:url\" content=\"https:\/\/valika.eu\/ru\/toode\/pedikuurimeistri-tool\/\" \/>\n<meta property=\"og:site_name\" content=\"Valika\" \/>\n<meta property=\"article:publisher\" content=\"https:\/\/www.facebook.com\/tipsi.net\" \/>\n<meta property=\"article:modified_time\" content=\"2025-10-31T12:56:05+00:00\" \/>\n<meta property=\"og:image\" content=\"https:\/\/valika.eu\/wp-content\/uploads\/2024\/09\/pedikuurimeistritool-1.jpg\" \/>\n\t<meta property=\"og:image:width\" content=\"600\" \/>\n\t<meta property=\"og:image:height\" content=\"843\" \/>\n\t<meta property=\"og:image:type\" content=\"image\/jpeg\" \/>\n<meta name=\"twitter:card\" content=\"summary_large_image\" \/>\n<script type=\"application\/ld+json\" class=\"yoast-schema-graph\">{\"@context\":\"https:\/\/schema.org\",\"@graph\":[{\"@type\":\"WebPage\",\"@id\":\"https:\/\/valika.eu\/ru\/toode\/pedikuurimeistri-tool\/\",\"url\":\"https:\/\/valika.eu\/ru\/toode\/pedikuurimeistri-tool\/\",\"name\":\"\u0421\u0442\u0443\u043b\u044c\u0447\u0438\u043a \u043c\u0430\u0441\u0442\u0435\u0440\u0430 \u043f\u0435\u0434\u0438\u043a\u044e\u0440\u0430 39-46cm | Valika\",\"isPartOf\":{\"@id\":\"https:\/\/valika.eu\/ru\/#website\"},\"primaryImageOfPage\":{\"@id\":\"https:\/\/valika.eu\/ru\/toode\/pedikuurimeistri-tool\/#primaryimage\"},\"image\":{\"@id\":\"https:\/\/valika.eu\/toode\/pedikuurimeistri-tool\/#primaryimage\"},\"thumbnailUrl\":\"https:\/\/valika.eu\/wp-content\/uploads\/2024\/09\/pedikuurimeistritool-1.jpg\",\"datePublished\":\"2024-09-30T12:51:09+00:00\",\"dateModified\":\"2025-10-31T12:56:05+00:00\",\"breadcrumb\":{\"@id\":\"https:\/\/valika.eu\/ru\/toode\/pedikuurimeistri-tool\/#breadcrumb\"},\"inLanguage\":\"ru-RU\",\"potentialAction\":[{\"@type\":\"ReadAction\",\"target\":[[\"https:\/\/valika.eu\/ru\/toode\/pedikuurimeistri-tool\/\"]]}]},{\"@type\":\"ImageObject\",\"inLanguage\":\"ru-RU\",\"@id\":\"https:\/\/valika.eu\/ru\/toode\/pedikuurimeistri-tool\/#primaryimage\",\"url\":\"https:\/\/valika.eu\/wp-content\/uploads\/2024\/09\/pedikuurimeistritool-1.jpg\",\"contentUrl\":\"https:\/\/valika.eu\/wp-content\/uploads\/2024\/09\/pedikuurimeistritool-1.jpg\",\"width\":600,\"height\":843},{\"@type\":\"BreadcrumbList\",\"@id\":\"https:\/\/valika.eu\/ru\/toode\/pedikuurimeistri-tool\/#breadcrumb\",\"itemListElement\":[{\"@type\":\"ListItem\",\"position\":1,\"name\":\"Koti\",\"item\":\"https:\/\/valika.eu\/ru\/\"},{\"@type\":\"ListItem\",\"position\":2,\"name\":\"Shop\",\"item\":\"https:\/\/valika.eu\/ru\/\"},{\"@type\":\"ListItem\",\"position\":3,\"name\":\"Pedik\u00fc\u00fcrimeistri tool t\u00f6\u00f6tool 39-46cm\"}]},{\"@type\":\"WebSite\",\"@id\":\"https:\/\/valika.eu\/ru\/#website\",\"url\":\"https:\/\/valika.eu\/ru\/\",\"name\":\"Valika.eu\",\"description\":\"\u0421\u0430\u043b\u043e\u043d\u043d\u0430\u044f \u043f\u0440\u043e\u0434\u0443\u043a\u0446\u0438\u044f \u0438 \u0442\u043e\u0432\u0430\u0440\u044b \u0434\u043b\u044f \u043a\u0440\u0430\u0441\u043e\u0442\u044b - Valika \u043f\u0440\u0435\u0434\u043b\u0430\u0433\u0430\u0435\u0442 \u0448\u0438\u0440\u043e\u043a\u0438\u0439 \u0430\u0441\u0441\u043e\u0440\u0442\u0438\u043c\u0435\u043d\u0442 \u043f\u0440\u043e\u0434\u0443\u043a\u0446\u0438\u0438 \u0438 \u0430\u043a\u0441\u0435\u0441\u0441\u0443\u0430\u0440\u043e\u0432 \u0434\u043b\u044f \u043d\u043e\u0433\u0442\u0435\u0432\u044b\u0445 \u0442\u0435\u0445\u043d\u0438\u043a\u043e\u0432, \u0441\u0430\u043b\u043e\u043d\u043e\u0432 \u043a\u0440\u0430\u0441\u043e\u0442\u044b, \u043f\u0430\u0440\u0438\u043a\u043c\u0430\u0445\u0435\u0440\u0441\u043a\u0438\u0445\",\"publisher\":{\"@id\":\"https:\/\/valika.eu\/ru\/#organization\"},\"alternateName\":\"Valika\",\"potentialAction\":[{\"@type\":\"SearchAction\",\"target\":{\"@type\":\"EntryPoint\",\"urlTemplate\":\"https:\/\/valika.eu\/ru\/?s={search_term_string}\"},\"query-input\":{\"@type\":\"PropertyValueSpecification\",\"valueRequired\":true,\"valueName\":\"search_term_string\"}}],\"inLanguage\":\"ru-RU\"},{\"@type\":\"Organization\",\"@id\":\"https:\/\/valika.eu\/ru\/#organization\",\"name\":\"Salongitoode O\u00dc\",\"alternateName\":\"Valika\",\"url\":\"https:\/\/valika.eu\/ru\/\",\"logo\":{\"@type\":\"ImageObject\",\"inLanguage\":\"ru-RU\",\"@id\":\"https:\/\/valika.eu\/ru\/#\/schema\/logo\/image\/\",\"url\":\"https:\/\/valika.eu\/wp-content\/uploads\/2023\/11\/logo2-valika-footer.png\",\"contentUrl\":\"https:\/\/valika.eu\/wp-content\/uploads\/2023\/11\/logo2-valika-footer.png\",\"width\":200,\"height\":129,\"caption\":\"Salongitoode O\u00dc\"},\"image\":{\"@id\":\"https:\/\/valika.eu\/ru\/#\/schema\/logo\/image\/\"},\"sameAs\":[\"https:\/\/www.facebook.com\/tipsi.net\"]}]}<\/script>\n<!-- \/ Yoast SEO plugin. -->","yoast_head_json":{"title":"\u0421\u0442\u0443\u043b\u044c\u0447\u0438\u043a \u043c\u0430\u0441\u0442\u0435\u0440\u0430 \u043f\u0435\u0434\u0438\u043a\u044e\u0440\u0430 39-46cm | Valika","robots":{"index":"index","follow":"follow","max-snippet":"max-snippet:-1","max-image-preview":"max-image-preview:large","max-video-preview":"max-video-preview:-1"},"canonical":"https:\/\/valika.eu\/ru\/toode\/pedikuurimeistri-tool\/","og_locale":"ru_RU","og_type":"article","og_title":"\u0421\u0442\u0443\u043b\u044c\u0447\u0438\u043a \u043c\u0430\u0441\u0442\u0435\u0440\u0430 \u043f\u0435\u0434\u0438\u043a\u044e\u0440\u0430 39-46cm | Valika","og_description":"\u0414\u043b\u044f \u0434\u0440\u0443\u0433\u0438\u0445 \u0440\u0430\u0431\u043e\u0442 \u043c\u043e\u0436\u0435\u0442 \u043d\u0435 \u043f\u043e\u0434\u043e\u0439\u0442\u0438, \u0442\u0430\u043a \u043a\u0430\u043a \u043e\u0447\u0435\u043d\u044c \u043d\u0438\u0437\u043a\u0438\u0439.","og_url":"https:\/\/valika.eu\/ru\/toode\/pedikuurimeistri-tool\/","og_site_name":"Valika","article_publisher":"https:\/\/www.facebook.com\/tipsi.net","article_modified_time":"2025-10-31T12:56:05+00:00","og_image":[{"width":600,"height":843,"url":"https:\/\/valika.eu\/wp-content\/uploads\/2024\/09\/pedikuurimeistritool-1.jpg","type":"image\/jpeg"}],"twitter_card":"summary_large_image","schema":{"@context":"https:\/\/schema.org","@graph":[{"@type":"WebPage","@id":"https:\/\/valika.eu\/ru\/toode\/pedikuurimeistri-tool\/","url":"https:\/\/valika.eu\/ru\/toode\/pedikuurimeistri-tool\/","name":"\u0421\u0442\u0443\u043b\u044c\u0447\u0438\u043a \u043c\u0430\u0441\u0442\u0435\u0440\u0430 \u043f\u0435\u0434\u0438\u043a\u044e\u0440\u0430 39-46cm | Valika","isPartOf":{"@id":"https:\/\/valika.eu\/ru\/#website"},"primaryImageOfPage":{"@id":"https:\/\/valika.eu\/ru\/toode\/pedikuurimeistri-tool\/#primaryimage"},"image":{"@id":"https:\/\/valika.eu\/toode\/pedikuurimeistri-tool\/#primaryimage"},"thumbnailUrl":"https:\/\/valika.eu\/wp-content\/uploads\/2024\/09\/pedikuurimeistritool-1.jpg","datePublished":"2024-09-30T12:51:09+00:00","dateModified":"2025-10-31T12:56:05+00:00","breadcrumb":{"@id":"https:\/\/valika.eu\/ru\/toode\/pedikuurimeistri-tool\/#breadcrumb"},"inLanguage":"ru-RU","potentialAction":[{"@type":"ReadAction","target":[["https:\/\/valika.eu\/ru\/toode\/pedikuurimeistri-tool\/"]]}]},{"@type":"ImageObject","inLanguage":"ru-RU","@id":"https:\/\/valika.eu\/ru\/toode\/pedikuurimeistri-tool\/#primaryimage","url":"https:\/\/valika.eu\/wp-content\/uploads\/2024\/09\/pedikuurimeistritool-1.jpg","contentUrl":"https:\/\/valika.eu\/wp-content\/uploads\/2024\/09\/pedikuurimeistritool-1.jpg","width":600,"height":843},{"@type":"BreadcrumbList","@id":"https:\/\/valika.eu\/ru\/toode\/pedikuurimeistri-tool\/#breadcrumb","itemListElement":[{"@type":"ListItem","position":1,"name":"Koti","item":"https:\/\/valika.eu\/ru\/"},{"@type":"ListItem","position":2,"name":"Shop","item":"https:\/\/valika.eu\/ru\/"},{"@type":"ListItem","position":3,"name":"Pedik\u00fc\u00fcrimeistri tool t\u00f6\u00f6tool 39-46cm"}]},{"@type":"WebSite","@id":"https:\/\/valika.eu\/ru\/#website","url":"https:\/\/valika.eu\/ru\/","name":"Valika.eu","description":"\u0421\u0430\u043b\u043e\u043d\u043d\u0430\u044f \u043f\u0440\u043e\u0434\u0443\u043a\u0446\u0438\u044f \u0438 \u0442\u043e\u0432\u0430\u0440\u044b \u0434\u043b\u044f \u043a\u0440\u0430\u0441\u043e\u0442\u044b - Valika \u043f\u0440\u0435\u0434\u043b\u0430\u0433\u0430\u0435\u0442 \u0448\u0438\u0440\u043e\u043a\u0438\u0439 \u0430\u0441\u0441\u043e\u0440\u0442\u0438\u043c\u0435\u043d\u0442 \u043f\u0440\u043e\u0434\u0443\u043a\u0446\u0438\u0438 \u0438 \u0430\u043a\u0441\u0435\u0441\u0441\u0443\u0430\u0440\u043e\u0432 \u0434\u043b\u044f \u043d\u043e\u0433\u0442\u0435\u0432\u044b\u0445 \u0442\u0435\u0445\u043d\u0438\u043a\u043e\u0432, \u0441\u0430\u043b\u043e\u043d\u043e\u0432 \u043a\u0440\u0430\u0441\u043e\u0442\u044b, \u043f\u0430\u0440\u0438\u043a\u043c\u0430\u0445\u0435\u0440\u0441\u043a\u0438\u0445","publisher":{"@id":"https:\/\/valika.eu\/ru\/#organization"},"alternateName":"Valika","potentialAction":[{"@type":"SearchAction","target":{"@type":"EntryPoint","urlTemplate":"https:\/\/valika.eu\/ru\/?s={search_term_string}"},"query-input":{"@type":"PropertyValueSpecification","valueRequired":true,"valueName":"search_term_string"}}],"inLanguage":"ru-RU"},{"@type":"Organization","@id":"https:\/\/valika.eu\/ru\/#organization","name":"Salongitoode O\u00dc","alternateName":"Valika","url":"https:\/\/valika.eu\/ru\/","logo":{"@type":"ImageObject","inLanguage":"ru-RU","@id":"https:\/\/valika.eu\/ru\/#\/schema\/logo\/image\/","url":"https:\/\/valika.eu\/wp-content\/uploads\/2023\/11\/logo2-valika-footer.png","contentUrl":"https:\/\/valika.eu\/wp-content\/uploads\/2023\/11\/logo2-valika-footer.png","width":200,"height":129,"caption":"Salongitoode O\u00dc"},"image":{"@id":"https:\/\/valika.eu\/ru\/#\/schema\/logo\/image\/"},"sameAs":["https:\/\/www.facebook.com\/tipsi.net"]}]}},"jetpack_sharing_enabled":true,"_links":{"self":[{"href":"https:\/\/valika.eu\/ru\/wp-json\/wp\/v2\/product\/1187","targetHints":{"allow":["GET"]}}],"collection":[{"href":"https:\/\/valika.eu\/ru\/wp-json\/wp\/v2\/product"}],"about":[{"href":"https:\/\/valika.eu\/ru\/wp-json\/wp\/v2\/types\/product"}],"wp:featuredmedia":[{"embeddable":true,"href":"https:\/\/valika.eu\/ru\/wp-json\/wp\/v2\/media\/1191"}],"wp:attachment":[{"href":"https:\/\/valika.eu\/ru\/wp-json\/wp\/v2\/media?parent=1187"}],"wp:term":[{"taxonomy":"product_brand","embeddable":true,"href":"https:\/\/valika.eu\/ru\/wp-json\/wp\/v2\/product_brand?post=1187"},{"taxonomy":"product_cat","embeddable":true,"href":"https:\/\/valika.eu\/ru\/wp-json\/wp\/v2\/product_cat?post=1187"},{"taxonomy":"product_tag","embeddable":true,"href":"https:\/\/valika.eu\/ru\/wp-json\/wp\/v2\/product_tag?post=1187"}],"curies":[{"name":"wp","href":"https:\/\/api.w.org\/{rel}","templated":true}]}}