{"id":13521,"date":"2025-03-06T17:21:27","date_gmt":"2025-03-06T15:21:27","guid":{"rendered":"https:\/\/valika.eu\/?post_type=product&#038;p=13521"},"modified":"2025-07-02T05:01:06","modified_gmt":"2025-07-02T02:01:06","slug":"silcare-nappa-salt-scrub-jalakoorija-mask","status":"publish","type":"product","link":"https:\/\/valika.eu\/ru\/toode\/silcare-nappa-salt-scrub-jalakoorija-mask\/","title":{"rendered":"250ml SILCARE NAPPA exfoliating AHA  FOOT MASK"},"content":{"rendered":"<p><\/p>\n<h3 data-start=\"1860\" data-end=\"1887\"><strong data-start=\"1864\" data-end=\"1885\">\u041e\u043f\u0438\u0441\u0430\u043d\u0438\u0435 \u043f\u0440\u043e\u0434\u0443\u043a\u0442\u0430<\/strong><\/h3>\n<ul data-start=\"1888\" data-end=\"2034\">\n<li data-start=\"1888\" data-end=\"1912\"><strong data-start=\"1890\" data-end=\"1910\">\u041a\u043e\u043c\u043f\u043b\u0435\u043a\u0441\u043d\u044b\u0439 \u0443\u0445\u043e\u0434<\/strong><\/li>\n<li data-start=\"1913\" data-end=\"1940\"><strong data-start=\"1915\" data-end=\"1938\">\u0413\u043b\u0443\u0431\u043e\u043a\u043e\u0435 \u0443\u0432\u043b\u0430\u0436\u043d\u0435\u043d\u0438\u0435<\/strong><\/li>\n<li data-start=\"1941\" data-end=\"1992\"><strong data-start=\"1943\" data-end=\"1990\">\u041c\u044f\u0433\u043a\u043e \u0443\u0434\u0430\u043b\u044f\u0435\u0442 \u043e\u0433\u0440\u0443\u0431\u0435\u0432\u0448\u0443\u044e \u0438 \u043e\u0440\u043e\u0433\u043e\u0432\u0435\u0432\u0448\u0443\u044e \u043a\u043e\u0436\u0443<\/strong><\/li>\n<li data-start=\"1993\" data-end=\"2034\"><strong data-start=\"1995\" data-end=\"2032\">\u041f\u043e\u043c\u043e\u0433\u0430\u0435\u0442 \u0443\u043b\u0443\u0447\u0448\u0438\u0442\u044c \u0432\u043d\u0435\u0448\u043d\u0438\u0439 \u0432\u0438\u0434 \u043d\u043e\u0433<\/strong><\/li>\n<\/ul>\n<p data-start=\"2036\" data-end=\"2267\"><strong data-start=\"2036\" data-end=\"2088\">Smooth Comfort AHA-\u043a\u0438\u0441\u043b\u043e\u0442\u043d\u0430\u044f \u043c\u0430\u0441\u043a\u0430 \u0434\u043b\u044f \u043d\u043e\u0433 250 \u0433<\/strong> \u2013 \u044d\u0442\u043e \u0443\u043d\u0438\u043a\u0430\u043b\u044c\u043d\u043e\u0435 \u0441\u0440\u0435\u0434\u0441\u0442\u0432\u043e, \u0441\u043e\u0437\u0434\u0430\u043d\u043d\u043e\u0435 \u0441\u043f\u0435\u0446\u0438\u0430\u043b\u044c\u043d\u043e \u0434\u043b\u044f \u0441\u0443\u0445\u043e\u0439 \u0438 \u043f\u043e\u0432\u0440\u0435\u0436\u0434\u0451\u043d\u043d\u043e\u0439 \u043a\u043e\u0436\u0438. \u0412 \u0435\u0451 \u0441\u043e\u0441\u0442\u0430\u0432\u0435 \u0441\u043e\u0434\u0435\u0440\u0436\u0430\u0442\u0441\u044f AHA-\u043a\u0438\u0441\u043b\u043e\u0442\u044b, \u043a\u043e\u0442\u043e\u0440\u044b\u0435 \u0441\u043f\u043e\u0441\u043e\u0431\u0441\u0442\u0432\u0443\u044e\u0442 \u043e\u0431\u043d\u043e\u0432\u043b\u0435\u043d\u0438\u044e \u043a\u043b\u0435\u0442\u043e\u043a \u0438 \u0440\u0430\u0437\u0433\u043b\u0430\u0436\u0438\u0432\u0430\u043d\u0438\u044e \u043a\u043e\u0436\u0438.<\/p>\n<p data-start=\"2269\" data-end=\"2487\">\u0411\u043b\u0430\u0433\u043e\u0434\u0430\u0440\u044f \u0438\u043d\u043d\u043e\u0432\u0430\u0446\u0438\u043e\u043d\u043d\u043e\u0439 \u0444\u043e\u0440\u043c\u0443\u043b\u0435 \u043c\u0430\u0441\u043a\u0430 \u0441\u043f\u043e\u0441\u043e\u0431\u0441\u0442\u0432\u0443\u0435\u0442 \u0440\u0435\u0433\u0435\u043d\u0435\u0440\u0430\u0446\u0438\u0438 \u043a\u043e\u0436\u0438, \u0443\u0434\u0430\u043b\u044f\u044f \u043e\u043c\u0435\u0440\u0442\u0432\u0435\u0432\u0448\u0438\u0435 \u043a\u043b\u0435\u0442\u043a\u0438 \u0438 \u0432\u043e\u0437\u0432\u0440\u0430\u0449\u0430\u044f \u043d\u043e\u0433\u0430\u043c \u0443\u0445\u043e\u0436\u0435\u043d\u043d\u044b\u0439 \u0432\u0438\u0434. AHA-\u043a\u0438\u0441\u043b\u043e\u0442\u044b \u044d\u0444\u0444\u0435\u043a\u0442\u0438\u0432\u043d\u043e \u0443\u0441\u0442\u0440\u0430\u043d\u044f\u044e\u0442 \u0448\u0435\u0440\u043e\u0445\u043e\u0432\u0430\u0442\u043e\u0441\u0442\u0438 \u0438 \u043d\u0430\u0442\u043e\u043f\u0442\u044b\u0448\u0438, \u0434\u0435\u043b\u0430\u044f \u043a\u043e\u0436\u0443 \u0433\u043b\u0430\u0434\u043a\u043e\u0439 \u0438 \u043c\u044f\u0433\u043a\u043e\u0439.<\/p>\n<p data-start=\"2489\" data-end=\"2721\">\u041c\u0430\u0441\u043a\u0430 \u0438\u043d\u0442\u0435\u043d\u0441\u0438\u0432\u043d\u043e \u0443\u0432\u043b\u0430\u0436\u043d\u044f\u0435\u0442, \u043f\u0440\u0435\u0434\u043e\u0442\u0432\u0440\u0430\u0449\u0430\u044f \u043f\u043e\u0442\u0435\u0440\u044e \u0432\u043b\u0430\u0433\u0438 \u0438 \u0441\u043e\u0445\u0440\u0430\u043d\u044f\u044f \u043a\u043e\u0436\u0443 \u044d\u043b\u0430\u0441\u0442\u0438\u0447\u043d\u043e\u0439. <strong data-start=\"2571\" data-end=\"2589\">Smooth Comfort<\/strong> \u2013 \u044d\u0442\u043e \u0438\u0434\u0435\u0430\u043b\u044c\u043d\u043e\u0435 \u0440\u0435\u0448\u0435\u043d\u0438\u0435 \u0434\u043b\u044f \u0441\u0443\u0445\u043e\u0439 \u0438 \u043f\u043e\u0432\u0440\u0435\u0436\u0434\u0451\u043d\u043d\u043e\u0439 \u043a\u043e\u0436\u0438 \u043d\u043e\u0433, \u043e\u0431\u0435\u0441\u043f\u0435\u0447\u0438\u0432\u0430\u044e\u0449\u0435\u0435 \u043f\u043e\u043b\u043d\u043e\u0435 \u0432\u043e\u0441\u0441\u0442\u0430\u043d\u043e\u0432\u043b\u0435\u043d\u0438\u0435, \u043f\u0438\u0442\u0430\u043d\u0438\u0435, \u0441\u043c\u044f\u0433\u0447\u0435\u043d\u0438\u0435 \u0438 \u0443\u0432\u043b\u0430\u0436\u043d\u0435\u043d\u0438\u0435.<\/p>\n<p data-start=\"2723\" data-end=\"2753\"><strong data-start=\"2723\" data-end=\"2751\">\u0425\u0430\u0440\u0430\u043a\u0442\u0435\u0440\u0438\u0441\u0442\u0438\u043a\u0438 \u043f\u0440\u043e\u0434\u0443\u043a\u0442\u0430:<\/strong><\/p>\n<ul data-start=\"2754\" data-end=\"2781\">\n<li data-start=\"2754\" data-end=\"2781\"><strong data-start=\"2756\" data-end=\"2767\">\u042d\u0444\u0444\u0435\u043a\u0442:<\/strong> \u0443\u0432\u043b\u0430\u0436\u043d\u044f\u044e\u0449\u0438\u0439<\/li>\n<\/ul>\n<p data-start=\"2783\" data-end=\"3336\"><strong data-start=\"2783\" data-end=\"2794\">\u0421\u043e\u0441\u0442\u0430\u0432:<\/strong><br data-start=\"2794\" data-end=\"2797\" \/>Aqua, Cetearyl Alcohol, Sodium Lactate, Ceteareth-20, Glycerin, Passiflora Edulis Fruit Extract, Caprylic\/Capric Triglyceride, Prunus Amygdalus Dulcis (Sweet Almond) Oil, Saccharum Officinarum Extract, Citrus Limon Fruit Extract, Ananas Sativus Fruit Extract, Vitis Vinifera Fruit Extract, Tocopheryl Acetate, Acrylates\/C10-30 Alkyl Acrylate Crosspolymer, Sorbitan Oleate, Phenoxyethanol, Sodium Benzoate, Potassium Sorbate, Parfum, Tetrasodium EDTA, Ethylhexylglycerin, Limonene, Citronellol, Hexyl Cinnamal, Linalool, Geraniol, Citral.<\/p>\n<p data-start=\"3338\" data-end=\"3616\"><strong data-start=\"3338\" data-end=\"3360\">\u0421\u043f\u043e\u0441\u043e\u0431 \u043f\u0440\u0438\u043c\u0435\u043d\u0435\u043d\u0438\u044f:<\/strong><br data-start=\"3360\" data-end=\"3363\" \/>\u041d\u0430\u043d\u0435\u0441\u0438\u0442\u0435 \u0442\u043e\u043d\u043a\u0438\u043c \u0441\u043b\u043e\u0435\u043c \u043d\u0430 \u0447\u0438\u0441\u0442\u0443\u044e \u0441\u0443\u0445\u0443\u044e \u043a\u043e\u0436\u0443 \u043d\u043e\u0433. \u0418\u0441\u043f\u043e\u043b\u044c\u0437\u0443\u0439\u0442\u0435 \u0431\u043e\u043b\u044c\u0448\u0435\u0435 \u043a\u043e\u043b\u0438\u0447\u0435\u0441\u0442\u0432\u043e \u043d\u0430 \u043f\u044f\u0442\u043a\u0430\u0445, \u043e\u0433\u0440\u0443\u0431\u0435\u0432\u0448\u0438\u0445 \u0443\u0447\u0430\u0441\u0442\u043a\u0430\u0445 \u0438 \u043c\u043e\u0437\u043e\u043b\u044f\u0445. \u041e\u0441\u0442\u0430\u0432\u044c\u0442\u0435 \u043d\u0430 15 \u043c\u0438\u043d\u0443\u0442 \u0434\u043b\u044f \u0432\u043f\u0438\u0442\u044b\u0432\u0430\u043d\u0438\u044f. \u0423\u0434\u0430\u043b\u0438\u0442\u0435 \u0438\u0437\u043b\u0438\u0448\u043a\u0438. \u0414\u043b\u044f \u0443\u0441\u0438\u043b\u0435\u043d\u043d\u043e\u0433\u043e \u044d\u0444\u0444\u0435\u043a\u0442\u0430 \u0438\u0441\u043f\u043e\u043b\u044c\u0437\u0443\u0439\u0442\u0435 \u0441 \u0445\u043b\u043e\u043f\u043a\u043e\u0432\u044b\u043c\u0438 \u0438\u043b\u0438 \u043f\u043e\u043b\u0438\u044d\u0442\u0438\u043b\u0435\u043d\u043e\u0432\u044b\u043c\u0438 \u043d\u043e\u0441\u043a\u0430\u043c\u0438.<\/p>\n<\/p>\n<p><\/p>","protected":false},"excerpt":{"rendered":"<\/p>\n<ul data-start=\"41\" data-end=\"197\">\n<li data-start=\"41\" data-end=\"70\"><strong data-start=\"43\" data-end=\"68\">Terviklik jalahooldus<\/strong><\/li>\n<li data-start=\"71\" data-end=\"106\"><strong data-start=\"73\" data-end=\"104\">Tagab suurep\u00e4rase niisutuse<\/strong><\/li>\n<li data-start=\"107\" data-end=\"156\"><strong data-start=\"109\" data-end=\"154\">\u00d5rnalt eemaldab kareda ja paksenenud naha<\/strong><\/li>\n<li data-start=\"157\" data-end=\"197\"><strong data-start=\"159\" data-end=\"195\">Aitab parandada jalgade v\u00e4limust<\/strong><\/li>\n<\/ul>\n","protected":false},"featured_media":13522,"template":"","meta":[],"product_brand":[],"product_cat":[638],"product_tag":[],"class_list":{"0":"post-13521","1":"product","2":"type-product","3":"status-publish","4":"has-post-thumbnail","6":"product_cat-kreem","8":"first","9":"instock","10":"taxable","11":"shipping-taxable","12":"purchasable","13":"product-type-simple"},"yoast_head":"<!-- This site is optimized with the Yoast SEO plugin v24.4 - https:\/\/yoast.com\/wordpress\/plugins\/seo\/ -->\n<title>250ml SILCARE NAPPA exfoliating AHA FOOT MASK | Valika<\/title>\n<meta name=\"robots\" content=\"index, follow, max-snippet:-1, max-image-preview:large, max-video-preview:-1\" \/>\n<link rel=\"canonical\" href=\"https:\/\/valika.eu\/ru\/toode\/silcare-nappa-salt-scrub-jalakoorija-mask\/\" \/>\n<meta property=\"og:locale\" content=\"ru_RU\" \/>\n<meta property=\"og:type\" content=\"article\" \/>\n<meta property=\"og:title\" content=\"250ml SILCARE NAPPA exfoliating AHA FOOT MASK | Valika\" \/>\n<meta property=\"og:description\" content=\"Terviklik jalahooldus Tagab suurep\u00e4rase niisutuse \u00d5rnalt eemaldab kareda ja paksenenud naha Aitab parandada jalgade v\u00e4limust\" \/>\n<meta property=\"og:url\" content=\"https:\/\/valika.eu\/ru\/toode\/silcare-nappa-salt-scrub-jalakoorija-mask\/\" \/>\n<meta property=\"og:site_name\" content=\"Valika\" \/>\n<meta property=\"article:publisher\" content=\"https:\/\/www.facebook.com\/tipsi.net\" \/>\n<meta property=\"article:modified_time\" content=\"2025-07-02T02:01:06+00:00\" \/>\n<meta property=\"og:image\" content=\"https:\/\/valika.eu\/wp-content\/uploads\/2025\/03\/silcare-nappa-smooth-comfort-jalamask-aha-happega.jpg\" \/>\n\t<meta property=\"og:image:width\" content=\"458\" \/>\n\t<meta property=\"og:image:height\" content=\"458\" \/>\n\t<meta property=\"og:image:type\" content=\"image\/jpeg\" \/>\n<meta name=\"twitter:card\" content=\"summary_large_image\" \/>\n<script type=\"application\/ld+json\" class=\"yoast-schema-graph\">{\"@context\":\"https:\/\/schema.org\",\"@graph\":[{\"@type\":\"WebPage\",\"@id\":\"https:\/\/valika.eu\/ru\/toode\/silcare-nappa-salt-scrub-jalakoorija-mask\/\",\"url\":\"https:\/\/valika.eu\/ru\/toode\/silcare-nappa-salt-scrub-jalakoorija-mask\/\",\"name\":\"250ml SILCARE NAPPA exfoliating AHA FOOT MASK | Valika\",\"isPartOf\":{\"@id\":\"https:\/\/valika.eu\/ru\/#website\"},\"primaryImageOfPage\":{\"@id\":\"https:\/\/valika.eu\/ru\/toode\/silcare-nappa-salt-scrub-jalakoorija-mask\/#primaryimage\"},\"image\":{\"@id\":\"https:\/\/valika.eu\/toode\/silcare-nappa-salt-scrub-jalakoorija-mask\/#primaryimage\"},\"thumbnailUrl\":\"https:\/\/valika.eu\/wp-content\/uploads\/2025\/03\/silcare-nappa-smooth-comfort-jalamask-aha-happega.jpg\",\"datePublished\":\"2025-03-06T15:21:27+00:00\",\"dateModified\":\"2025-07-02T02:01:06+00:00\",\"breadcrumb\":{\"@id\":\"https:\/\/valika.eu\/ru\/toode\/silcare-nappa-salt-scrub-jalakoorija-mask\/#breadcrumb\"},\"inLanguage\":\"ru-RU\",\"potentialAction\":[{\"@type\":\"ReadAction\",\"target\":[[\"https:\/\/valika.eu\/ru\/toode\/silcare-nappa-salt-scrub-jalakoorija-mask\/\"]]}]},{\"@type\":\"ImageObject\",\"inLanguage\":\"ru-RU\",\"@id\":\"https:\/\/valika.eu\/ru\/toode\/silcare-nappa-salt-scrub-jalakoorija-mask\/#primaryimage\",\"url\":\"https:\/\/valika.eu\/wp-content\/uploads\/2025\/03\/silcare-nappa-smooth-comfort-jalamask-aha-happega.jpg\",\"contentUrl\":\"https:\/\/valika.eu\/wp-content\/uploads\/2025\/03\/silcare-nappa-smooth-comfort-jalamask-aha-happega.jpg\",\"width\":458,\"height\":458},{\"@type\":\"BreadcrumbList\",\"@id\":\"https:\/\/valika.eu\/ru\/toode\/silcare-nappa-salt-scrub-jalakoorija-mask\/#breadcrumb\",\"itemListElement\":[{\"@type\":\"ListItem\",\"position\":1,\"name\":\"Koti\",\"item\":\"https:\/\/valika.eu\/ru\/\"},{\"@type\":\"ListItem\",\"position\":2,\"name\":\"Shop\",\"item\":\"https:\/\/valika.eu\/ru\/\"},{\"@type\":\"ListItem\",\"position\":3,\"name\":\"250ml SILCARE NAPPA exfoliating AHA FOOT MASK\"}]},{\"@type\":\"WebSite\",\"@id\":\"https:\/\/valika.eu\/ru\/#website\",\"url\":\"https:\/\/valika.eu\/ru\/\",\"name\":\"Valika.eu\",\"description\":\"\u0421\u0430\u043b\u043e\u043d\u043d\u0430\u044f \u043f\u0440\u043e\u0434\u0443\u043a\u0446\u0438\u044f \u0438 \u0442\u043e\u0432\u0430\u0440\u044b \u0434\u043b\u044f \u043a\u0440\u0430\u0441\u043e\u0442\u044b - Valika \u043f\u0440\u0435\u0434\u043b\u0430\u0433\u0430\u0435\u0442 \u0448\u0438\u0440\u043e\u043a\u0438\u0439 \u0430\u0441\u0441\u043e\u0440\u0442\u0438\u043c\u0435\u043d\u0442 \u043f\u0440\u043e\u0434\u0443\u043a\u0446\u0438\u0438 \u0438 \u0430\u043a\u0441\u0435\u0441\u0441\u0443\u0430\u0440\u043e\u0432 \u0434\u043b\u044f \u043d\u043e\u0433\u0442\u0435\u0432\u044b\u0445 \u0442\u0435\u0445\u043d\u0438\u043a\u043e\u0432, \u0441\u0430\u043b\u043e\u043d\u043e\u0432 \u043a\u0440\u0430\u0441\u043e\u0442\u044b, \u043f\u0430\u0440\u0438\u043a\u043c\u0430\u0445\u0435\u0440\u0441\u043a\u0438\u0445\",\"publisher\":{\"@id\":\"https:\/\/valika.eu\/ru\/#organization\"},\"alternateName\":\"Valika\",\"potentialAction\":[{\"@type\":\"SearchAction\",\"target\":{\"@type\":\"EntryPoint\",\"urlTemplate\":\"https:\/\/valika.eu\/ru\/?s={search_term_string}\"},\"query-input\":{\"@type\":\"PropertyValueSpecification\",\"valueRequired\":true,\"valueName\":\"search_term_string\"}}],\"inLanguage\":\"ru-RU\"},{\"@type\":\"Organization\",\"@id\":\"https:\/\/valika.eu\/ru\/#organization\",\"name\":\"Salongitoode O\u00dc\",\"alternateName\":\"Valika\",\"url\":\"https:\/\/valika.eu\/ru\/\",\"logo\":{\"@type\":\"ImageObject\",\"inLanguage\":\"ru-RU\",\"@id\":\"https:\/\/valika.eu\/ru\/#\/schema\/logo\/image\/\",\"url\":\"https:\/\/valika.eu\/wp-content\/uploads\/2023\/11\/logo2-valika-footer.png\",\"contentUrl\":\"https:\/\/valika.eu\/wp-content\/uploads\/2023\/11\/logo2-valika-footer.png\",\"width\":200,\"height\":129,\"caption\":\"Salongitoode O\u00dc\"},\"image\":{\"@id\":\"https:\/\/valika.eu\/ru\/#\/schema\/logo\/image\/\"},\"sameAs\":[\"https:\/\/www.facebook.com\/tipsi.net\"]}]}<\/script>\n<!-- \/ Yoast SEO plugin. -->","yoast_head_json":{"title":"250ml SILCARE NAPPA exfoliating AHA FOOT MASK | Valika","robots":{"index":"index","follow":"follow","max-snippet":"max-snippet:-1","max-image-preview":"max-image-preview:large","max-video-preview":"max-video-preview:-1"},"canonical":"https:\/\/valika.eu\/ru\/toode\/silcare-nappa-salt-scrub-jalakoorija-mask\/","og_locale":"ru_RU","og_type":"article","og_title":"250ml SILCARE NAPPA exfoliating AHA FOOT MASK | Valika","og_description":"Terviklik jalahooldus Tagab suurep\u00e4rase niisutuse \u00d5rnalt eemaldab kareda ja paksenenud naha Aitab parandada jalgade v\u00e4limust","og_url":"https:\/\/valika.eu\/ru\/toode\/silcare-nappa-salt-scrub-jalakoorija-mask\/","og_site_name":"Valika","article_publisher":"https:\/\/www.facebook.com\/tipsi.net","article_modified_time":"2025-07-02T02:01:06+00:00","og_image":[{"width":458,"height":458,"url":"https:\/\/valika.eu\/wp-content\/uploads\/2025\/03\/silcare-nappa-smooth-comfort-jalamask-aha-happega.jpg","type":"image\/jpeg"}],"twitter_card":"summary_large_image","schema":{"@context":"https:\/\/schema.org","@graph":[{"@type":"WebPage","@id":"https:\/\/valika.eu\/ru\/toode\/silcare-nappa-salt-scrub-jalakoorija-mask\/","url":"https:\/\/valika.eu\/ru\/toode\/silcare-nappa-salt-scrub-jalakoorija-mask\/","name":"250ml SILCARE NAPPA exfoliating AHA FOOT MASK | Valika","isPartOf":{"@id":"https:\/\/valika.eu\/ru\/#website"},"primaryImageOfPage":{"@id":"https:\/\/valika.eu\/ru\/toode\/silcare-nappa-salt-scrub-jalakoorija-mask\/#primaryimage"},"image":{"@id":"https:\/\/valika.eu\/toode\/silcare-nappa-salt-scrub-jalakoorija-mask\/#primaryimage"},"thumbnailUrl":"https:\/\/valika.eu\/wp-content\/uploads\/2025\/03\/silcare-nappa-smooth-comfort-jalamask-aha-happega.jpg","datePublished":"2025-03-06T15:21:27+00:00","dateModified":"2025-07-02T02:01:06+00:00","breadcrumb":{"@id":"https:\/\/valika.eu\/ru\/toode\/silcare-nappa-salt-scrub-jalakoorija-mask\/#breadcrumb"},"inLanguage":"ru-RU","potentialAction":[{"@type":"ReadAction","target":[["https:\/\/valika.eu\/ru\/toode\/silcare-nappa-salt-scrub-jalakoorija-mask\/"]]}]},{"@type":"ImageObject","inLanguage":"ru-RU","@id":"https:\/\/valika.eu\/ru\/toode\/silcare-nappa-salt-scrub-jalakoorija-mask\/#primaryimage","url":"https:\/\/valika.eu\/wp-content\/uploads\/2025\/03\/silcare-nappa-smooth-comfort-jalamask-aha-happega.jpg","contentUrl":"https:\/\/valika.eu\/wp-content\/uploads\/2025\/03\/silcare-nappa-smooth-comfort-jalamask-aha-happega.jpg","width":458,"height":458},{"@type":"BreadcrumbList","@id":"https:\/\/valika.eu\/ru\/toode\/silcare-nappa-salt-scrub-jalakoorija-mask\/#breadcrumb","itemListElement":[{"@type":"ListItem","position":1,"name":"Koti","item":"https:\/\/valika.eu\/ru\/"},{"@type":"ListItem","position":2,"name":"Shop","item":"https:\/\/valika.eu\/ru\/"},{"@type":"ListItem","position":3,"name":"250ml SILCARE NAPPA exfoliating AHA FOOT MASK"}]},{"@type":"WebSite","@id":"https:\/\/valika.eu\/ru\/#website","url":"https:\/\/valika.eu\/ru\/","name":"Valika.eu","description":"\u0421\u0430\u043b\u043e\u043d\u043d\u0430\u044f \u043f\u0440\u043e\u0434\u0443\u043a\u0446\u0438\u044f \u0438 \u0442\u043e\u0432\u0430\u0440\u044b \u0434\u043b\u044f \u043a\u0440\u0430\u0441\u043e\u0442\u044b - Valika \u043f\u0440\u0435\u0434\u043b\u0430\u0433\u0430\u0435\u0442 \u0448\u0438\u0440\u043e\u043a\u0438\u0439 \u0430\u0441\u0441\u043e\u0440\u0442\u0438\u043c\u0435\u043d\u0442 \u043f\u0440\u043e\u0434\u0443\u043a\u0446\u0438\u0438 \u0438 \u0430\u043a\u0441\u0435\u0441\u0441\u0443\u0430\u0440\u043e\u0432 \u0434\u043b\u044f \u043d\u043e\u0433\u0442\u0435\u0432\u044b\u0445 \u0442\u0435\u0445\u043d\u0438\u043a\u043e\u0432, \u0441\u0430\u043b\u043e\u043d\u043e\u0432 \u043a\u0440\u0430\u0441\u043e\u0442\u044b, \u043f\u0430\u0440\u0438\u043a\u043c\u0430\u0445\u0435\u0440\u0441\u043a\u0438\u0445","publisher":{"@id":"https:\/\/valika.eu\/ru\/#organization"},"alternateName":"Valika","potentialAction":[{"@type":"SearchAction","target":{"@type":"EntryPoint","urlTemplate":"https:\/\/valika.eu\/ru\/?s={search_term_string}"},"query-input":{"@type":"PropertyValueSpecification","valueRequired":true,"valueName":"search_term_string"}}],"inLanguage":"ru-RU"},{"@type":"Organization","@id":"https:\/\/valika.eu\/ru\/#organization","name":"Salongitoode O\u00dc","alternateName":"Valika","url":"https:\/\/valika.eu\/ru\/","logo":{"@type":"ImageObject","inLanguage":"ru-RU","@id":"https:\/\/valika.eu\/ru\/#\/schema\/logo\/image\/","url":"https:\/\/valika.eu\/wp-content\/uploads\/2023\/11\/logo2-valika-footer.png","contentUrl":"https:\/\/valika.eu\/wp-content\/uploads\/2023\/11\/logo2-valika-footer.png","width":200,"height":129,"caption":"Salongitoode O\u00dc"},"image":{"@id":"https:\/\/valika.eu\/ru\/#\/schema\/logo\/image\/"},"sameAs":["https:\/\/www.facebook.com\/tipsi.net"]}]}},"jetpack_sharing_enabled":true,"_links":{"self":[{"href":"https:\/\/valika.eu\/ru\/wp-json\/wp\/v2\/product\/13521","targetHints":{"allow":["GET"]}}],"collection":[{"href":"https:\/\/valika.eu\/ru\/wp-json\/wp\/v2\/product"}],"about":[{"href":"https:\/\/valika.eu\/ru\/wp-json\/wp\/v2\/types\/product"}],"wp:featuredmedia":[{"embeddable":true,"href":"https:\/\/valika.eu\/ru\/wp-json\/wp\/v2\/media\/13522"}],"wp:attachment":[{"href":"https:\/\/valika.eu\/ru\/wp-json\/wp\/v2\/media?parent=13521"}],"wp:term":[{"taxonomy":"product_brand","embeddable":true,"href":"https:\/\/valika.eu\/ru\/wp-json\/wp\/v2\/product_brand?post=13521"},{"taxonomy":"product_cat","embeddable":true,"href":"https:\/\/valika.eu\/ru\/wp-json\/wp\/v2\/product_cat?post=13521"},{"taxonomy":"product_tag","embeddable":true,"href":"https:\/\/valika.eu\/ru\/wp-json\/wp\/v2\/product_tag?post=13521"}],"curies":[{"name":"wp","href":"https:\/\/api.w.org\/{rel}","templated":true}]}}