{"id":17162,"date":"2025-10-22T13:45:22","date_gmt":"2025-10-22T10:45:22","guid":{"rendered":"https:\/\/valika.eu\/?post_type=product&#038;p=17162"},"modified":"2026-03-07T07:42:34","modified_gmt":"2026-03-07T05:42:34","slug":"silverfox-1015a-kosmeetiku-tookaru-riiul-ratastega-klaasriiulitega","status":"publish","type":"product","link":"https:\/\/valika.eu\/ru\/toode\/silverfox-1015a-kosmeetiku-tookaru-riiul-ratastega-klaasriiulitega\/","title":{"rendered":"\u0422\u0435\u043b\u0435\u0436\u043a\u0430 \u043a\u043e\u0441\u043c\u0435\u0442\u043e\u043b\u043e\u0433\u0438\u0447\u0435\u0441\u043a\u0430\u044f \u0441\u0442\u043e\u043b\u0438\u043a \u0434\u043b\u044f \u043a\u043e\u0441\u043c\u0435\u0442\u043e\u043b\u043e\u0433\u0430 \u0441\u0442\u043e\u043c\u0430\u0442\u043e\u043b\u043e\u0433\u0430 \u043a\u043e\u0441\u043c\u0435\u0442\u043e\u043b\u043e\u0433\u0438\u0447\u0435\u0441\u043a\u0430\u044f \u0441\u0442\u0435\u043a\u043b\u044f\u043d\u043d\u0430\u044f \u0442\u0435\u043b\u0435\u0436\u043a\u0430 Silverfox 1015A"},"content":{"rendered":"<p><\/p>\n<p data-start=\"98\" data-end=\"390\">\u0420\u0430\u0431\u043e\u0447\u0430\u044f \u0442\u0435\u043b\u0435\u0436\u043a\u0430 \u043d\u0430 \u043a\u043e\u043b\u0451\u0441\u0430\u0445 \u0441 \u0441\u0442\u0435\u043a\u043b\u044f\u043d\u043d\u044b\u043c\u0438 \u043f\u043e\u043b\u043a\u0430\u043c\u0438, \u043a\u043e\u0442\u043e\u0440\u044b\u0435 \u043d\u0435 \u0431\u043e\u044f\u0442\u0441\u044f \u0437\u0430\u0433\u0440\u044f\u0437\u043d\u0435\u043d\u0438\u0439 \u0438 \u0446\u0430\u0440\u0430\u043f\u0438\u043d, \u043b\u0435\u0433\u043a\u043e \u043e\u0447\u0438\u0449\u0430\u044e\u0442\u0441\u044f \u2014 \u0441\u0442\u0438\u043b\u044c\u043d\u044b\u0439 \u0438 \u043a\u0430\u0447\u0435\u0441\u0442\u0432\u0435\u043d\u043d\u044b\u0439 \u043e\u0440\u0433\u0430\u043d\u0430\u0439\u0437\u0435\u0440 \u0434\u043b\u044f \u0440\u0430\u0431\u043e\u0447\u0435\u0433\u043e \u043c\u0435\u0441\u0442\u0430 \u043a\u043e\u0441\u043c\u0435\u0442\u043e\u043b\u043e\u0433\u0430. \u041d\u0430 \u043d\u0435\u0439 \u043c\u043e\u0436\u043d\u043e \u0440\u0430\u0437\u043c\u0435\u0441\u0442\u0438\u0442\u044c \u0440\u0430\u0437\u043b\u0438\u0447\u043d\u044b\u0435 \u0438\u043d\u0441\u0442\u0440\u0443\u043c\u0435\u043d\u0442\u044b \u0438 \u043a\u043e\u0441\u043c\u0435\u0442\u0438\u0447\u0435\u0441\u043a\u0438\u0435 \u0441\u0440\u0435\u0434\u0441\u0442\u0432\u0430, \u043d\u0435\u043e\u0431\u0445\u043e\u0434\u0438\u043c\u044b\u0435 \u043c\u0430\u0441\u0442\u0435\u0440\u0443 \u0432 \u043f\u043e\u0432\u0441\u0435\u0434\u043d\u0435\u0432\u043d\u043e\u0439 \u0440\u0430\u0431\u043e\u0442\u0435.<\/p>\n<p data-start=\"392\" data-end=\"537\">\u0422\u0435\u043b\u0435\u0436\u043a\u0430 \u0441\u043e\u0441\u0442\u043e\u0438\u0442 \u0438\u0437 \u043c\u0435\u0442\u0430\u043b\u043b\u0438\u0447\u0435\u0441\u043a\u043e\u0433\u043e \u043a\u0430\u0440\u043a\u0430\u0441\u0430, \u0447\u0435\u0442\u044b\u0440\u0451\u0445 \u043f\u043e\u043b\u043e\u043a \u0438\u0437 \u043c\u0430\u0442\u043e\u0432\u043e\u0433\u043e \u0437\u0430\u043a\u0430\u043b\u0451\u043d\u043d\u043e\u0433\u043e \u0441\u0442\u0435\u043a\u043b\u0430 \u0438 \u043f\u043b\u0430\u0441\u0442\u0438\u043a\u043e\u0432\u044b\u0445 \u043a\u043e\u043b\u0451\u0441, \u043e\u0431\u0435\u0441\u043f\u0435\u0447\u0438\u0432\u0430\u044e\u0449\u0438\u0445 \u043b\u0451\u0433\u043a\u043e\u0435 \u043f\u0435\u0440\u0435\u043c\u0435\u0449\u0435\u043d\u0438\u0435.<\/p>\n<p data-start=\"539\" data-end=\"686\">\u0414\u0430\u043d\u043d\u0430\u044f \u043c\u043e\u0434\u0435\u043b\u044c \u0438\u043c\u0435\u0435\u0442 \u043e\u0442\u0432\u0435\u0440\u0441\u0442\u0438\u0435 \u0434\u043b\u044f \u043a\u0440\u0435\u043f\u043b\u0435\u043d\u0438\u044f \u043b\u0430\u043c\u043f\u044b \u0441 \u0443\u0432\u0435\u043b\u0438\u0447\u0438\u0442\u0435\u043b\u044c\u043d\u044b\u043c \u0441\u0442\u0435\u043a\u043b\u043e\u043c \u0438 \u043c\u0435\u0442\u0430\u043b\u043b\u0438\u0447\u0435\u0441\u043a\u0438\u0435 \u0431\u043e\u0440\u0442\u0438\u043a\u0438, \u043f\u0440\u0435\u0434\u043e\u0442\u0432\u0440\u0430\u0449\u0430\u044e\u0449\u0438\u0435 \u043f\u0430\u0434\u0435\u043d\u0438\u0435 \u0438\u043d\u0441\u0442\u0440\u0443\u043c\u0435\u043d\u0442\u043e\u0432 \u0441 \u043f\u043e\u043b\u043e\u043a.<\/p>\n<p data-start=\"688\" data-end=\"721\"><strong data-start=\"688\" data-end=\"719\">\u0422\u0435\u0445\u043d\u0438\u0447\u0435\u0441\u043a\u0438\u0435 \u0445\u0430\u0440\u0430\u043a\u0442\u0435\u0440\u0438\u0441\u0442\u0438\u043a\u0438:<\/strong><\/p>\n<ul data-start=\"722\" data-end=\"1002\">\n<li data-start=\"722\" data-end=\"753\">\n<p data-start=\"724\" data-end=\"753\">\u0441 \u043c\u0435\u0442\u0430\u043b\u043b\u0438\u0447\u0435\u0441\u043a\u0438\u043c\u0438 \u0431\u043e\u0440\u0442\u0438\u043a\u0430\u043c\u0438;<\/p>\n<\/li>\n<li data-start=\"754\" data-end=\"813\">\n<p data-start=\"756\" data-end=\"813\">\u043e\u0442\u0432\u0435\u0440\u0441\u0442\u0438\u0435 \u0434\u043b\u044f \u043a\u0440\u0435\u043f\u043b\u0435\u043d\u0438\u044f \u043b\u0430\u043c\u043f\u044b \u0441 \u0443\u0432\u0435\u043b\u0438\u0447\u0438\u0442\u0435\u043b\u044c\u043d\u044b\u043c \u0441\u0442\u0435\u043a\u043b\u043e\u043c;<\/p>\n<\/li>\n<li data-start=\"814\" data-end=\"857\">\n<p data-start=\"816\" data-end=\"857\">\u0447\u0435\u0442\u044b\u0440\u0435 \u0441\u0442\u0435\u043a\u043b\u044f\u043d\u043d\u044b\u0435 \u043f\u043e\u043b\u043a\u0438 (\u0442\u043e\u043b\u0449\u0438\u043d\u0430 6 \u043c\u043c);<\/p>\n<\/li>\n<li data-start=\"858\" data-end=\"888\">\n<p data-start=\"860\" data-end=\"888\">\u043c\u0430\u0442\u043e\u0432\u043e\u0435 \u0437\u0430\u043a\u0430\u043b\u0451\u043d\u043d\u043e\u0435 \u0441\u0442\u0435\u043a\u043b\u043e;<\/p>\n<\/li>\n<li data-start=\"889\" data-end=\"922\">\n<p data-start=\"891\" data-end=\"922\">\u043a\u0440\u0435\u043f\u043b\u0435\u043d\u0438\u0435 \u043f\u043e\u043b\u043e\u043a \u043d\u0430 \u043f\u0440\u0438\u0441\u043e\u0441\u043a\u0430\u0445;<\/p>\n<\/li>\n<li data-start=\"923\" data-end=\"964\">\n<p data-start=\"925\" data-end=\"964\">\u043f\u043b\u0430\u0441\u0442\u0438\u043a\u043e\u0432\u044b\u0435 \u043a\u043e\u043b\u0451\u0441\u0430, \u043f\u043e\u043a\u0440\u044b\u0442\u044b\u0435 \u0440\u0435\u0437\u0438\u043d\u043e\u0439;<\/p>\n<\/li>\n<li data-start=\"965\" data-end=\"1002\">\n<p data-start=\"967\" data-end=\"1002\">\u043c\u0435\u0442\u0430\u043b\u043b\u0438\u0447\u0435\u0441\u043a\u0438\u0439 \u043a\u0430\u0440\u043a\u0430\u0441, \u0431\u0435\u043b\u044b\u0439 \u0446\u0432\u0435\u0442.<\/p>\n<\/li>\n<\/ul>\n<p data-start=\"1004\" data-end=\"1110\"><strong data-start=\"1004\" data-end=\"1016\">\u0420\u0430\u0437\u043c\u0435\u0440\u044b:<\/strong><br data-start=\"1016\" data-end=\"1019\" \/>\u0432\u044b\u0441\u043e\u0442\u0430 88 \u00d7 \u0434\u043b\u0438\u043d\u0430 70 \u00d7 \u0448\u0438\u0440\u0438\u043d\u0430 42 \u0441\u043c<br data-start=\"1054\" data-end=\"1057\" \/>\u0432\u044b\u0441\u043e\u0442\u0430 88 \u0441\u043c<br data-start=\"1069\" data-end=\"1072\" \/>\u0432\u043d\u0443\u0442\u0440\u0435\u043d\u043d\u0438\u0435 \u0440\u0430\u0437\u043c\u0435\u0440\u044b \u043f\u043e\u043b\u043e\u043a: 40 \u00d7 67 \u0441\u043c<\/p>\n<p><\/p>","protected":false},"excerpt":{"rendered":"<p>\u0420\u0430\u0431\u043e\u0447\u0430\u044f \u0442\u0435\u043b\u0435\u0436\u043a\u0430 \u043d\u0430 \u043a\u043e\u043b\u0451\u0441\u0430\u0445 \u0441 \u0441\u0442\u0435\u043a\u043b\u044f\u043d\u043d\u044b\u043c\u0438 \u043f\u043e\u043b\u043a\u0430\u043c\u0438, \u043a\u043e\u0442\u043e\u0440\u044b\u0435 \u043d\u0435 \u0431\u043e\u044f\u0442\u0441\u044f \u0437\u0430\u0433\u0440\u044f\u0437\u043d\u0435\u043d\u0438\u0439 \u0438 \u0446\u0430\u0440\u0430\u043f\u0438\u043d, \u043b\u0435\u0433\u043a\u043e \u043e\u0447\u0438\u0449\u0430\u044e\u0442\u0441\u044f \u2014 \u0441\u0442\u0438\u043b\u044c\u043d\u044b\u0439 \u0438 \u043a\u0430\u0447\u0435\u0441\u0442\u0432\u0435\u043d\u043d\u044b\u0439 \u043e\u0440\u0433\u0430\u043d\u0430\u0439\u0437\u0435\u0440<\/p>\n","protected":false},"featured_media":17165,"template":"","meta":[],"product_brand":[],"product_cat":[24,345],"product_tag":[],"class_list":{"0":"post-17162","1":"product","2":"type-product","3":"status-publish","4":"has-post-thumbnail","6":"product_cat-ilusalongimoobel","7":"product_cat-riiulid-ja-karud","9":"first","10":"instock","11":"taxable","12":"shipping-taxable","13":"purchasable","14":"product-type-simple"},"yoast_head":"<!-- This site is optimized with the Yoast SEO plugin v24.4 - https:\/\/yoast.com\/wordpress\/plugins\/seo\/ -->\n<title>\u0422\u0435\u043b\u0435\u0436\u043a\u0430 \u043a\u043e\u0441\u043c\u0435\u0442\u043e\u043b\u043e\u0433\u0438\u0447\u0435\u0441\u043a\u0430\u044f \u0441\u0442\u043e\u043b\u0438\u043a \u0434\u043b\u044f \u043a\u043e\u0441\u043c\u0435\u0442\u043e\u043b\u043e\u0433\u0430 \u0441\u0442\u043e\u043c\u0430\u0442\u043e\u043b\u043e\u0433\u0430 \u043a\u043e\u0441\u043c\u0435\u0442\u043e\u043b\u043e\u0433\u0438\u0447\u0435\u0441\u043a\u0430\u044f \u0441\u0442\u0435\u043a\u043b\u044f\u043d\u043d\u0430\u044f \u0442\u0435\u043b\u0435\u0436\u043a\u0430 Silverfox 1015A | Valika<\/title>\n<meta name=\"robots\" content=\"index, follow, max-snippet:-1, max-image-preview:large, max-video-preview:-1\" \/>\n<link rel=\"canonical\" href=\"https:\/\/valika.eu\/ru\/toode\/silverfox-1015a-kosmeetiku-tookaru-riiul-ratastega-klaasriiulitega\/\" \/>\n<meta property=\"og:locale\" content=\"ru_RU\" \/>\n<meta property=\"og:type\" content=\"article\" \/>\n<meta property=\"og:title\" content=\"\u0422\u0435\u043b\u0435\u0436\u043a\u0430 \u043a\u043e\u0441\u043c\u0435\u0442\u043e\u043b\u043e\u0433\u0438\u0447\u0435\u0441\u043a\u0430\u044f \u0441\u0442\u043e\u043b\u0438\u043a \u0434\u043b\u044f \u043a\u043e\u0441\u043c\u0435\u0442\u043e\u043b\u043e\u0433\u0430 \u0441\u0442\u043e\u043c\u0430\u0442\u043e\u043b\u043e\u0433\u0430 \u043a\u043e\u0441\u043c\u0435\u0442\u043e\u043b\u043e\u0433\u0438\u0447\u0435\u0441\u043a\u0430\u044f \u0441\u0442\u0435\u043a\u043b\u044f\u043d\u043d\u0430\u044f \u0442\u0435\u043b\u0435\u0436\u043a\u0430 Silverfox 1015A | Valika\" \/>\n<meta property=\"og:description\" content=\"\u0420\u0430\u0431\u043e\u0447\u0430\u044f \u0442\u0435\u043b\u0435\u0436\u043a\u0430 \u043d\u0430 \u043a\u043e\u043b\u0451\u0441\u0430\u0445 \u0441 \u0441\u0442\u0435\u043a\u043b\u044f\u043d\u043d\u044b\u043c\u0438 \u043f\u043e\u043b\u043a\u0430\u043c\u0438, \u043a\u043e\u0442\u043e\u0440\u044b\u0435 \u043d\u0435 \u0431\u043e\u044f\u0442\u0441\u044f \u0437\u0430\u0433\u0440\u044f\u0437\u043d\u0435\u043d\u0438\u0439 \u0438 \u0446\u0430\u0440\u0430\u043f\u0438\u043d, \u043b\u0435\u0433\u043a\u043e \u043e\u0447\u0438\u0449\u0430\u044e\u0442\u0441\u044f \u2014 \u0441\u0442\u0438\u043b\u044c\u043d\u044b\u0439 \u0438 \u043a\u0430\u0447\u0435\u0441\u0442\u0432\u0435\u043d\u043d\u044b\u0439 \u043e\u0440\u0433\u0430\u043d\u0430\u0439\u0437\u0435\u0440\" \/>\n<meta property=\"og:url\" content=\"https:\/\/valika.eu\/ru\/toode\/silverfox-1015a-kosmeetiku-tookaru-riiul-ratastega-klaasriiulitega\/\" \/>\n<meta property=\"og:site_name\" content=\"Valika\" \/>\n<meta property=\"article:publisher\" content=\"https:\/\/www.facebook.com\/tipsi.net\" \/>\n<meta property=\"article:modified_time\" content=\"2026-03-07T05:42:34+00:00\" \/>\n<meta property=\"og:image\" content=\"https:\/\/valika.eu\/wp-content\/uploads\/2025\/10\/kosmeetiline_riiul_klaasiga_1015a_.jpg\" \/>\n\t<meta property=\"og:image:width\" content=\"1034\" \/>\n\t<meta property=\"og:image:height\" content=\"900\" \/>\n\t<meta property=\"og:image:type\" content=\"image\/jpeg\" \/>\n<meta name=\"twitter:card\" content=\"summary_large_image\" \/>\n<script type=\"application\/ld+json\" class=\"yoast-schema-graph\">{\"@context\":\"https:\/\/schema.org\",\"@graph\":[{\"@type\":\"WebPage\",\"@id\":\"https:\/\/valika.eu\/ru\/toode\/silverfox-1015a-kosmeetiku-tookaru-riiul-ratastega-klaasriiulitega\/\",\"url\":\"https:\/\/valika.eu\/ru\/toode\/silverfox-1015a-kosmeetiku-tookaru-riiul-ratastega-klaasriiulitega\/\",\"name\":\"\u0422\u0435\u043b\u0435\u0436\u043a\u0430 \u043a\u043e\u0441\u043c\u0435\u0442\u043e\u043b\u043e\u0433\u0438\u0447\u0435\u0441\u043a\u0430\u044f \u0441\u0442\u043e\u043b\u0438\u043a \u0434\u043b\u044f \u043a\u043e\u0441\u043c\u0435\u0442\u043e\u043b\u043e\u0433\u0430 \u0441\u0442\u043e\u043c\u0430\u0442\u043e\u043b\u043e\u0433\u0430 \u043a\u043e\u0441\u043c\u0435\u0442\u043e\u043b\u043e\u0433\u0438\u0447\u0435\u0441\u043a\u0430\u044f \u0441\u0442\u0435\u043a\u043b\u044f\u043d\u043d\u0430\u044f \u0442\u0435\u043b\u0435\u0436\u043a\u0430 Silverfox 1015A | Valika\",\"isPartOf\":{\"@id\":\"https:\/\/valika.eu\/ru\/#website\"},\"primaryImageOfPage\":{\"@id\":\"https:\/\/valika.eu\/ru\/toode\/silverfox-1015a-kosmeetiku-tookaru-riiul-ratastega-klaasriiulitega\/#primaryimage\"},\"image\":{\"@id\":\"https:\/\/valika.eu\/toode\/silverfox-1015a-kosmeetiku-tookaru-riiul-ratastega-klaasriiulitega\/#primaryimage\"},\"thumbnailUrl\":\"https:\/\/valika.eu\/wp-content\/uploads\/2025\/10\/kosmeetiline_riiul_klaasiga_1015a_.jpg\",\"datePublished\":\"2025-10-22T10:45:22+00:00\",\"dateModified\":\"2026-03-07T05:42:34+00:00\",\"breadcrumb\":{\"@id\":\"https:\/\/valika.eu\/ru\/toode\/silverfox-1015a-kosmeetiku-tookaru-riiul-ratastega-klaasriiulitega\/#breadcrumb\"},\"inLanguage\":\"ru-RU\",\"potentialAction\":[{\"@type\":\"ReadAction\",\"target\":[[\"https:\/\/valika.eu\/ru\/toode\/silverfox-1015a-kosmeetiku-tookaru-riiul-ratastega-klaasriiulitega\/\"]]}]},{\"@type\":\"ImageObject\",\"inLanguage\":\"ru-RU\",\"@id\":\"https:\/\/valika.eu\/ru\/toode\/silverfox-1015a-kosmeetiku-tookaru-riiul-ratastega-klaasriiulitega\/#primaryimage\",\"url\":\"https:\/\/valika.eu\/wp-content\/uploads\/2025\/10\/kosmeetiline_riiul_klaasiga_1015a_.jpg\",\"contentUrl\":\"https:\/\/valika.eu\/wp-content\/uploads\/2025\/10\/kosmeetiline_riiul_klaasiga_1015a_.jpg\",\"width\":1034,\"height\":900},{\"@type\":\"BreadcrumbList\",\"@id\":\"https:\/\/valika.eu\/ru\/toode\/silverfox-1015a-kosmeetiku-tookaru-riiul-ratastega-klaasriiulitega\/#breadcrumb\",\"itemListElement\":[{\"@type\":\"ListItem\",\"position\":1,\"name\":\"Koti\",\"item\":\"https:\/\/valika.eu\/ru\/\"},{\"@type\":\"ListItem\",\"position\":2,\"name\":\"Shop\",\"item\":\"https:\/\/valika.eu\/ru\/\"},{\"@type\":\"ListItem\",\"position\":3,\"name\":\"Silverfox 1015A kosmeetiku t\u00f6\u00f6k\u00e4ru riiul ratastega klaasriiulitega\"}]},{\"@type\":\"WebSite\",\"@id\":\"https:\/\/valika.eu\/ru\/#website\",\"url\":\"https:\/\/valika.eu\/ru\/\",\"name\":\"Valika.eu\",\"description\":\"\u0421\u0430\u043b\u043e\u043d\u043d\u0430\u044f \u043f\u0440\u043e\u0434\u0443\u043a\u0446\u0438\u044f \u0438 \u0442\u043e\u0432\u0430\u0440\u044b \u0434\u043b\u044f \u043a\u0440\u0430\u0441\u043e\u0442\u044b - Valika \u043f\u0440\u0435\u0434\u043b\u0430\u0433\u0430\u0435\u0442 \u0448\u0438\u0440\u043e\u043a\u0438\u0439 \u0430\u0441\u0441\u043e\u0440\u0442\u0438\u043c\u0435\u043d\u0442 \u043f\u0440\u043e\u0434\u0443\u043a\u0446\u0438\u0438 \u0438 \u0430\u043a\u0441\u0435\u0441\u0441\u0443\u0430\u0440\u043e\u0432 \u0434\u043b\u044f \u043d\u043e\u0433\u0442\u0435\u0432\u044b\u0445 \u0442\u0435\u0445\u043d\u0438\u043a\u043e\u0432, \u0441\u0430\u043b\u043e\u043d\u043e\u0432 \u043a\u0440\u0430\u0441\u043e\u0442\u044b, \u043f\u0430\u0440\u0438\u043a\u043c\u0430\u0445\u0435\u0440\u0441\u043a\u0438\u0445\",\"publisher\":{\"@id\":\"https:\/\/valika.eu\/ru\/#organization\"},\"alternateName\":\"Valika\",\"potentialAction\":[{\"@type\":\"SearchAction\",\"target\":{\"@type\":\"EntryPoint\",\"urlTemplate\":\"https:\/\/valika.eu\/ru\/?s={search_term_string}\"},\"query-input\":{\"@type\":\"PropertyValueSpecification\",\"valueRequired\":true,\"valueName\":\"search_term_string\"}}],\"inLanguage\":\"ru-RU\"},{\"@type\":\"Organization\",\"@id\":\"https:\/\/valika.eu\/ru\/#organization\",\"name\":\"Salongitoode O\u00dc\",\"alternateName\":\"Valika\",\"url\":\"https:\/\/valika.eu\/ru\/\",\"logo\":{\"@type\":\"ImageObject\",\"inLanguage\":\"ru-RU\",\"@id\":\"https:\/\/valika.eu\/ru\/#\/schema\/logo\/image\/\",\"url\":\"https:\/\/valika.eu\/wp-content\/uploads\/2023\/11\/logo2-valika-footer.png\",\"contentUrl\":\"https:\/\/valika.eu\/wp-content\/uploads\/2023\/11\/logo2-valika-footer.png\",\"width\":200,\"height\":129,\"caption\":\"Salongitoode O\u00dc\"},\"image\":{\"@id\":\"https:\/\/valika.eu\/ru\/#\/schema\/logo\/image\/\"},\"sameAs\":[\"https:\/\/www.facebook.com\/tipsi.net\"]}]}<\/script>\n<!-- \/ Yoast SEO plugin. -->","yoast_head_json":{"title":"\u0422\u0435\u043b\u0435\u0436\u043a\u0430 \u043a\u043e\u0441\u043c\u0435\u0442\u043e\u043b\u043e\u0433\u0438\u0447\u0435\u0441\u043a\u0430\u044f \u0441\u0442\u043e\u043b\u0438\u043a \u0434\u043b\u044f \u043a\u043e\u0441\u043c\u0435\u0442\u043e\u043b\u043e\u0433\u0430 \u0441\u0442\u043e\u043c\u0430\u0442\u043e\u043b\u043e\u0433\u0430 \u043a\u043e\u0441\u043c\u0435\u0442\u043e\u043b\u043e\u0433\u0438\u0447\u0435\u0441\u043a\u0430\u044f \u0441\u0442\u0435\u043a\u043b\u044f\u043d\u043d\u0430\u044f \u0442\u0435\u043b\u0435\u0436\u043a\u0430 Silverfox 1015A | Valika","robots":{"index":"index","follow":"follow","max-snippet":"max-snippet:-1","max-image-preview":"max-image-preview:large","max-video-preview":"max-video-preview:-1"},"canonical":"https:\/\/valika.eu\/ru\/toode\/silverfox-1015a-kosmeetiku-tookaru-riiul-ratastega-klaasriiulitega\/","og_locale":"ru_RU","og_type":"article","og_title":"\u0422\u0435\u043b\u0435\u0436\u043a\u0430 \u043a\u043e\u0441\u043c\u0435\u0442\u043e\u043b\u043e\u0433\u0438\u0447\u0435\u0441\u043a\u0430\u044f \u0441\u0442\u043e\u043b\u0438\u043a \u0434\u043b\u044f \u043a\u043e\u0441\u043c\u0435\u0442\u043e\u043b\u043e\u0433\u0430 \u0441\u0442\u043e\u043c\u0430\u0442\u043e\u043b\u043e\u0433\u0430 \u043a\u043e\u0441\u043c\u0435\u0442\u043e\u043b\u043e\u0433\u0438\u0447\u0435\u0441\u043a\u0430\u044f \u0441\u0442\u0435\u043a\u043b\u044f\u043d\u043d\u0430\u044f \u0442\u0435\u043b\u0435\u0436\u043a\u0430 Silverfox 1015A | Valika","og_description":"\u0420\u0430\u0431\u043e\u0447\u0430\u044f \u0442\u0435\u043b\u0435\u0436\u043a\u0430 \u043d\u0430 \u043a\u043e\u043b\u0451\u0441\u0430\u0445 \u0441 \u0441\u0442\u0435\u043a\u043b\u044f\u043d\u043d\u044b\u043c\u0438 \u043f\u043e\u043b\u043a\u0430\u043c\u0438, \u043a\u043e\u0442\u043e\u0440\u044b\u0435 \u043d\u0435 \u0431\u043e\u044f\u0442\u0441\u044f \u0437\u0430\u0433\u0440\u044f\u0437\u043d\u0435\u043d\u0438\u0439 \u0438 \u0446\u0430\u0440\u0430\u043f\u0438\u043d, \u043b\u0435\u0433\u043a\u043e \u043e\u0447\u0438\u0449\u0430\u044e\u0442\u0441\u044f \u2014 \u0441\u0442\u0438\u043b\u044c\u043d\u044b\u0439 \u0438 \u043a\u0430\u0447\u0435\u0441\u0442\u0432\u0435\u043d\u043d\u044b\u0439 \u043e\u0440\u0433\u0430\u043d\u0430\u0439\u0437\u0435\u0440","og_url":"https:\/\/valika.eu\/ru\/toode\/silverfox-1015a-kosmeetiku-tookaru-riiul-ratastega-klaasriiulitega\/","og_site_name":"Valika","article_publisher":"https:\/\/www.facebook.com\/tipsi.net","article_modified_time":"2026-03-07T05:42:34+00:00","og_image":[{"width":1034,"height":900,"url":"https:\/\/valika.eu\/wp-content\/uploads\/2025\/10\/kosmeetiline_riiul_klaasiga_1015a_.jpg","type":"image\/jpeg"}],"twitter_card":"summary_large_image","schema":{"@context":"https:\/\/schema.org","@graph":[{"@type":"WebPage","@id":"https:\/\/valika.eu\/ru\/toode\/silverfox-1015a-kosmeetiku-tookaru-riiul-ratastega-klaasriiulitega\/","url":"https:\/\/valika.eu\/ru\/toode\/silverfox-1015a-kosmeetiku-tookaru-riiul-ratastega-klaasriiulitega\/","name":"\u0422\u0435\u043b\u0435\u0436\u043a\u0430 \u043a\u043e\u0441\u043c\u0435\u0442\u043e\u043b\u043e\u0433\u0438\u0447\u0435\u0441\u043a\u0430\u044f \u0441\u0442\u043e\u043b\u0438\u043a \u0434\u043b\u044f \u043a\u043e\u0441\u043c\u0435\u0442\u043e\u043b\u043e\u0433\u0430 \u0441\u0442\u043e\u043c\u0430\u0442\u043e\u043b\u043e\u0433\u0430 \u043a\u043e\u0441\u043c\u0435\u0442\u043e\u043b\u043e\u0433\u0438\u0447\u0435\u0441\u043a\u0430\u044f \u0441\u0442\u0435\u043a\u043b\u044f\u043d\u043d\u0430\u044f \u0442\u0435\u043b\u0435\u0436\u043a\u0430 Silverfox 1015A | Valika","isPartOf":{"@id":"https:\/\/valika.eu\/ru\/#website"},"primaryImageOfPage":{"@id":"https:\/\/valika.eu\/ru\/toode\/silverfox-1015a-kosmeetiku-tookaru-riiul-ratastega-klaasriiulitega\/#primaryimage"},"image":{"@id":"https:\/\/valika.eu\/toode\/silverfox-1015a-kosmeetiku-tookaru-riiul-ratastega-klaasriiulitega\/#primaryimage"},"thumbnailUrl":"https:\/\/valika.eu\/wp-content\/uploads\/2025\/10\/kosmeetiline_riiul_klaasiga_1015a_.jpg","datePublished":"2025-10-22T10:45:22+00:00","dateModified":"2026-03-07T05:42:34+00:00","breadcrumb":{"@id":"https:\/\/valika.eu\/ru\/toode\/silverfox-1015a-kosmeetiku-tookaru-riiul-ratastega-klaasriiulitega\/#breadcrumb"},"inLanguage":"ru-RU","potentialAction":[{"@type":"ReadAction","target":[["https:\/\/valika.eu\/ru\/toode\/silverfox-1015a-kosmeetiku-tookaru-riiul-ratastega-klaasriiulitega\/"]]}]},{"@type":"ImageObject","inLanguage":"ru-RU","@id":"https:\/\/valika.eu\/ru\/toode\/silverfox-1015a-kosmeetiku-tookaru-riiul-ratastega-klaasriiulitega\/#primaryimage","url":"https:\/\/valika.eu\/wp-content\/uploads\/2025\/10\/kosmeetiline_riiul_klaasiga_1015a_.jpg","contentUrl":"https:\/\/valika.eu\/wp-content\/uploads\/2025\/10\/kosmeetiline_riiul_klaasiga_1015a_.jpg","width":1034,"height":900},{"@type":"BreadcrumbList","@id":"https:\/\/valika.eu\/ru\/toode\/silverfox-1015a-kosmeetiku-tookaru-riiul-ratastega-klaasriiulitega\/#breadcrumb","itemListElement":[{"@type":"ListItem","position":1,"name":"Koti","item":"https:\/\/valika.eu\/ru\/"},{"@type":"ListItem","position":2,"name":"Shop","item":"https:\/\/valika.eu\/ru\/"},{"@type":"ListItem","position":3,"name":"Silverfox 1015A kosmeetiku t\u00f6\u00f6k\u00e4ru riiul ratastega klaasriiulitega"}]},{"@type":"WebSite","@id":"https:\/\/valika.eu\/ru\/#website","url":"https:\/\/valika.eu\/ru\/","name":"Valika.eu","description":"\u0421\u0430\u043b\u043e\u043d\u043d\u0430\u044f \u043f\u0440\u043e\u0434\u0443\u043a\u0446\u0438\u044f \u0438 \u0442\u043e\u0432\u0430\u0440\u044b \u0434\u043b\u044f \u043a\u0440\u0430\u0441\u043e\u0442\u044b - Valika \u043f\u0440\u0435\u0434\u043b\u0430\u0433\u0430\u0435\u0442 \u0448\u0438\u0440\u043e\u043a\u0438\u0439 \u0430\u0441\u0441\u043e\u0440\u0442\u0438\u043c\u0435\u043d\u0442 \u043f\u0440\u043e\u0434\u0443\u043a\u0446\u0438\u0438 \u0438 \u0430\u043a\u0441\u0435\u0441\u0441\u0443\u0430\u0440\u043e\u0432 \u0434\u043b\u044f \u043d\u043e\u0433\u0442\u0435\u0432\u044b\u0445 \u0442\u0435\u0445\u043d\u0438\u043a\u043e\u0432, \u0441\u0430\u043b\u043e\u043d\u043e\u0432 \u043a\u0440\u0430\u0441\u043e\u0442\u044b, \u043f\u0430\u0440\u0438\u043a\u043c\u0430\u0445\u0435\u0440\u0441\u043a\u0438\u0445","publisher":{"@id":"https:\/\/valika.eu\/ru\/#organization"},"alternateName":"Valika","potentialAction":[{"@type":"SearchAction","target":{"@type":"EntryPoint","urlTemplate":"https:\/\/valika.eu\/ru\/?s={search_term_string}"},"query-input":{"@type":"PropertyValueSpecification","valueRequired":true,"valueName":"search_term_string"}}],"inLanguage":"ru-RU"},{"@type":"Organization","@id":"https:\/\/valika.eu\/ru\/#organization","name":"Salongitoode O\u00dc","alternateName":"Valika","url":"https:\/\/valika.eu\/ru\/","logo":{"@type":"ImageObject","inLanguage":"ru-RU","@id":"https:\/\/valika.eu\/ru\/#\/schema\/logo\/image\/","url":"https:\/\/valika.eu\/wp-content\/uploads\/2023\/11\/logo2-valika-footer.png","contentUrl":"https:\/\/valika.eu\/wp-content\/uploads\/2023\/11\/logo2-valika-footer.png","width":200,"height":129,"caption":"Salongitoode O\u00dc"},"image":{"@id":"https:\/\/valika.eu\/ru\/#\/schema\/logo\/image\/"},"sameAs":["https:\/\/www.facebook.com\/tipsi.net"]}]}},"jetpack_sharing_enabled":true,"_links":{"self":[{"href":"https:\/\/valika.eu\/ru\/wp-json\/wp\/v2\/product\/17162","targetHints":{"allow":["GET"]}}],"collection":[{"href":"https:\/\/valika.eu\/ru\/wp-json\/wp\/v2\/product"}],"about":[{"href":"https:\/\/valika.eu\/ru\/wp-json\/wp\/v2\/types\/product"}],"wp:featuredmedia":[{"embeddable":true,"href":"https:\/\/valika.eu\/ru\/wp-json\/wp\/v2\/media\/17165"}],"wp:attachment":[{"href":"https:\/\/valika.eu\/ru\/wp-json\/wp\/v2\/media?parent=17162"}],"wp:term":[{"taxonomy":"product_brand","embeddable":true,"href":"https:\/\/valika.eu\/ru\/wp-json\/wp\/v2\/product_brand?post=17162"},{"taxonomy":"product_cat","embeddable":true,"href":"https:\/\/valika.eu\/ru\/wp-json\/wp\/v2\/product_cat?post=17162"},{"taxonomy":"product_tag","embeddable":true,"href":"https:\/\/valika.eu\/ru\/wp-json\/wp\/v2\/product_tag?post=17162"}],"curies":[{"name":"wp","href":"https:\/\/api.w.org\/{rel}","templated":true}]}}