{"id":17678,"date":"2025-11-21T10:44:39","date_gmt":"2025-11-21T08:44:39","guid":{"rendered":"https:\/\/valika.eu\/?post_type=product&#038;p=17678"},"modified":"2026-04-01T15:45:09","modified_gmt":"2026-04-01T12:45:09","slug":"cover-light-ehitusgeel-50g","status":"publish","type":"product","link":"https:\/\/valika.eu\/ru\/toode\/cover-light-ehitusgeel-50g\/","title":{"rendered":"Cover Light \u041a\u0430\u043c\u0443\u0444\u043b\u044f\u0436\u043d\u044b\u0439 \u0441\u0442\u0440\u043e\u0438\u0442\u0435\u043b\u044c\u043d\u044b\u0439 \u0433\u0435\u043b\u044c 50g"},"content":{"rendered":"<p>\u041a\u0430\u043c\u0443\u0444\u043b\u044f\u0436\u043d\u044b\u0439 \u0433\u0435\u043b\u044c, Cover Light<br \/>\n\u041d\u0430\u0442\u0443\u0440\u0430\u043b\u044c\u043d\u044b\u0439 \u043d\u0435\u043f\u0440\u043e\u0437\u0440\u0430\u0447\u043d\u044b\u0439 \u0440\u043e\u0437\u043e\u0432\u044b\u0439 \u043a\u0430\u043c\u0443\u0444\u043b\u044f\u0436\u043d\u044b\u0439 \u0433\u0435\u043b\u044c, \u0441\u0445\u043e\u0436\u0438\u0439 \u043f\u043e \u0446\u0432\u0435\u0442\u0443 \u0441 \u043d\u043e\u0433\u0442\u0435\u0432\u043e\u0439 \u043f\u043b\u0430\u0441\u0442\u0438\u043d\u043e\u0439.<br \/>\n\u041f\u043e\u0434\u0445\u043e\u0434\u0438\u0442 \u0434\u043b\u044f \u0438\u0441\u043f\u0440\u0430\u0432\u043b\u0435\u043d\u0438\u044f \u0434\u0435\u0444\u0435\u043a\u0442\u043e\u0432 \u043d\u043e\u0433\u0442\u0435\u0432\u043e\u0439 \u043f\u043b\u0430\u0441\u0442\u0438\u043d\u044b (\u043a\u0430\u043c\u0443\u0444\u043b\u044f\u0436\u0430) \u0438\u043b\u0438 \u0434\u043b\u044f \u0435\u0451 \u0443\u0434\u043b\u0438\u043d\u0435\u043d\u0438\u044f.<br \/>\n\u0417\u0430\u0441\u0442\u044b\u0432\u0430\u0435\u0442 \u0432 UV-\u043b\u0430\u043c\u043f\u0435 36 \u0412\u0442 \u0437\u0430 3 \u043c\u0438\u043d\u0443\u0442\u044b \u0438\u043b\u0438 \u0437\u0430 2 \u043c\u0438\u043d\u0443\u0442\u044b \u043f\u043e\u0434 \u0441\u043e\u0432\u0440\u0435\u043c\u0435\u043d\u043d\u043e\u0439 \u0433\u0438\u0431\u0440\u0438\u0434\u043d\u043e\u0439 LED-\u043b\u0430\u043c\u043f\u043e\u0439.<br \/>\n\u0414\u043b\u044f \u0434\u043e\u0441\u0442\u0438\u0436\u0435\u043d\u0438\u044f \u043c\u0430\u043a\u0441\u0438\u043c\u0430\u043b\u044c\u043d\u043e\u0433\u043e \u0431\u043b\u0435\u0441\u043a\u0430 \u0440\u0435\u043a\u043e\u043c\u0435\u043d\u0434\u0443\u0435\u0442\u0441\u044f \u043d\u0430\u043d\u0435\u0441\u0442\u0438 \u0433\u043b\u044f\u043d\u0435\u0446-\u0433\u0435\u043b\u044c \u0432 \u043a\u0430\u0447\u0435\u0441\u0442\u0432\u0435 \u0444\u0438\u043d\u0430\u043b\u044c\u043d\u043e\u0433\u043e \u0441\u043b\u043e\u044f.<\/p>\n<p>\u041d\u0430\u043d\u043e\u0441\u0438\u0442\u0441\u044f \u043d\u0430 \u0431\u0430\u0437\u043e\u0432\u044b\u0439 \u0438\u043b\u0438 \u0441\u0442\u0440\u043e\u0438\u0442\u0435\u043b\u044c\u043d\u044b\u0439 \u0433\u0435\u043b\u044c \u0432 \u0434\u0432\u0430 \u0441\u043b\u043e\u044f.<\/p>","protected":false},"excerpt":{"rendered":"<p>\u0421\u0440\u0435\u0434\u043d\u0435\u0439 \u0433\u0443\u0441\u0442\u043e\u0442\u044b.<br \/>\n\u0425\u043e\u0440\u043e\u0448\u0430\u044f \u0430\u0434\u0433\u0435\u0437\u0438\u044f. \u0413\u0438\u0431\u043a\u0438\u0439.<br \/>\n\u041d\u0435 \u043f\u0435\u0447\u0435\u0442, \u043d\u0435 \u0436\u0433\u0435\u0442\u0441\u044f.<\/p>\n","protected":false},"featured_media":17794,"template":"","meta":[],"product_brand":[],"product_cat":[74],"product_tag":[],"class_list":{"0":"post-17678","1":"product","2":"type-product","3":"status-publish","4":"has-post-thumbnail","6":"product_cat-affinity","8":"first","9":"outofstock","10":"taxable","11":"shipping-taxable","12":"purchasable","13":"product-type-simple"},"yoast_head":"<!-- This site is optimized with the Yoast SEO plugin v24.4 - https:\/\/yoast.com\/wordpress\/plugins\/seo\/ -->\n<title>Cover Light \u041a\u0430\u043c\u0443\u0444\u043b\u044f\u0436\u043d\u044b\u0439 \u0441\u0442\u0440\u043e\u0438\u0442\u0435\u043b\u044c\u043d\u044b\u0439 \u0433\u0435\u043b\u044c 50g | Valika<\/title>\n<meta name=\"description\" content=\"Tugevam pol\u00fcmeerideahel tagab geeli parema haarduvuse k\u00fc\u00fcnepinnaga.\u00dchefaasilise keskmise paksusega Ice geeli on v\u00e4ga mugav k\u00fc\u00fcnele kanda ja seda kasutatakse terve k\u00fc\u00fcne \u00fclesehitamiseks. Vajab alla primerit v\u00f5i bonderit (erinevusest palun lugege praimeri kirjelduses).\" \/>\n<meta name=\"robots\" content=\"index, follow, max-snippet:-1, max-image-preview:large, max-video-preview:-1\" \/>\n<link rel=\"canonical\" href=\"https:\/\/valika.eu\/ru\/toode\/cover-light-ehitusgeel-50g\/\" \/>\n<meta property=\"og:locale\" content=\"ru_RU\" \/>\n<meta property=\"og:type\" content=\"article\" \/>\n<meta property=\"og:title\" content=\"Cover Light \u041a\u0430\u043c\u0443\u0444\u043b\u044f\u0436\u043d\u044b\u0439 \u0441\u0442\u0440\u043e\u0438\u0442\u0435\u043b\u044c\u043d\u044b\u0439 \u0433\u0435\u043b\u044c 50g | Valika\" \/>\n<meta property=\"og:description\" content=\"Tugevam pol\u00fcmeerideahel tagab geeli parema haarduvuse k\u00fc\u00fcnepinnaga.\u00dchefaasilise keskmise paksusega Ice geeli on v\u00e4ga mugav k\u00fc\u00fcnele kanda ja seda kasutatakse terve k\u00fc\u00fcne \u00fclesehitamiseks. Vajab alla primerit v\u00f5i bonderit (erinevusest palun lugege praimeri kirjelduses).\" \/>\n<meta property=\"og:url\" content=\"https:\/\/valika.eu\/ru\/toode\/cover-light-ehitusgeel-50g\/\" \/>\n<meta property=\"og:site_name\" content=\"Valika\" \/>\n<meta property=\"article:publisher\" content=\"https:\/\/www.facebook.com\/tipsi.net\" \/>\n<meta property=\"article:modified_time\" content=\"2026-04-01T12:45:09+00:00\" \/>\n<meta property=\"og:image\" content=\"https:\/\/valika.eu\/wp-content\/uploads\/2025\/11\/D5A3FDA4-CDFE-4E7E-88C6-DA3963BB3115.jpg\" \/>\n\t<meta property=\"og:image:width\" content=\"1179\" \/>\n\t<meta property=\"og:image:height\" content=\"2096\" \/>\n\t<meta property=\"og:image:type\" content=\"image\/jpeg\" \/>\n<meta name=\"twitter:card\" content=\"summary_large_image\" \/>\n<script type=\"application\/ld+json\" class=\"yoast-schema-graph\">{\"@context\":\"https:\/\/schema.org\",\"@graph\":[{\"@type\":\"WebPage\",\"@id\":\"https:\/\/valika.eu\/ru\/toode\/cover-light-ehitusgeel-50g\/\",\"url\":\"https:\/\/valika.eu\/ru\/toode\/cover-light-ehitusgeel-50g\/\",\"name\":\"Cover Light \u041a\u0430\u043c\u0443\u0444\u043b\u044f\u0436\u043d\u044b\u0439 \u0441\u0442\u0440\u043e\u0438\u0442\u0435\u043b\u044c\u043d\u044b\u0439 \u0433\u0435\u043b\u044c 50g | Valika\",\"isPartOf\":{\"@id\":\"https:\/\/valika.eu\/ru\/#website\"},\"primaryImageOfPage\":{\"@id\":\"https:\/\/valika.eu\/ru\/toode\/cover-light-ehitusgeel-50g\/#primaryimage\"},\"image\":{\"@id\":\"https:\/\/valika.eu\/toode\/cover-light-ehitusgeel-50g\/#primaryimage\"},\"thumbnailUrl\":\"https:\/\/valika.eu\/wp-content\/uploads\/2025\/11\/D5A3FDA4-CDFE-4E7E-88C6-DA3963BB3115.jpg\",\"datePublished\":\"2025-11-21T08:44:39+00:00\",\"dateModified\":\"2026-04-01T12:45:09+00:00\",\"description\":\"Tugevam pol\u00fcmeerideahel tagab geeli parema haarduvuse k\u00fc\u00fcnepinnaga.\u00dchefaasilise keskmise paksusega Ice geeli on v\u00e4ga mugav k\u00fc\u00fcnele kanda ja seda kasutatakse terve k\u00fc\u00fcne \u00fclesehitamiseks. Vajab alla primerit v\u00f5i bonderit (erinevusest palun lugege praimeri kirjelduses).\",\"breadcrumb\":{\"@id\":\"https:\/\/valika.eu\/ru\/toode\/cover-light-ehitusgeel-50g\/#breadcrumb\"},\"inLanguage\":\"ru-RU\",\"potentialAction\":[{\"@type\":\"ReadAction\",\"target\":[[\"https:\/\/valika.eu\/ru\/toode\/cover-light-ehitusgeel-50g\/\"]]}]},{\"@type\":\"ImageObject\",\"inLanguage\":\"ru-RU\",\"@id\":\"https:\/\/valika.eu\/ru\/toode\/cover-light-ehitusgeel-50g\/#primaryimage\",\"url\":\"https:\/\/valika.eu\/wp-content\/uploads\/2025\/11\/D5A3FDA4-CDFE-4E7E-88C6-DA3963BB3115.jpg\",\"contentUrl\":\"https:\/\/valika.eu\/wp-content\/uploads\/2025\/11\/D5A3FDA4-CDFE-4E7E-88C6-DA3963BB3115.jpg\",\"width\":1179,\"height\":2096},{\"@type\":\"BreadcrumbList\",\"@id\":\"https:\/\/valika.eu\/ru\/toode\/cover-light-ehitusgeel-50g\/#breadcrumb\",\"itemListElement\":[{\"@type\":\"ListItem\",\"position\":1,\"name\":\"Koti\",\"item\":\"https:\/\/valika.eu\/ru\/\"},{\"@type\":\"ListItem\",\"position\":2,\"name\":\"Shop\",\"item\":\"https:\/\/valika.eu\/ru\/\"},{\"@type\":\"ListItem\",\"position\":3,\"name\":\"Cover Light Camouflage building gel 50g\"}]},{\"@type\":\"WebSite\",\"@id\":\"https:\/\/valika.eu\/ru\/#website\",\"url\":\"https:\/\/valika.eu\/ru\/\",\"name\":\"Valika.eu\",\"description\":\"\u0421\u0430\u043b\u043e\u043d\u043d\u0430\u044f \u043f\u0440\u043e\u0434\u0443\u043a\u0446\u0438\u044f \u0438 \u0442\u043e\u0432\u0430\u0440\u044b \u0434\u043b\u044f \u043a\u0440\u0430\u0441\u043e\u0442\u044b - Valika \u043f\u0440\u0435\u0434\u043b\u0430\u0433\u0430\u0435\u0442 \u0448\u0438\u0440\u043e\u043a\u0438\u0439 \u0430\u0441\u0441\u043e\u0440\u0442\u0438\u043c\u0435\u043d\u0442 \u043f\u0440\u043e\u0434\u0443\u043a\u0446\u0438\u0438 \u0438 \u0430\u043a\u0441\u0435\u0441\u0441\u0443\u0430\u0440\u043e\u0432 \u0434\u043b\u044f \u043d\u043e\u0433\u0442\u0435\u0432\u044b\u0445 \u0442\u0435\u0445\u043d\u0438\u043a\u043e\u0432, \u0441\u0430\u043b\u043e\u043d\u043e\u0432 \u043a\u0440\u0430\u0441\u043e\u0442\u044b, \u043f\u0430\u0440\u0438\u043a\u043c\u0430\u0445\u0435\u0440\u0441\u043a\u0438\u0445\",\"publisher\":{\"@id\":\"https:\/\/valika.eu\/ru\/#organization\"},\"alternateName\":\"Valika\",\"potentialAction\":[{\"@type\":\"SearchAction\",\"target\":{\"@type\":\"EntryPoint\",\"urlTemplate\":\"https:\/\/valika.eu\/ru\/?s={search_term_string}\"},\"query-input\":{\"@type\":\"PropertyValueSpecification\",\"valueRequired\":true,\"valueName\":\"search_term_string\"}}],\"inLanguage\":\"ru-RU\"},{\"@type\":\"Organization\",\"@id\":\"https:\/\/valika.eu\/ru\/#organization\",\"name\":\"Salongitoode O\u00dc\",\"alternateName\":\"Valika\",\"url\":\"https:\/\/valika.eu\/ru\/\",\"logo\":{\"@type\":\"ImageObject\",\"inLanguage\":\"ru-RU\",\"@id\":\"https:\/\/valika.eu\/ru\/#\/schema\/logo\/image\/\",\"url\":\"https:\/\/valika.eu\/wp-content\/uploads\/2023\/11\/logo2-valika-footer.png\",\"contentUrl\":\"https:\/\/valika.eu\/wp-content\/uploads\/2023\/11\/logo2-valika-footer.png\",\"width\":200,\"height\":129,\"caption\":\"Salongitoode O\u00dc\"},\"image\":{\"@id\":\"https:\/\/valika.eu\/ru\/#\/schema\/logo\/image\/\"},\"sameAs\":[\"https:\/\/www.facebook.com\/tipsi.net\"]}]}<\/script>\n<!-- \/ Yoast SEO plugin. -->","yoast_head_json":{"title":"Cover Light \u041a\u0430\u043c\u0443\u0444\u043b\u044f\u0436\u043d\u044b\u0439 \u0441\u0442\u0440\u043e\u0438\u0442\u0435\u043b\u044c\u043d\u044b\u0439 \u0433\u0435\u043b\u044c 50g | Valika","description":"Tugevam pol\u00fcmeerideahel tagab geeli parema haarduvuse k\u00fc\u00fcnepinnaga.\u00dchefaasilise keskmise paksusega Ice geeli on v\u00e4ga mugav k\u00fc\u00fcnele kanda ja seda kasutatakse terve k\u00fc\u00fcne \u00fclesehitamiseks. Vajab alla primerit v\u00f5i bonderit (erinevusest palun lugege praimeri kirjelduses).","robots":{"index":"index","follow":"follow","max-snippet":"max-snippet:-1","max-image-preview":"max-image-preview:large","max-video-preview":"max-video-preview:-1"},"canonical":"https:\/\/valika.eu\/ru\/toode\/cover-light-ehitusgeel-50g\/","og_locale":"ru_RU","og_type":"article","og_title":"Cover Light \u041a\u0430\u043c\u0443\u0444\u043b\u044f\u0436\u043d\u044b\u0439 \u0441\u0442\u0440\u043e\u0438\u0442\u0435\u043b\u044c\u043d\u044b\u0439 \u0433\u0435\u043b\u044c 50g | Valika","og_description":"Tugevam pol\u00fcmeerideahel tagab geeli parema haarduvuse k\u00fc\u00fcnepinnaga.\u00dchefaasilise keskmise paksusega Ice geeli on v\u00e4ga mugav k\u00fc\u00fcnele kanda ja seda kasutatakse terve k\u00fc\u00fcne \u00fclesehitamiseks. Vajab alla primerit v\u00f5i bonderit (erinevusest palun lugege praimeri kirjelduses).","og_url":"https:\/\/valika.eu\/ru\/toode\/cover-light-ehitusgeel-50g\/","og_site_name":"Valika","article_publisher":"https:\/\/www.facebook.com\/tipsi.net","article_modified_time":"2026-04-01T12:45:09+00:00","og_image":[{"width":1179,"height":2096,"url":"https:\/\/valika.eu\/wp-content\/uploads\/2025\/11\/D5A3FDA4-CDFE-4E7E-88C6-DA3963BB3115.jpg","type":"image\/jpeg"}],"twitter_card":"summary_large_image","schema":{"@context":"https:\/\/schema.org","@graph":[{"@type":"WebPage","@id":"https:\/\/valika.eu\/ru\/toode\/cover-light-ehitusgeel-50g\/","url":"https:\/\/valika.eu\/ru\/toode\/cover-light-ehitusgeel-50g\/","name":"Cover Light \u041a\u0430\u043c\u0443\u0444\u043b\u044f\u0436\u043d\u044b\u0439 \u0441\u0442\u0440\u043e\u0438\u0442\u0435\u043b\u044c\u043d\u044b\u0439 \u0433\u0435\u043b\u044c 50g | Valika","isPartOf":{"@id":"https:\/\/valika.eu\/ru\/#website"},"primaryImageOfPage":{"@id":"https:\/\/valika.eu\/ru\/toode\/cover-light-ehitusgeel-50g\/#primaryimage"},"image":{"@id":"https:\/\/valika.eu\/toode\/cover-light-ehitusgeel-50g\/#primaryimage"},"thumbnailUrl":"https:\/\/valika.eu\/wp-content\/uploads\/2025\/11\/D5A3FDA4-CDFE-4E7E-88C6-DA3963BB3115.jpg","datePublished":"2025-11-21T08:44:39+00:00","dateModified":"2026-04-01T12:45:09+00:00","description":"Tugevam pol\u00fcmeerideahel tagab geeli parema haarduvuse k\u00fc\u00fcnepinnaga.\u00dchefaasilise keskmise paksusega Ice geeli on v\u00e4ga mugav k\u00fc\u00fcnele kanda ja seda kasutatakse terve k\u00fc\u00fcne \u00fclesehitamiseks. Vajab alla primerit v\u00f5i bonderit (erinevusest palun lugege praimeri kirjelduses).","breadcrumb":{"@id":"https:\/\/valika.eu\/ru\/toode\/cover-light-ehitusgeel-50g\/#breadcrumb"},"inLanguage":"ru-RU","potentialAction":[{"@type":"ReadAction","target":[["https:\/\/valika.eu\/ru\/toode\/cover-light-ehitusgeel-50g\/"]]}]},{"@type":"ImageObject","inLanguage":"ru-RU","@id":"https:\/\/valika.eu\/ru\/toode\/cover-light-ehitusgeel-50g\/#primaryimage","url":"https:\/\/valika.eu\/wp-content\/uploads\/2025\/11\/D5A3FDA4-CDFE-4E7E-88C6-DA3963BB3115.jpg","contentUrl":"https:\/\/valika.eu\/wp-content\/uploads\/2025\/11\/D5A3FDA4-CDFE-4E7E-88C6-DA3963BB3115.jpg","width":1179,"height":2096},{"@type":"BreadcrumbList","@id":"https:\/\/valika.eu\/ru\/toode\/cover-light-ehitusgeel-50g\/#breadcrumb","itemListElement":[{"@type":"ListItem","position":1,"name":"Koti","item":"https:\/\/valika.eu\/ru\/"},{"@type":"ListItem","position":2,"name":"Shop","item":"https:\/\/valika.eu\/ru\/"},{"@type":"ListItem","position":3,"name":"Cover Light Camouflage building gel 50g"}]},{"@type":"WebSite","@id":"https:\/\/valika.eu\/ru\/#website","url":"https:\/\/valika.eu\/ru\/","name":"Valika.eu","description":"\u0421\u0430\u043b\u043e\u043d\u043d\u0430\u044f \u043f\u0440\u043e\u0434\u0443\u043a\u0446\u0438\u044f \u0438 \u0442\u043e\u0432\u0430\u0440\u044b \u0434\u043b\u044f \u043a\u0440\u0430\u0441\u043e\u0442\u044b - Valika \u043f\u0440\u0435\u0434\u043b\u0430\u0433\u0430\u0435\u0442 \u0448\u0438\u0440\u043e\u043a\u0438\u0439 \u0430\u0441\u0441\u043e\u0440\u0442\u0438\u043c\u0435\u043d\u0442 \u043f\u0440\u043e\u0434\u0443\u043a\u0446\u0438\u0438 \u0438 \u0430\u043a\u0441\u0435\u0441\u0441\u0443\u0430\u0440\u043e\u0432 \u0434\u043b\u044f \u043d\u043e\u0433\u0442\u0435\u0432\u044b\u0445 \u0442\u0435\u0445\u043d\u0438\u043a\u043e\u0432, \u0441\u0430\u043b\u043e\u043d\u043e\u0432 \u043a\u0440\u0430\u0441\u043e\u0442\u044b, \u043f\u0430\u0440\u0438\u043a\u043c\u0430\u0445\u0435\u0440\u0441\u043a\u0438\u0445","publisher":{"@id":"https:\/\/valika.eu\/ru\/#organization"},"alternateName":"Valika","potentialAction":[{"@type":"SearchAction","target":{"@type":"EntryPoint","urlTemplate":"https:\/\/valika.eu\/ru\/?s={search_term_string}"},"query-input":{"@type":"PropertyValueSpecification","valueRequired":true,"valueName":"search_term_string"}}],"inLanguage":"ru-RU"},{"@type":"Organization","@id":"https:\/\/valika.eu\/ru\/#organization","name":"Salongitoode O\u00dc","alternateName":"Valika","url":"https:\/\/valika.eu\/ru\/","logo":{"@type":"ImageObject","inLanguage":"ru-RU","@id":"https:\/\/valika.eu\/ru\/#\/schema\/logo\/image\/","url":"https:\/\/valika.eu\/wp-content\/uploads\/2023\/11\/logo2-valika-footer.png","contentUrl":"https:\/\/valika.eu\/wp-content\/uploads\/2023\/11\/logo2-valika-footer.png","width":200,"height":129,"caption":"Salongitoode O\u00dc"},"image":{"@id":"https:\/\/valika.eu\/ru\/#\/schema\/logo\/image\/"},"sameAs":["https:\/\/www.facebook.com\/tipsi.net"]}]}},"jetpack_sharing_enabled":true,"_links":{"self":[{"href":"https:\/\/valika.eu\/ru\/wp-json\/wp\/v2\/product\/17678","targetHints":{"allow":["GET"]}}],"collection":[{"href":"https:\/\/valika.eu\/ru\/wp-json\/wp\/v2\/product"}],"about":[{"href":"https:\/\/valika.eu\/ru\/wp-json\/wp\/v2\/types\/product"}],"wp:featuredmedia":[{"embeddable":true,"href":"https:\/\/valika.eu\/ru\/wp-json\/wp\/v2\/media\/17794"}],"wp:attachment":[{"href":"https:\/\/valika.eu\/ru\/wp-json\/wp\/v2\/media?parent=17678"}],"wp:term":[{"taxonomy":"product_brand","embeddable":true,"href":"https:\/\/valika.eu\/ru\/wp-json\/wp\/v2\/product_brand?post=17678"},{"taxonomy":"product_cat","embeddable":true,"href":"https:\/\/valika.eu\/ru\/wp-json\/wp\/v2\/product_cat?post=17678"},{"taxonomy":"product_tag","embeddable":true,"href":"https:\/\/valika.eu\/ru\/wp-json\/wp\/v2\/product_tag?post=17678"}],"curies":[{"name":"wp","href":"https:\/\/api.w.org\/{rel}","templated":true}]}}