{"id":17683,"date":"2025-11-21T10:47:08","date_gmt":"2025-11-21T08:47:08","guid":{"rendered":"https:\/\/valika.eu\/?post_type=product&#038;p=17683"},"modified":"2025-12-01T13:39:47","modified_gmt":"2025-12-01T11:39:47","slug":"uv-pink-ice-ehitusgeel-50g-2","status":"publish","type":"product","link":"https:\/\/valika.eu\/ru\/toode\/uv-pink-ice-ehitusgeel-50g-2\/","title":{"rendered":"UV-Pink- Ice \u0441\u0442\u0440\u043e\u0438\u0442\u0435\u043b\u044c\u043d\u044b\u0439 \u0433\u0435\u043b\u044c 50\u0433"},"content":{"rendered":"<p>\u041f\u043e\u0441\u043b\u0435 \u043f\u043e\u043b\u0438\u043c\u0435\u0440\u0438\u0437\u0430\u0446\u0438\u0438 \u0431\u0443\u0434\u0435\u0442 \u043f\u0440\u043e\u0437\u0440\u0430\u0447\u043d\u044b\u043c. \u041d\u0435 \u0436\u0433\u0435\u0442, \u043d\u0435 \u043f\u0435\u0447\u0435\u0442<\/p>\n<p>\u0421\u0440\u0435\u0434\u043d\u0435\u0439 \u0432\u044f\u0437\u043a\u043e\u0441\u0442\u0438 \u043e\u0434\u043d\u043e\u0444\u0430\u0437\u043d\u044b\u0439 \u0441\u0442\u0440\u043e\u0438\u0442\u0435\u043b\u044c\u043d\u044b\u0439 \u0433\u0435\u043b\u044c.<br \/>\n\u0412\u044b\u043a\u043b\u0430\u0434\u044b\u0432\u0430\u0435\u0442\u0441\u044f \u043d\u0430 Bonder \u0438\u043b\u0438 Primer.<br \/>\n\u041d\u0435 \u0442\u0440\u0435\u0431\u0443\u0435\u0442 \u0431\u0430\u0437\u044b \u0438\u043b\u0438 \u043f\u043e\u0434\u043b\u043e\u0436\u043a\u0438, \u043c\u043e\u0436\u0435\u0442 \u0441\u0430\u043c \u0438\u0441\u043f\u043e\u043b\u044c\u0437\u043e\u0432\u0430\u0442\u044c\u0441\u044f \u0442\u043e\u043d\u043a\u0438\u043c \u0441\u043b\u043e\u0435\u043c \u0432 \u043a\u0430\u0447\u0435\u0441\u0442\u0432\u0435 \u043f\u043e\u0434\u043b\u043e\u0436\u043a\u0438.<\/p>\n<p>\u041f\u043e\u0434\u0445\u043e\u0434\u0438\u0442 \u0434\u043b\u044f \u043d\u043e\u0432\u044b\u0445 LED \u043b\u0430\u043c\u043f \u0438 \u0434\u043b\u044f \u0441\u0442\u0430\u0440\u044b\u0445 UV \u043b\u0430\u043c\u043f. \u0412\u0440\u0435\u043c\u044f \u043f\u043e\u043b\u0438\u043c\u0435\u0440\u0438\u0437\u0430\u0446\u0438\u0438 \u043e\u0442 120-180 \u0441\u0435\u043a\u0443\u043d\u0434 \u0432 \u043b\u0430\u043c\u043f\u0430\u0445 \u0441\u0442\u0430\u0440\u043e\u0433\u043e \u0442\u0438\u043f\u0430 \u0438 ca.60 \u0441\u0435\u043a\u0443\u043d\u0434 \u0432 \u0433\u0438\u0431\u0440\u0438\u0434\u043d\u044b\u0445 LED \u043b\u0430\u043c\u043f\u0430\u0445 \u043d\u043e\u0432\u043e\u0433\u043e \u043f\u043e\u043a\u043e\u043b\u0435\u043d\u0438\u044f. \u0442\u0430\u043a\u0438\u0445 \u043a\u0430\u043a \u0432 \u0440\u0443\u0431\u0440\u0438\u043a\u0435 <a href=\"https:\/\/valika.eu\/ru\/tootekategooria\/kuuned\/seadmed\/led-uv-lambid\/\" target=\"_blank\" rel=\"noopener\"> ,,&gt;K\u00fc\u00fcnelambid SUNONE&lt;,, <\/a>LED Lambid.<\/p>","protected":false},"excerpt":{"rendered":"<p>\u041d\u0435 \u0442\u0440\u0435\u0431\u0443\u0435\u0442 \u0431\u0430\u0437\u044b \u0438\u043b\u0438 \u043f\u043e\u0434\u043b\u043e\u0436\u043a\u0438, \u043c\u043e\u0436\u0435\u0442 \u0441\u0430\u043c \u0438\u0441\u043f\u043e\u043b\u044c\u0437\u043e\u0432\u0430\u0442\u044c\u0441\u044f \u0442\u043e\u043d\u043a\u0438\u043c \u0441\u043b\u043e\u0435\u043c \u0432 \u043a\u0430\u0447\u0435\u0441\u0442\u0432\u0435 \u043f\u043e\u0434\u043b\u043e\u0436\u043a\u0438.<br \/>\n\u041d\u0435 \u0436\u0433\u0435\u0442, \u043d\u0435 \u043f\u0435\u0447\u0435\u0442<\/p>\n","protected":false},"featured_media":10392,"template":"","meta":[],"product_brand":[],"product_cat":[74],"product_tag":[],"class_list":{"0":"post-17683","1":"product","2":"type-product","3":"status-publish","4":"has-post-thumbnail","6":"product_cat-affinity","8":"first","9":"instock","10":"taxable","11":"shipping-taxable","12":"purchasable","13":"product-type-simple"},"yoast_head":"<!-- This site is optimized with the Yoast SEO plugin v24.4 - https:\/\/yoast.com\/wordpress\/plugins\/seo\/ -->\n<title>UV-Pink- Ice \u0441\u0442\u0440\u043e\u0438\u0442\u0435\u043b\u044c\u043d\u044b\u0439 \u0433\u0435\u043b\u044c 50\u0433 | Valika<\/title>\n<meta name=\"description\" content=\"Tugevam pol\u00fcmeerideahel tagab geeli parema haarduvuse k\u00fc\u00fcnepinnaga.\u00dchefaasilise keskmise paksusega Ice geeli on v\u00e4ga mugav k\u00fc\u00fcnele kanda ja seda kasutatakse terve k\u00fc\u00fcne \u00fclesehitamiseks. Vajab alla primerit v\u00f5i bonderit (erinevusest palun lugege praimeri kirjelduses).\" \/>\n<meta name=\"robots\" content=\"index, follow, max-snippet:-1, max-image-preview:large, max-video-preview:-1\" \/>\n<link rel=\"canonical\" href=\"https:\/\/valika.eu\/ru\/toode\/uv-pink-ice-ehitusgeel-50g-2\/\" \/>\n<meta property=\"og:locale\" content=\"ru_RU\" \/>\n<meta property=\"og:type\" content=\"article\" \/>\n<meta property=\"og:title\" content=\"UV-Pink- Ice \u0441\u0442\u0440\u043e\u0438\u0442\u0435\u043b\u044c\u043d\u044b\u0439 \u0433\u0435\u043b\u044c 50\u0433 | Valika\" \/>\n<meta property=\"og:description\" content=\"Tugevam pol\u00fcmeerideahel tagab geeli parema haarduvuse k\u00fc\u00fcnepinnaga.\u00dchefaasilise keskmise paksusega Ice geeli on v\u00e4ga mugav k\u00fc\u00fcnele kanda ja seda kasutatakse terve k\u00fc\u00fcne \u00fclesehitamiseks. Vajab alla primerit v\u00f5i bonderit (erinevusest palun lugege praimeri kirjelduses).\" \/>\n<meta property=\"og:url\" content=\"https:\/\/valika.eu\/ru\/toode\/uv-pink-ice-ehitusgeel-50g-2\/\" \/>\n<meta property=\"og:site_name\" content=\"Valika\" \/>\n<meta property=\"article:publisher\" content=\"https:\/\/www.facebook.com\/tipsi.net\" \/>\n<meta property=\"article:modified_time\" content=\"2025-12-01T11:39:47+00:00\" \/>\n<meta property=\"og:image\" content=\"https:\/\/valika.eu\/wp-content\/uploads\/2024\/11\/pink_50-uv.jpg\" \/>\n\t<meta property=\"og:image:width\" content=\"800\" \/>\n\t<meta property=\"og:image:height\" content=\"800\" \/>\n\t<meta property=\"og:image:type\" content=\"image\/jpeg\" \/>\n<meta name=\"twitter:card\" content=\"summary_large_image\" \/>\n<script type=\"application\/ld+json\" class=\"yoast-schema-graph\">{\"@context\":\"https:\/\/schema.org\",\"@graph\":[{\"@type\":\"WebPage\",\"@id\":\"https:\/\/valika.eu\/ru\/toode\/uv-pink-ice-ehitusgeel-50g-2\/\",\"url\":\"https:\/\/valika.eu\/ru\/toode\/uv-pink-ice-ehitusgeel-50g-2\/\",\"name\":\"UV-Pink- Ice \u0441\u0442\u0440\u043e\u0438\u0442\u0435\u043b\u044c\u043d\u044b\u0439 \u0433\u0435\u043b\u044c 50\u0433 | Valika\",\"isPartOf\":{\"@id\":\"https:\/\/valika.eu\/ru\/#website\"},\"primaryImageOfPage\":{\"@id\":\"https:\/\/valika.eu\/ru\/toode\/uv-pink-ice-ehitusgeel-50g-2\/#primaryimage\"},\"image\":{\"@id\":\"https:\/\/valika.eu\/toode\/uv-pink-ice-ehitusgeel-50g-2\/#primaryimage\"},\"thumbnailUrl\":\"https:\/\/valika.eu\/wp-content\/uploads\/2024\/11\/pink_50-uv.jpg\",\"datePublished\":\"2025-11-21T08:47:08+00:00\",\"dateModified\":\"2025-12-01T11:39:47+00:00\",\"description\":\"Tugevam pol\u00fcmeerideahel tagab geeli parema haarduvuse k\u00fc\u00fcnepinnaga.\u00dchefaasilise keskmise paksusega Ice geeli on v\u00e4ga mugav k\u00fc\u00fcnele kanda ja seda kasutatakse terve k\u00fc\u00fcne \u00fclesehitamiseks. Vajab alla primerit v\u00f5i bonderit (erinevusest palun lugege praimeri kirjelduses).\",\"breadcrumb\":{\"@id\":\"https:\/\/valika.eu\/ru\/toode\/uv-pink-ice-ehitusgeel-50g-2\/#breadcrumb\"},\"inLanguage\":\"ru-RU\",\"potentialAction\":[{\"@type\":\"ReadAction\",\"target\":[[\"https:\/\/valika.eu\/ru\/toode\/uv-pink-ice-ehitusgeel-50g-2\/\"]]}]},{\"@type\":\"ImageObject\",\"inLanguage\":\"ru-RU\",\"@id\":\"https:\/\/valika.eu\/ru\/toode\/uv-pink-ice-ehitusgeel-50g-2\/#primaryimage\",\"url\":\"https:\/\/valika.eu\/wp-content\/uploads\/2024\/11\/pink_50-uv.jpg\",\"contentUrl\":\"https:\/\/valika.eu\/wp-content\/uploads\/2024\/11\/pink_50-uv.jpg\",\"width\":800,\"height\":800},{\"@type\":\"BreadcrumbList\",\"@id\":\"https:\/\/valika.eu\/ru\/toode\/uv-pink-ice-ehitusgeel-50g-2\/#breadcrumb\",\"itemListElement\":[{\"@type\":\"ListItem\",\"position\":1,\"name\":\"Koti\",\"item\":\"https:\/\/valika.eu\/ru\/\"},{\"@type\":\"ListItem\",\"position\":2,\"name\":\"Shop\",\"item\":\"https:\/\/valika.eu\/ru\/\"},{\"@type\":\"ListItem\",\"position\":3,\"name\":\"UV-Pink- Ice building gel 50g.\"}]},{\"@type\":\"WebSite\",\"@id\":\"https:\/\/valika.eu\/ru\/#website\",\"url\":\"https:\/\/valika.eu\/ru\/\",\"name\":\"Valika.eu\",\"description\":\"\u0421\u0430\u043b\u043e\u043d\u043d\u0430\u044f \u043f\u0440\u043e\u0434\u0443\u043a\u0446\u0438\u044f \u0438 \u0442\u043e\u0432\u0430\u0440\u044b \u0434\u043b\u044f \u043a\u0440\u0430\u0441\u043e\u0442\u044b - Valika \u043f\u0440\u0435\u0434\u043b\u0430\u0433\u0430\u0435\u0442 \u0448\u0438\u0440\u043e\u043a\u0438\u0439 \u0430\u0441\u0441\u043e\u0440\u0442\u0438\u043c\u0435\u043d\u0442 \u043f\u0440\u043e\u0434\u0443\u043a\u0446\u0438\u0438 \u0438 \u0430\u043a\u0441\u0435\u0441\u0441\u0443\u0430\u0440\u043e\u0432 \u0434\u043b\u044f \u043d\u043e\u0433\u0442\u0435\u0432\u044b\u0445 \u0442\u0435\u0445\u043d\u0438\u043a\u043e\u0432, \u0441\u0430\u043b\u043e\u043d\u043e\u0432 \u043a\u0440\u0430\u0441\u043e\u0442\u044b, \u043f\u0430\u0440\u0438\u043a\u043c\u0430\u0445\u0435\u0440\u0441\u043a\u0438\u0445\",\"publisher\":{\"@id\":\"https:\/\/valika.eu\/ru\/#organization\"},\"alternateName\":\"Valika\",\"potentialAction\":[{\"@type\":\"SearchAction\",\"target\":{\"@type\":\"EntryPoint\",\"urlTemplate\":\"https:\/\/valika.eu\/ru\/?s={search_term_string}\"},\"query-input\":{\"@type\":\"PropertyValueSpecification\",\"valueRequired\":true,\"valueName\":\"search_term_string\"}}],\"inLanguage\":\"ru-RU\"},{\"@type\":\"Organization\",\"@id\":\"https:\/\/valika.eu\/ru\/#organization\",\"name\":\"Salongitoode O\u00dc\",\"alternateName\":\"Valika\",\"url\":\"https:\/\/valika.eu\/ru\/\",\"logo\":{\"@type\":\"ImageObject\",\"inLanguage\":\"ru-RU\",\"@id\":\"https:\/\/valika.eu\/ru\/#\/schema\/logo\/image\/\",\"url\":\"https:\/\/valika.eu\/wp-content\/uploads\/2023\/11\/logo2-valika-footer.png\",\"contentUrl\":\"https:\/\/valika.eu\/wp-content\/uploads\/2023\/11\/logo2-valika-footer.png\",\"width\":200,\"height\":129,\"caption\":\"Salongitoode O\u00dc\"},\"image\":{\"@id\":\"https:\/\/valika.eu\/ru\/#\/schema\/logo\/image\/\"},\"sameAs\":[\"https:\/\/www.facebook.com\/tipsi.net\"]}]}<\/script>\n<!-- \/ Yoast SEO plugin. -->","yoast_head_json":{"title":"UV-Pink- Ice \u0441\u0442\u0440\u043e\u0438\u0442\u0435\u043b\u044c\u043d\u044b\u0439 \u0433\u0435\u043b\u044c 50\u0433 | Valika","description":"Tugevam pol\u00fcmeerideahel tagab geeli parema haarduvuse k\u00fc\u00fcnepinnaga.\u00dchefaasilise keskmise paksusega Ice geeli on v\u00e4ga mugav k\u00fc\u00fcnele kanda ja seda kasutatakse terve k\u00fc\u00fcne \u00fclesehitamiseks. Vajab alla primerit v\u00f5i bonderit (erinevusest palun lugege praimeri kirjelduses).","robots":{"index":"index","follow":"follow","max-snippet":"max-snippet:-1","max-image-preview":"max-image-preview:large","max-video-preview":"max-video-preview:-1"},"canonical":"https:\/\/valika.eu\/ru\/toode\/uv-pink-ice-ehitusgeel-50g-2\/","og_locale":"ru_RU","og_type":"article","og_title":"UV-Pink- Ice \u0441\u0442\u0440\u043e\u0438\u0442\u0435\u043b\u044c\u043d\u044b\u0439 \u0433\u0435\u043b\u044c 50\u0433 | Valika","og_description":"Tugevam pol\u00fcmeerideahel tagab geeli parema haarduvuse k\u00fc\u00fcnepinnaga.\u00dchefaasilise keskmise paksusega Ice geeli on v\u00e4ga mugav k\u00fc\u00fcnele kanda ja seda kasutatakse terve k\u00fc\u00fcne \u00fclesehitamiseks. Vajab alla primerit v\u00f5i bonderit (erinevusest palun lugege praimeri kirjelduses).","og_url":"https:\/\/valika.eu\/ru\/toode\/uv-pink-ice-ehitusgeel-50g-2\/","og_site_name":"Valika","article_publisher":"https:\/\/www.facebook.com\/tipsi.net","article_modified_time":"2025-12-01T11:39:47+00:00","og_image":[{"width":800,"height":800,"url":"https:\/\/valika.eu\/wp-content\/uploads\/2024\/11\/pink_50-uv.jpg","type":"image\/jpeg"}],"twitter_card":"summary_large_image","schema":{"@context":"https:\/\/schema.org","@graph":[{"@type":"WebPage","@id":"https:\/\/valika.eu\/ru\/toode\/uv-pink-ice-ehitusgeel-50g-2\/","url":"https:\/\/valika.eu\/ru\/toode\/uv-pink-ice-ehitusgeel-50g-2\/","name":"UV-Pink- Ice \u0441\u0442\u0440\u043e\u0438\u0442\u0435\u043b\u044c\u043d\u044b\u0439 \u0433\u0435\u043b\u044c 50\u0433 | Valika","isPartOf":{"@id":"https:\/\/valika.eu\/ru\/#website"},"primaryImageOfPage":{"@id":"https:\/\/valika.eu\/ru\/toode\/uv-pink-ice-ehitusgeel-50g-2\/#primaryimage"},"image":{"@id":"https:\/\/valika.eu\/toode\/uv-pink-ice-ehitusgeel-50g-2\/#primaryimage"},"thumbnailUrl":"https:\/\/valika.eu\/wp-content\/uploads\/2024\/11\/pink_50-uv.jpg","datePublished":"2025-11-21T08:47:08+00:00","dateModified":"2025-12-01T11:39:47+00:00","description":"Tugevam pol\u00fcmeerideahel tagab geeli parema haarduvuse k\u00fc\u00fcnepinnaga.\u00dchefaasilise keskmise paksusega Ice geeli on v\u00e4ga mugav k\u00fc\u00fcnele kanda ja seda kasutatakse terve k\u00fc\u00fcne \u00fclesehitamiseks. Vajab alla primerit v\u00f5i bonderit (erinevusest palun lugege praimeri kirjelduses).","breadcrumb":{"@id":"https:\/\/valika.eu\/ru\/toode\/uv-pink-ice-ehitusgeel-50g-2\/#breadcrumb"},"inLanguage":"ru-RU","potentialAction":[{"@type":"ReadAction","target":[["https:\/\/valika.eu\/ru\/toode\/uv-pink-ice-ehitusgeel-50g-2\/"]]}]},{"@type":"ImageObject","inLanguage":"ru-RU","@id":"https:\/\/valika.eu\/ru\/toode\/uv-pink-ice-ehitusgeel-50g-2\/#primaryimage","url":"https:\/\/valika.eu\/wp-content\/uploads\/2024\/11\/pink_50-uv.jpg","contentUrl":"https:\/\/valika.eu\/wp-content\/uploads\/2024\/11\/pink_50-uv.jpg","width":800,"height":800},{"@type":"BreadcrumbList","@id":"https:\/\/valika.eu\/ru\/toode\/uv-pink-ice-ehitusgeel-50g-2\/#breadcrumb","itemListElement":[{"@type":"ListItem","position":1,"name":"Koti","item":"https:\/\/valika.eu\/ru\/"},{"@type":"ListItem","position":2,"name":"Shop","item":"https:\/\/valika.eu\/ru\/"},{"@type":"ListItem","position":3,"name":"UV-Pink- Ice building gel 50g."}]},{"@type":"WebSite","@id":"https:\/\/valika.eu\/ru\/#website","url":"https:\/\/valika.eu\/ru\/","name":"Valika.eu","description":"\u0421\u0430\u043b\u043e\u043d\u043d\u0430\u044f \u043f\u0440\u043e\u0434\u0443\u043a\u0446\u0438\u044f \u0438 \u0442\u043e\u0432\u0430\u0440\u044b \u0434\u043b\u044f \u043a\u0440\u0430\u0441\u043e\u0442\u044b - Valika \u043f\u0440\u0435\u0434\u043b\u0430\u0433\u0430\u0435\u0442 \u0448\u0438\u0440\u043e\u043a\u0438\u0439 \u0430\u0441\u0441\u043e\u0440\u0442\u0438\u043c\u0435\u043d\u0442 \u043f\u0440\u043e\u0434\u0443\u043a\u0446\u0438\u0438 \u0438 \u0430\u043a\u0441\u0435\u0441\u0441\u0443\u0430\u0440\u043e\u0432 \u0434\u043b\u044f \u043d\u043e\u0433\u0442\u0435\u0432\u044b\u0445 \u0442\u0435\u0445\u043d\u0438\u043a\u043e\u0432, \u0441\u0430\u043b\u043e\u043d\u043e\u0432 \u043a\u0440\u0430\u0441\u043e\u0442\u044b, \u043f\u0430\u0440\u0438\u043a\u043c\u0430\u0445\u0435\u0440\u0441\u043a\u0438\u0445","publisher":{"@id":"https:\/\/valika.eu\/ru\/#organization"},"alternateName":"Valika","potentialAction":[{"@type":"SearchAction","target":{"@type":"EntryPoint","urlTemplate":"https:\/\/valika.eu\/ru\/?s={search_term_string}"},"query-input":{"@type":"PropertyValueSpecification","valueRequired":true,"valueName":"search_term_string"}}],"inLanguage":"ru-RU"},{"@type":"Organization","@id":"https:\/\/valika.eu\/ru\/#organization","name":"Salongitoode O\u00dc","alternateName":"Valika","url":"https:\/\/valika.eu\/ru\/","logo":{"@type":"ImageObject","inLanguage":"ru-RU","@id":"https:\/\/valika.eu\/ru\/#\/schema\/logo\/image\/","url":"https:\/\/valika.eu\/wp-content\/uploads\/2023\/11\/logo2-valika-footer.png","contentUrl":"https:\/\/valika.eu\/wp-content\/uploads\/2023\/11\/logo2-valika-footer.png","width":200,"height":129,"caption":"Salongitoode O\u00dc"},"image":{"@id":"https:\/\/valika.eu\/ru\/#\/schema\/logo\/image\/"},"sameAs":["https:\/\/www.facebook.com\/tipsi.net"]}]}},"jetpack_sharing_enabled":true,"_links":{"self":[{"href":"https:\/\/valika.eu\/ru\/wp-json\/wp\/v2\/product\/17683","targetHints":{"allow":["GET"]}}],"collection":[{"href":"https:\/\/valika.eu\/ru\/wp-json\/wp\/v2\/product"}],"about":[{"href":"https:\/\/valika.eu\/ru\/wp-json\/wp\/v2\/types\/product"}],"wp:featuredmedia":[{"embeddable":true,"href":"https:\/\/valika.eu\/ru\/wp-json\/wp\/v2\/media\/10392"}],"wp:attachment":[{"href":"https:\/\/valika.eu\/ru\/wp-json\/wp\/v2\/media?parent=17683"}],"wp:term":[{"taxonomy":"product_brand","embeddable":true,"href":"https:\/\/valika.eu\/ru\/wp-json\/wp\/v2\/product_brand?post=17683"},{"taxonomy":"product_cat","embeddable":true,"href":"https:\/\/valika.eu\/ru\/wp-json\/wp\/v2\/product_cat?post=17683"},{"taxonomy":"product_tag","embeddable":true,"href":"https:\/\/valika.eu\/ru\/wp-json\/wp\/v2\/product_tag?post=17683"}],"curies":[{"name":"wp","href":"https:\/\/api.w.org\/{rel}","templated":true}]}}