{"id":9346,"date":"2024-10-15T22:13:54","date_gmt":"2024-10-15T19:13:54","guid":{"rendered":"https:\/\/valika.eu\/?post_type=product&#038;p=9346"},"modified":"2025-07-02T05:04:43","modified_gmt":"2025-07-02T02:04:43","slug":"nitriilkindad-puudrita-power-grip-50tk","status":"publish","type":"product","link":"https:\/\/valika.eu\/ru\/toode\/nitriilkindad-puudrita-power-grip-50tk\/","title":{"rendered":"\u041f\u0435\u0440\u0447\u0430\u0442\u043a\u0438 \u043d\u0438\u0442\u0440\u0438\u043b\u043e\u0432\u044b\u0435 \u0431\u0435\u0437 \u043f\u0443\u0434\u0440\u044b Power Grip 50\u0448\u0442"},"content":{"rendered":"<p>\u041d\u0438\u0442\u0440\u0438\u043b\u043e\u0432\u044b\u0435 \u043f\u0435\u0440\u0447\u0430\u0442\u043a\u0438 \u0431\u0435\u0437 \u043f\u0443\u0434\u0440\u044b Power Grip. \u041f\u0435\u0440\u0447\u0430\u0442\u043a\u0438 \u0438\u043c\u0435\u044e\u0442 \u0441\u0442\u0440\u0443\u043a\u0442\u0443\u0440\u0438\u0440\u043e\u0432\u0430\u043d\u043d\u0443\u044e \u043b\u0430\u0434\u043e\u043d\u044c \u0438 \u0442\u044b\u043b\u044c\u043d\u0443\u044e \u0441\u0442\u043e\u0440\u043e\u043d\u0443 \u0440\u0443\u043a\u0438, \u0442.\u0435. \u041f\u0435\u0440\u0447\u0430\u0442\u043a\u0438 \u0434\u0432\u0443\u0441\u0442\u043e\u0440\u043e\u043d\u043d\u0438\u0435, \u043a\u0430\u0436\u0434\u0443\u044e \u043f\u0435\u0440\u0447\u0430\u0442\u043a\u0443 \u043c\u043e\u0436\u043d\u043e \u043d\u043e\u0441\u0438\u0442\u044c \u043d\u0430 \u043b\u044e\u0431\u043e\u0439 \u0440\u0443\u043a\u0435. \u0421\u0442\u0440\u0443\u043a\u0442\u0443\u0440\u0438\u0440\u043e\u0432\u0430\u043d\u043d\u0430\u044f \u043f\u043e\u0432\u0435\u0440\u0445\u043d\u043e\u0441\u0442\u044c \u043e\u0431\u0435\u0441\u043f\u0435\u0447\u0438\u0432\u0430\u0435\u0442 \u043b\u0443\u0447\u0448\u0435\u0435 \u0441\u0446\u0435\u043f\u043b\u0435\u043d\u0438\u0435 \u043a\u0430\u043a \u0432 \u0441\u0443\u0445\u0438\u0445, \u0442\u0430\u043a \u0438 \u0432\u043e \u0432\u043b\u0430\u0436\u043d\u044b\u0445 \u0443\u0441\u043b\u043e\u0432\u0438\u044f\u0445. \u0423\u0441\u0442\u043e\u0439\u0447\u0438\u0432 \u043a \u043c\u0430\u0441\u043b\u0430\u043c \u0438 \u0436\u0438\u0440\u0430\u043c. \u041f\u0435\u0440\u0447\u0430\u0442\u043a\u0438 \u043f\u0440\u043e\u0447\u043d\u044b\u0435, \u044d\u043b\u0430\u0441\u0442\u0438\u0447\u043d\u044b\u0435 \u0438 \u043d\u0435 \u0432\u044b\u0437\u044b\u0432\u0430\u044e\u0442 \u0430\u043b\u043b\u0435\u0440\u0433\u0438\u0438. \u0420\u0435\u0437\u0438\u043d\u043e\u0432\u044b\u0435 \u043f\u0435\u0440\u0447\u0430\u0442\u043a\u0438 \u043f\u043e\u0434\u0445\u043e\u0434\u044f\u0442 \u0434\u043b\u044f \u0438\u0441\u043f\u043e\u043b\u044c\u0437\u043e\u0432\u0430\u043d\u0438\u044f \u0432 \u043f\u0438\u0449\u0435\u0432\u043e\u0439 \u0438 \u043c\u0435\u0445\u0430\u043d\u0438\u0447\u0435\u0441\u043a\u043e\u0439 \u043f\u0440\u043e\u043c\u044b\u0448\u043b\u0435\u043d\u043d\u043e\u0441\u0442\u0438. \u0414\u043b\u0438\u043d\u0430 \u043f\u0435\u0440\u0447\u0430\u0442\u043a\u0438 24\u0441\u043c. \u0412 \u0443\u043f\u0430\u043a\u043e\u0432\u043a\u0435 50 \u043f\u0435\u0440\u0447\u0430\u0442\u043e\u043a, \u0432 \u043a\u043e\u0440\u043e\u0431\u043a\u0435 10 \u0443\u043f\u0430\u043a\u043e\u0432\u043e\u043a.<\/p>\n<p>\u0421\u0435\u0440\u0442\u0438\u0444\u0438\u043a\u0430\u0442\u044b:<br \/>\nEN 374-5:2016 \u0438 EN 374-1:2016.<br \/>\n\u042d\u041d 420<br \/>\n\u0417\u043d\u0430\u043a CE<br \/>\n\u041a\u0410\u0422 III<br \/>\n\u0421\u0435\u0440\u0442\u0438\u0444\u0438\u043a\u0430\u0442 \u043f\u0438\u0449\u0435\u0432\u043e\u0439 \u0431\u0435\u0437\u043e\u043f\u0430\u0441\u043d\u043e\u0441\u0442\u0438<\/p>\n<ul>\n<li><img loading=\"lazy\" decoding=\"async\" class=\"attachment-product-icons size-product-icons entered lazyloaded\" src=\"https:\/\/corpowear.com\/wp-content\/uploads\/2016\/09\/1010-1-50x50.jpg\" sizes=\"auto, (max-width: 50px) 100vw, 50px\" srcset=\"https:\/\/corpowear.com\/wp-content\/uploads\/2016\/09\/1010-1-50x50.jpg 50w, https:\/\/corpowear.com\/wp-content\/uploads\/2016\/09\/1010-1-120x120.jpg 120w, https:\/\/corpowear.com\/wp-content\/uploads\/2016\/09\/1010-1-100x100.jpg 100w, https:\/\/corpowear.com\/wp-content\/uploads\/2016\/09\/1010-1.jpg 241w\" alt=\"\" width=\"50\" height=\"50\" data-lazy-srcset=\"https:\/\/corpowear.com\/wp-content\/uploads\/2016\/09\/1010-1-50x50.jpg 50w, https:\/\/corpowear.com\/wp-content\/uploads\/2016\/09\/1010-1-120x120.jpg 120w, https:\/\/corpowear.com\/wp-content\/uploads\/2016\/09\/1010-1-100x100.jpg 100w, https:\/\/corpowear.com\/wp-content\/uploads\/2016\/09\/1010-1.jpg 241w\" data-lazy-sizes=\"(max-width: 50px) 100vw, 50px\" data-lazy-src=\"https:\/\/corpowear.com\/wp-content\/uploads\/2016\/09\/1010-1-50x50.jpg\" data-ll-status=\"loaded\" \/><\/li>\n<li><img loading=\"lazy\" decoding=\"async\" class=\"attachment-product-icons size-product-icons entered lazyloaded\" src=\"https:\/\/corpowear.com\/wp-content\/uploads\/2019\/06\/0490-50x50.jpg\" sizes=\"auto, (max-width: 50px) 100vw, 50px\" srcset=\"https:\/\/corpowear.com\/wp-content\/uploads\/2019\/06\/0490-50x50.jpg 50w, https:\/\/corpowear.com\/wp-content\/uploads\/2019\/06\/0490-120x120.jpg 120w, https:\/\/corpowear.com\/wp-content\/uploads\/2019\/06\/0490-100x100.jpg 100w, https:\/\/corpowear.com\/wp-content\/uploads\/2019\/06\/0490.jpg 241w\" alt=\"\" width=\"50\" height=\"50\" data-lazy-srcset=\"https:\/\/corpowear.com\/wp-content\/uploads\/2019\/06\/0490-50x50.jpg 50w, https:\/\/corpowear.com\/wp-content\/uploads\/2019\/06\/0490-120x120.jpg 120w, https:\/\/corpowear.com\/wp-content\/uploads\/2019\/06\/0490-100x100.jpg 100w, https:\/\/corpowear.com\/wp-content\/uploads\/2019\/06\/0490.jpg 241w\" data-lazy-sizes=\"(max-width: 50px) 100vw, 50px\" data-lazy-src=\"https:\/\/corpowear.com\/wp-content\/uploads\/2019\/06\/0490-50x50.jpg\" data-ll-status=\"loaded\" \/><\/li>\n<li><img loading=\"lazy\" decoding=\"async\" class=\"attachment-product-icons size-product-icons entered lazyloaded\" src=\"https:\/\/corpowear.com\/wp-content\/uploads\/2019\/04\/0160-50x50.jpg\" sizes=\"auto, (max-width: 50px) 100vw, 50px\" srcset=\"https:\/\/corpowear.com\/wp-content\/uploads\/2019\/04\/0160-50x50.jpg 50w, https:\/\/corpowear.com\/wp-content\/uploads\/2019\/04\/0160-120x120.jpg 120w, https:\/\/corpowear.com\/wp-content\/uploads\/2019\/04\/0160-100x100.jpg 100w, https:\/\/corpowear.com\/wp-content\/uploads\/2019\/04\/0160.jpg 241w\" alt=\"\" width=\"50\" height=\"50\" data-lazy-srcset=\"https:\/\/corpowear.com\/wp-content\/uploads\/2019\/04\/0160-50x50.jpg 50w, https:\/\/corpowear.com\/wp-content\/uploads\/2019\/04\/0160-120x120.jpg 120w, https:\/\/corpowear.com\/wp-content\/uploads\/2019\/04\/0160-100x100.jpg 100w, https:\/\/corpowear.com\/wp-content\/uploads\/2019\/04\/0160.jpg 241w\" data-lazy-sizes=\"(max-width: 50px) 100vw, 50px\" data-lazy-src=\"https:\/\/corpowear.com\/wp-content\/uploads\/2019\/04\/0160-50x50.jpg\" data-ll-status=\"loaded\" \/><\/li>\n<\/ul>\n<p><\/p>","protected":false},"excerpt":{"rendered":"<p>&#8211; \u0421\u0442\u0440\u0443\u043a\u0442\u0443\u0440\u0438\u0440\u043e\u0432\u0430\u043d\u043d\u044b\u0435 \u043a\u043e\u043d\u0447\u0438\u043a\u0438 \u043f\u0430\u043b\u044c\u0446\u0435\u0432 \u0438 \u043b\u0430\u0434\u043e\u043d\u0438<br \/>\n-\u041f\u043e\u0434\u0445\u043e\u0434\u0438\u0442 \u0434\u043b\u044f \u0438\u0441\u043f\u043e\u043b\u044c\u0437\u043e\u0432\u0430\u043d\u0438\u044f \u0432 \u043f\u0438\u0449\u0435\u0432\u043e\u0439 \u043f\u0440\u043e\u043c\u044b\u0448\u043b\u0435\u043d\u043d\u043e\u0441\u0442\u0438 \u0438 \u043c\u0435\u0445\u0430\u043d\u0438\u043a\u0435.<br \/>\n&#8211; \u0414\u0432\u0443\u0441\u0442\u043e\u0440\u043e\u043d\u043d\u0438\u0435 \u043f\u0435\u0440\u0447\u0430\u0442\u043a\u0438, \u043a\u0430\u0436\u0434\u0443\u044e \u043f\u0435\u0440\u0447\u0430\u0442\u043a\u0443 \u043c\u043e\u0436\u043d\u043e \u043d\u043e\u0441\u0438\u0442\u044c \u043d\u0430 \u043b\u044e\u0431\u043e\u0439 \u0440\u0443\u043a\u0435.<\/p>\n","protected":false},"featured_media":9347,"template":"","meta":[],"product_brand":[],"product_cat":[27],"product_tag":[],"class_list":{"0":"post-9346","1":"product","2":"type-product","3":"status-publish","4":"has-post-thumbnail","6":"product_cat-kindad","8":"first","9":"instock","10":"taxable","11":"shipping-taxable","12":"purchasable","13":"product-type-variable"},"yoast_head":"<!-- This site is optimized with the Yoast SEO plugin v24.4 - https:\/\/yoast.com\/wordpress\/plugins\/seo\/ -->\n<title>\u041f\u0435\u0440\u0447\u0430\u0442\u043a\u0438 \u043d\u0438\u0442\u0440\u0438\u043b\u043e\u0432\u044b\u0435 \u0431\u0435\u0437 \u043f\u0443\u0434\u0440\u044b Power Grip 50\u0448\u0442 | Valika<\/title>\n<meta name=\"description\" content=\"- Strukturoidut sormenp\u00e4\u00e4t ja k\u00e4mmenet- Soveltuu k\u00e4ytett\u00e4v\u00e4ksi elintarviketeollisuudessa ja mekaniikassa-Kaksipuoliset k\u00e4sineet, jokaista k\u00e4sinett\u00e4 voidaan k\u00e4ytt\u00e4\u00e4 molemmin k\u00e4sin\" \/>\n<meta name=\"robots\" content=\"index, follow, max-snippet:-1, max-image-preview:large, max-video-preview:-1\" \/>\n<link rel=\"canonical\" href=\"https:\/\/valika.eu\/ru\/toode\/nitriilkindad-puudrita-power-grip-50tk\/\" \/>\n<meta property=\"og:locale\" content=\"ru_RU\" \/>\n<meta property=\"og:type\" content=\"article\" \/>\n<meta property=\"og:title\" content=\"\u041f\u0435\u0440\u0447\u0430\u0442\u043a\u0438 \u043d\u0438\u0442\u0440\u0438\u043b\u043e\u0432\u044b\u0435 \u0431\u0435\u0437 \u043f\u0443\u0434\u0440\u044b Power Grip 50\u0448\u0442 | Valika\" \/>\n<meta property=\"og:description\" content=\"- Strukturoidut sormenp\u00e4\u00e4t ja k\u00e4mmenet- Soveltuu k\u00e4ytett\u00e4v\u00e4ksi elintarviketeollisuudessa ja mekaniikassa-Kaksipuoliset k\u00e4sineet, jokaista k\u00e4sinett\u00e4 voidaan k\u00e4ytt\u00e4\u00e4 molemmin k\u00e4sin\" \/>\n<meta property=\"og:url\" content=\"https:\/\/valika.eu\/ru\/toode\/nitriilkindad-puudrita-power-grip-50tk\/\" \/>\n<meta property=\"og:site_name\" content=\"Valika\" \/>\n<meta property=\"article:publisher\" content=\"https:\/\/www.facebook.com\/tipsi.net\" \/>\n<meta property=\"article:modified_time\" content=\"2025-07-02T02:04:43+00:00\" \/>\n<meta property=\"og:image\" content=\"https:\/\/valika.eu\/wp-content\/uploads\/2024\/10\/270815-3-power-grip-1.webp\" \/>\n\t<meta property=\"og:image:width\" content=\"1000\" \/>\n\t<meta property=\"og:image:height\" content=\"1000\" \/>\n\t<meta property=\"og:image:type\" content=\"image\/webp\" \/>\n<meta name=\"twitter:card\" content=\"summary_large_image\" \/>\n<script type=\"application\/ld+json\" class=\"yoast-schema-graph\">{\"@context\":\"https:\/\/schema.org\",\"@graph\":[{\"@type\":\"WebPage\",\"@id\":\"https:\/\/valika.eu\/ru\/toode\/nitriilkindad-puudrita-power-grip-50tk\/\",\"url\":\"https:\/\/valika.eu\/ru\/toode\/nitriilkindad-puudrita-power-grip-50tk\/\",\"name\":\"\u041f\u0435\u0440\u0447\u0430\u0442\u043a\u0438 \u043d\u0438\u0442\u0440\u0438\u043b\u043e\u0432\u044b\u0435 \u0431\u0435\u0437 \u043f\u0443\u0434\u0440\u044b Power Grip 50\u0448\u0442 | Valika\",\"isPartOf\":{\"@id\":\"https:\/\/valika.eu\/ru\/#website\"},\"primaryImageOfPage\":{\"@id\":\"https:\/\/valika.eu\/ru\/toode\/nitriilkindad-puudrita-power-grip-50tk\/#primaryimage\"},\"image\":{\"@id\":\"https:\/\/valika.eu\/toode\/nitriilkindad-puudrita-power-grip-50tk\/#primaryimage\"},\"thumbnailUrl\":\"https:\/\/valika.eu\/wp-content\/uploads\/2024\/10\/270815-3-power-grip-1.webp\",\"datePublished\":\"2024-10-15T19:13:54+00:00\",\"dateModified\":\"2025-07-02T02:04:43+00:00\",\"description\":\"- Strukturoidut sormenp\u00e4\u00e4t ja k\u00e4mmenet- Soveltuu k\u00e4ytett\u00e4v\u00e4ksi elintarviketeollisuudessa ja mekaniikassa-Kaksipuoliset k\u00e4sineet, jokaista k\u00e4sinett\u00e4 voidaan k\u00e4ytt\u00e4\u00e4 molemmin k\u00e4sin\",\"breadcrumb\":{\"@id\":\"https:\/\/valika.eu\/ru\/toode\/nitriilkindad-puudrita-power-grip-50tk\/#breadcrumb\"},\"inLanguage\":\"ru-RU\",\"potentialAction\":[{\"@type\":\"ReadAction\",\"target\":[[\"https:\/\/valika.eu\/ru\/toode\/nitriilkindad-puudrita-power-grip-50tk\/\"]]}]},{\"@type\":\"ImageObject\",\"inLanguage\":\"ru-RU\",\"@id\":\"https:\/\/valika.eu\/ru\/toode\/nitriilkindad-puudrita-power-grip-50tk\/#primaryimage\",\"url\":\"https:\/\/valika.eu\/wp-content\/uploads\/2024\/10\/270815-3-power-grip-1.webp\",\"contentUrl\":\"https:\/\/valika.eu\/wp-content\/uploads\/2024\/10\/270815-3-power-grip-1.webp\",\"width\":1000,\"height\":1000},{\"@type\":\"BreadcrumbList\",\"@id\":\"https:\/\/valika.eu\/ru\/toode\/nitriilkindad-puudrita-power-grip-50tk\/#breadcrumb\",\"itemListElement\":[{\"@type\":\"ListItem\",\"position\":1,\"name\":\"Koti\",\"item\":\"https:\/\/valika.eu\/ru\/\"},{\"@type\":\"ListItem\",\"position\":2,\"name\":\"Shop\",\"item\":\"https:\/\/valika.eu\/ru\/\"},{\"@type\":\"ListItem\",\"position\":3,\"name\":\"Nitrile gloves powder-free Power Grip 50pcs\"}]},{\"@type\":\"WebSite\",\"@id\":\"https:\/\/valika.eu\/ru\/#website\",\"url\":\"https:\/\/valika.eu\/ru\/\",\"name\":\"Valika.eu\",\"description\":\"\u0421\u0430\u043b\u043e\u043d\u043d\u0430\u044f \u043f\u0440\u043e\u0434\u0443\u043a\u0446\u0438\u044f \u0438 \u0442\u043e\u0432\u0430\u0440\u044b \u0434\u043b\u044f \u043a\u0440\u0430\u0441\u043e\u0442\u044b - Valika \u043f\u0440\u0435\u0434\u043b\u0430\u0433\u0430\u0435\u0442 \u0448\u0438\u0440\u043e\u043a\u0438\u0439 \u0430\u0441\u0441\u043e\u0440\u0442\u0438\u043c\u0435\u043d\u0442 \u043f\u0440\u043e\u0434\u0443\u043a\u0446\u0438\u0438 \u0438 \u0430\u043a\u0441\u0435\u0441\u0441\u0443\u0430\u0440\u043e\u0432 \u0434\u043b\u044f \u043d\u043e\u0433\u0442\u0435\u0432\u044b\u0445 \u0442\u0435\u0445\u043d\u0438\u043a\u043e\u0432, \u0441\u0430\u043b\u043e\u043d\u043e\u0432 \u043a\u0440\u0430\u0441\u043e\u0442\u044b, \u043f\u0430\u0440\u0438\u043a\u043c\u0430\u0445\u0435\u0440\u0441\u043a\u0438\u0445\",\"publisher\":{\"@id\":\"https:\/\/valika.eu\/ru\/#organization\"},\"alternateName\":\"Valika\",\"potentialAction\":[{\"@type\":\"SearchAction\",\"target\":{\"@type\":\"EntryPoint\",\"urlTemplate\":\"https:\/\/valika.eu\/ru\/?s={search_term_string}\"},\"query-input\":{\"@type\":\"PropertyValueSpecification\",\"valueRequired\":true,\"valueName\":\"search_term_string\"}}],\"inLanguage\":\"ru-RU\"},{\"@type\":\"Organization\",\"@id\":\"https:\/\/valika.eu\/ru\/#organization\",\"name\":\"Salongitoode O\u00dc\",\"alternateName\":\"Valika\",\"url\":\"https:\/\/valika.eu\/ru\/\",\"logo\":{\"@type\":\"ImageObject\",\"inLanguage\":\"ru-RU\",\"@id\":\"https:\/\/valika.eu\/ru\/#\/schema\/logo\/image\/\",\"url\":\"https:\/\/valika.eu\/wp-content\/uploads\/2023\/11\/logo2-valika-footer.png\",\"contentUrl\":\"https:\/\/valika.eu\/wp-content\/uploads\/2023\/11\/logo2-valika-footer.png\",\"width\":200,\"height\":129,\"caption\":\"Salongitoode O\u00dc\"},\"image\":{\"@id\":\"https:\/\/valika.eu\/ru\/#\/schema\/logo\/image\/\"},\"sameAs\":[\"https:\/\/www.facebook.com\/tipsi.net\"]}]}<\/script>\n<!-- \/ Yoast SEO plugin. -->","yoast_head_json":{"title":"\u041f\u0435\u0440\u0447\u0430\u0442\u043a\u0438 \u043d\u0438\u0442\u0440\u0438\u043b\u043e\u0432\u044b\u0435 \u0431\u0435\u0437 \u043f\u0443\u0434\u0440\u044b Power Grip 50\u0448\u0442 | Valika","description":"- Strukturoidut sormenp\u00e4\u00e4t ja k\u00e4mmenet- Soveltuu k\u00e4ytett\u00e4v\u00e4ksi elintarviketeollisuudessa ja mekaniikassa-Kaksipuoliset k\u00e4sineet, jokaista k\u00e4sinett\u00e4 voidaan k\u00e4ytt\u00e4\u00e4 molemmin k\u00e4sin","robots":{"index":"index","follow":"follow","max-snippet":"max-snippet:-1","max-image-preview":"max-image-preview:large","max-video-preview":"max-video-preview:-1"},"canonical":"https:\/\/valika.eu\/ru\/toode\/nitriilkindad-puudrita-power-grip-50tk\/","og_locale":"ru_RU","og_type":"article","og_title":"\u041f\u0435\u0440\u0447\u0430\u0442\u043a\u0438 \u043d\u0438\u0442\u0440\u0438\u043b\u043e\u0432\u044b\u0435 \u0431\u0435\u0437 \u043f\u0443\u0434\u0440\u044b Power Grip 50\u0448\u0442 | Valika","og_description":"- Strukturoidut sormenp\u00e4\u00e4t ja k\u00e4mmenet- Soveltuu k\u00e4ytett\u00e4v\u00e4ksi elintarviketeollisuudessa ja mekaniikassa-Kaksipuoliset k\u00e4sineet, jokaista k\u00e4sinett\u00e4 voidaan k\u00e4ytt\u00e4\u00e4 molemmin k\u00e4sin","og_url":"https:\/\/valika.eu\/ru\/toode\/nitriilkindad-puudrita-power-grip-50tk\/","og_site_name":"Valika","article_publisher":"https:\/\/www.facebook.com\/tipsi.net","article_modified_time":"2025-07-02T02:04:43+00:00","og_image":[{"width":1000,"height":1000,"url":"https:\/\/valika.eu\/wp-content\/uploads\/2024\/10\/270815-3-power-grip-1.webp","type":"image\/webp"}],"twitter_card":"summary_large_image","schema":{"@context":"https:\/\/schema.org","@graph":[{"@type":"WebPage","@id":"https:\/\/valika.eu\/ru\/toode\/nitriilkindad-puudrita-power-grip-50tk\/","url":"https:\/\/valika.eu\/ru\/toode\/nitriilkindad-puudrita-power-grip-50tk\/","name":"\u041f\u0435\u0440\u0447\u0430\u0442\u043a\u0438 \u043d\u0438\u0442\u0440\u0438\u043b\u043e\u0432\u044b\u0435 \u0431\u0435\u0437 \u043f\u0443\u0434\u0440\u044b Power Grip 50\u0448\u0442 | Valika","isPartOf":{"@id":"https:\/\/valika.eu\/ru\/#website"},"primaryImageOfPage":{"@id":"https:\/\/valika.eu\/ru\/toode\/nitriilkindad-puudrita-power-grip-50tk\/#primaryimage"},"image":{"@id":"https:\/\/valika.eu\/toode\/nitriilkindad-puudrita-power-grip-50tk\/#primaryimage"},"thumbnailUrl":"https:\/\/valika.eu\/wp-content\/uploads\/2024\/10\/270815-3-power-grip-1.webp","datePublished":"2024-10-15T19:13:54+00:00","dateModified":"2025-07-02T02:04:43+00:00","description":"- Strukturoidut sormenp\u00e4\u00e4t ja k\u00e4mmenet- Soveltuu k\u00e4ytett\u00e4v\u00e4ksi elintarviketeollisuudessa ja mekaniikassa-Kaksipuoliset k\u00e4sineet, jokaista k\u00e4sinett\u00e4 voidaan k\u00e4ytt\u00e4\u00e4 molemmin k\u00e4sin","breadcrumb":{"@id":"https:\/\/valika.eu\/ru\/toode\/nitriilkindad-puudrita-power-grip-50tk\/#breadcrumb"},"inLanguage":"ru-RU","potentialAction":[{"@type":"ReadAction","target":[["https:\/\/valika.eu\/ru\/toode\/nitriilkindad-puudrita-power-grip-50tk\/"]]}]},{"@type":"ImageObject","inLanguage":"ru-RU","@id":"https:\/\/valika.eu\/ru\/toode\/nitriilkindad-puudrita-power-grip-50tk\/#primaryimage","url":"https:\/\/valika.eu\/wp-content\/uploads\/2024\/10\/270815-3-power-grip-1.webp","contentUrl":"https:\/\/valika.eu\/wp-content\/uploads\/2024\/10\/270815-3-power-grip-1.webp","width":1000,"height":1000},{"@type":"BreadcrumbList","@id":"https:\/\/valika.eu\/ru\/toode\/nitriilkindad-puudrita-power-grip-50tk\/#breadcrumb","itemListElement":[{"@type":"ListItem","position":1,"name":"Koti","item":"https:\/\/valika.eu\/ru\/"},{"@type":"ListItem","position":2,"name":"Shop","item":"https:\/\/valika.eu\/ru\/"},{"@type":"ListItem","position":3,"name":"Nitrile gloves powder-free Power Grip 50pcs"}]},{"@type":"WebSite","@id":"https:\/\/valika.eu\/ru\/#website","url":"https:\/\/valika.eu\/ru\/","name":"Valika.eu","description":"\u0421\u0430\u043b\u043e\u043d\u043d\u0430\u044f \u043f\u0440\u043e\u0434\u0443\u043a\u0446\u0438\u044f \u0438 \u0442\u043e\u0432\u0430\u0440\u044b \u0434\u043b\u044f \u043a\u0440\u0430\u0441\u043e\u0442\u044b - Valika \u043f\u0440\u0435\u0434\u043b\u0430\u0433\u0430\u0435\u0442 \u0448\u0438\u0440\u043e\u043a\u0438\u0439 \u0430\u0441\u0441\u043e\u0440\u0442\u0438\u043c\u0435\u043d\u0442 \u043f\u0440\u043e\u0434\u0443\u043a\u0446\u0438\u0438 \u0438 \u0430\u043a\u0441\u0435\u0441\u0441\u0443\u0430\u0440\u043e\u0432 \u0434\u043b\u044f \u043d\u043e\u0433\u0442\u0435\u0432\u044b\u0445 \u0442\u0435\u0445\u043d\u0438\u043a\u043e\u0432, \u0441\u0430\u043b\u043e\u043d\u043e\u0432 \u043a\u0440\u0430\u0441\u043e\u0442\u044b, \u043f\u0430\u0440\u0438\u043a\u043c\u0430\u0445\u0435\u0440\u0441\u043a\u0438\u0445","publisher":{"@id":"https:\/\/valika.eu\/ru\/#organization"},"alternateName":"Valika","potentialAction":[{"@type":"SearchAction","target":{"@type":"EntryPoint","urlTemplate":"https:\/\/valika.eu\/ru\/?s={search_term_string}"},"query-input":{"@type":"PropertyValueSpecification","valueRequired":true,"valueName":"search_term_string"}}],"inLanguage":"ru-RU"},{"@type":"Organization","@id":"https:\/\/valika.eu\/ru\/#organization","name":"Salongitoode O\u00dc","alternateName":"Valika","url":"https:\/\/valika.eu\/ru\/","logo":{"@type":"ImageObject","inLanguage":"ru-RU","@id":"https:\/\/valika.eu\/ru\/#\/schema\/logo\/image\/","url":"https:\/\/valika.eu\/wp-content\/uploads\/2023\/11\/logo2-valika-footer.png","contentUrl":"https:\/\/valika.eu\/wp-content\/uploads\/2023\/11\/logo2-valika-footer.png","width":200,"height":129,"caption":"Salongitoode O\u00dc"},"image":{"@id":"https:\/\/valika.eu\/ru\/#\/schema\/logo\/image\/"},"sameAs":["https:\/\/www.facebook.com\/tipsi.net"]}]}},"jetpack_sharing_enabled":true,"_links":{"self":[{"href":"https:\/\/valika.eu\/ru\/wp-json\/wp\/v2\/product\/9346","targetHints":{"allow":["GET"]}}],"collection":[{"href":"https:\/\/valika.eu\/ru\/wp-json\/wp\/v2\/product"}],"about":[{"href":"https:\/\/valika.eu\/ru\/wp-json\/wp\/v2\/types\/product"}],"wp:featuredmedia":[{"embeddable":true,"href":"https:\/\/valika.eu\/ru\/wp-json\/wp\/v2\/media\/9347"}],"wp:attachment":[{"href":"https:\/\/valika.eu\/ru\/wp-json\/wp\/v2\/media?parent=9346"}],"wp:term":[{"taxonomy":"product_brand","embeddable":true,"href":"https:\/\/valika.eu\/ru\/wp-json\/wp\/v2\/product_brand?post=9346"},{"taxonomy":"product_cat","embeddable":true,"href":"https:\/\/valika.eu\/ru\/wp-json\/wp\/v2\/product_cat?post=9346"},{"taxonomy":"product_tag","embeddable":true,"href":"https:\/\/valika.eu\/ru\/wp-json\/wp\/v2\/product_tag?post=9346"}],"curies":[{"name":"wp","href":"https:\/\/api.w.org\/{rel}","templated":true}]}}